{"id":2134,"date":"2019-09-18T16:18:51","date_gmt":"2019-09-18T14:18:51","guid":{"rendered":"http:\/\/pc-direkthandel.de\/wordpress\/?post_type=product&#038;p=2134"},"modified":"2019-09-18T16:21:11","modified_gmt":"2019-09-18T14:21:11","slug":"the-witcher-3-blood-and-wine-dlc","status":"publish","type":"product","link":"http:\/\/pc-direkthandel.de\/wordpress\/product\/the-witcher-3-blood-and-wine-dlc\/","title":{"rendered":"The Witcher 3 &#8211; Blood and Wine (DLC)"},"content":{"rendered":"<p>Schl\u00fcpfe in die Rolle des professionellen Monsterschl\u00e4chters Geralt von Riva, erkunde das vom Krieg unber\u00fchrte abgelegene Toussaint und l\u00fcfte das schreckliche Geheimnis um das Biest, das das K\u00f6nigreich terrorisiert. Wenn sich alle Spuren verlieren, ist nur ein Hexer in der Lage, das R\u00e4tsel zu l\u00f6sen und dem B\u00f6sen zu widerstehen, das in der Nacht lauert. Mit einem brandneuen, erforschbaren Land, neuen Charakteren und Monstern h\u00e4lt Blood and Wine \u00fcber 20 Stunden Abenteuer voll dunkler Machenschaften, unerwarteten Wendungen, Romantik und T\u00e4uschung f\u00fcr dich bereit.<\/p>\n<p><strong>Features<\/strong><\/p>\n<ul>\n<li>Begib dich auf ein \u00fcber 20-st\u00fcndiges neues Abenteuer und entdecke ein Land, das v\u00f6llig anders ist als alles, was du jemals in Wild Hunt oder Hearts of Stone gesehen hast<\/li>\n<li>Besuche neue interessante Orte und brich zu neuen Nebenquests in einem Reich auf, das dem Niemandsland oder Novigrad von der Gr\u00f6\u00dfe in Nichts nachsteht<\/li>\n<li>Lehn dich zur\u00fcck und entspanne dich auf deinem eigenen Weingut, einer echten Heimat in der Fremde<\/li>\n<li>L\u00fcfte das Geheimnis hinter den r\u00e4tselhaften Morden. Untersuche eine brutale Mordserie und entr\u00e4tsele das Muster, um zu wissen, wer als n\u00e4chstes stirbt<\/li>\n<li>Bring die schmutzigen Geheimnisse von Toussaints Hauptstadt Beauclair ans Tageslicht. Erkunde tags\u00fcber die Stadt und stelle nachts die richtigen Fragen<\/li>\n<li>Verwende neue Ausr\u00fcstung und Gegenst\u00e4nde und kombiniere sie mit deinen F\u00e4higkeiten, um Monster zu t\u00f6ten, die du nie zuvor gesehen hast<\/li>\n<li>Besuche eine M\u00e4rchenwelt, in der alles durcheinandergekommen ist, und k\u00e4mpfe gegen surreale Kreaturen, die du aus deinen Kinderb\u00fcchern kennst<\/li>\n<li>F\u00e4rbe dank einer brandneuen Spielmechanik deine Hexerr\u00fcstung ein<\/li>\n<li>Stelle dich auf einem gro\u00dfen Turnier echten Rittern und beweise deine Kampfkunst oder finde heraus, welches grausame Geheimnis hinter der L\u00f6ffel sammelnden Kreatur steckt, die als Wicht bekannt ist<\/li>\n<li>Schlie\u00dfe dich mit m\u00e4chtigen Verb\u00fcndeten zusammen und bringe das Biest zu Fall, das das K\u00f6nigreich terrorisiert, oder blende die Ereignisse aus und spiele stattdessen Gwint mit einem brandneuen Skellige-Deck<\/li>\n<\/ul>\n<p><iframe loading=\"lazy\" title=\"The Witcher 3: Wild Hunt - Blood and Wine | Teaser [GOG]\" width=\"500\" height=\"281\" src=\"https:\/\/www.youtube.com\/embed\/O72XQyQRAXQ?feature=oembed\" frameborder=\"0\" allow=\"accelerometer; autoplay; clipboard-write; encrypted-media; gyroscope; picture-in-picture; web-share\" referrerpolicy=\"strict-origin-when-cross-origin\" allowfullscreen><\/iframe><\/p>\n<p>Bei uns bekommen Sie den Serial Code Key f\u00fcr die Aktivierung des Spiels von CD Projekt innerhalb der oben angegebenen Lieferzeit direkt per Email zugesendet.<\/p>\n<p>Mit einem brandneuen, erforschbaren Land, neuen Charakteren und Monstern bietet Blood and Wine \u00fcber 20 Stunden Abenteuer!<\/p>\n<p>Ihren Key k\u00f6nnen Sie <a href=\"https:\/\/secure.gog.com\/redeem\" rel=\"nofollow\">hier<\/a> bei GOG einl\u00f6sen. Den Spiel-Client k\u00f6nnen Sie dort nach der Aktivierung herunterladen.<\/p>\n<p>Das Originalspiel The Witcher 3 (nicht in diesem Angebot enthalten) wird ben\u00f6tigt, um die Inhalte des Blood and Wine DLC verwenden bzw. spielen zu k\u00f6nnen.<\/p>\n","protected":false},"excerpt":{"rendered":"<p>Schl\u00fcpfe in die Rolle des professionellen Monsterschl\u00e4chters Geralt von Riva, erkunde das vom Krieg unber\u00fchrte abgelegene Toussaint und l\u00fcfte das schreckliche Geheimnis um das Biest, das das K\u00f6nigreich terrorisiert. Wenn sich alle Spuren verlieren, ist nur ein Hexer in der Lage, das R\u00e4tsel zu l\u00f6sen und dem B\u00f6sen zu widerstehen, das in der Nacht lauert. [&hellip;]<\/p>\n","protected":false},"featured_media":2135,"comment_status":"open","ping_status":"closed","template":"","meta":{"_acf_changed":false},"product_cat":[167],"product_tag":[],"acf":[],"jetpack_sharing_enabled":true,"_links":{"self":[{"href":"http:\/\/pc-direkthandel.de\/wordpress\/wp-json\/wp\/v2\/product\/2134"}],"collection":[{"href":"http:\/\/pc-direkthandel.de\/wordpress\/wp-json\/wp\/v2\/product"}],"about":[{"href":"http:\/\/pc-direkthandel.de\/wordpress\/wp-json\/wp\/v2\/types\/product"}],"replies":[{"embeddable":true,"href":"http:\/\/pc-direkthandel.de\/wordpress\/wp-json\/wp\/v2\/comments?post=2134"}],"wp:featuredmedia":[{"embeddable":true,"href":"http:\/\/pc-direkthandel.de\/wordpress\/wp-json\/wp\/v2\/media\/2135"}],"wp:attachment":[{"href":"http:\/\/pc-direkthandel.de\/wordpress\/wp-json\/wp\/v2\/media?parent=2134"}],"wp:term":[{"taxonomy":"product_cat","embeddable":true,"href":"http:\/\/pc-direkthandel.de\/wordpress\/wp-json\/wp\/v2\/product_cat?post=2134"},{"taxonomy":"product_tag","embeddable":true,"href":"http:\/\/pc-direkthandel.de\/wordpress\/wp-json\/wp\/v2\/product_tag?post=2134"}],"curies":[{"name":"wp","href":"https:\/\/api.w.org\/{rel}","templated":true}]}}