{"id":2126,"date":"2019-09-18T16:10:19","date_gmt":"2019-09-18T14:10:19","guid":{"rendered":"http:\/\/pc-direkthandel.de\/wordpress\/?post_type=product&#038;p=2126"},"modified":"2019-09-18T16:13:29","modified_gmt":"2019-09-18T14:13:29","slug":"cyberpunk-2077","status":"publish","type":"product","link":"http:\/\/pc-direkthandel.de\/wordpress\/product\/cyberpunk-2077\/","title":{"rendered":"Cyberpunk 2077"},"content":{"rendered":"<p>Cyberpunk 2077 ist ein Open-World-Action-Adventure, das in Night City spielt \u2013 einer Megalopolis, deren Bewohner von Macht, Glamour und K\u00f6rpermodifikationen besessen sind. Du schl\u00fcpfst in die Rolle von V, einem gesetzlosen S\u00f6ldner auf der Suche nach einem einzigartigen Implantat \u2013 dem Schl\u00fcssel zur Unsterblichkeit. Cyberware, Skillset und Spielstil deines Charakters k\u00f6nnen dabei nach Belieben angepasst werden.<\/p>\n<p><strong>Features<\/strong><\/p>\n<ul>\n<li>SPIELE ALS GESETZLOSER S\u00d6LDNER &#8211; Steige als Cyberpunk, einem Gro\u00dfstadt-S\u00f6ldner ausgestattet mit kybernetischen Verbesserungen, in den Stra\u00dfen von Night City zur Legende auf<\/li>\n<li>LEBE IN DER STADT DER ZUKUNFT &#8211; Betritt die riesige offene Welt von Night City, einem Ort, der in Sachen Grafik, Komplexit\u00e4t und Spieltiefe neue Standards setzt<\/li>\n<li>KLAUE DAS IMPLANTAT, DAS EWIGES LEBEN VERSPRICHT &#8211; \u00dcbernimm den riskantesten Job deines Lebens und begib dich auf die Jagd nach dem Schl\u00fcssel zur Unsterblichkeit<\/li>\n<\/ul>\n<p>Jetzt Cyberpunk 2077 kaufen!<\/p>\n<p>Bei uns bekommen Sie den Key f\u00fcr die Aktivierung des Spiels von CD Projekt innerhalb der angegebenen Lieferzeit direkt per Email zugesendet.<\/p>\n<p>Entdecke eine riesige Stadt, in der deine Entscheidungen alles ver\u00e4ndern werden! Cyberpunk ist das Action-RPG, auf das die Welt wartet!<\/p>\n<p>Ihren Key k\u00f6nnen Sie <a href=\"https:\/\/secure.gog.com\/redeem\" rel=\"nofollow\">hier<\/a> bei GOG einl\u00f6sen. Den Spiel-Client k\u00f6nnen Sie dort nach der Aktivierung herunterladen.<\/p>\n","protected":false},"excerpt":{"rendered":"<p>Cyberpunk 2077 ist ein Open-World-Action-Adventure, das in Night City spielt \u2013 einer Megalopolis, deren Bewohner von Macht, Glamour und K\u00f6rpermodifikationen besessen sind. Du schl\u00fcpfst in die Rolle von V, einem gesetzlosen S\u00f6ldner auf der Suche nach einem einzigartigen Implantat \u2013 dem Schl\u00fcssel zur Unsterblichkeit. Cyberware, Skillset und Spielstil deines Charakters k\u00f6nnen dabei nach Belieben angepasst [&hellip;]<\/p>\n","protected":false},"featured_media":2127,"comment_status":"open","ping_status":"closed","template":"","meta":{"_acf_changed":false},"product_cat":[167],"product_tag":[],"acf":[],"jetpack_sharing_enabled":true,"_links":{"self":[{"href":"http:\/\/pc-direkthandel.de\/wordpress\/wp-json\/wp\/v2\/product\/2126"}],"collection":[{"href":"http:\/\/pc-direkthandel.de\/wordpress\/wp-json\/wp\/v2\/product"}],"about":[{"href":"http:\/\/pc-direkthandel.de\/wordpress\/wp-json\/wp\/v2\/types\/product"}],"replies":[{"embeddable":true,"href":"http:\/\/pc-direkthandel.de\/wordpress\/wp-json\/wp\/v2\/comments?post=2126"}],"wp:featuredmedia":[{"embeddable":true,"href":"http:\/\/pc-direkthandel.de\/wordpress\/wp-json\/wp\/v2\/media\/2127"}],"wp:attachment":[{"href":"http:\/\/pc-direkthandel.de\/wordpress\/wp-json\/wp\/v2\/media?parent=2126"}],"wp:term":[{"taxonomy":"product_cat","embeddable":true,"href":"http:\/\/pc-direkthandel.de\/wordpress\/wp-json\/wp\/v2\/product_cat?post=2126"},{"taxonomy":"product_tag","embeddable":true,"href":"http:\/\/pc-direkthandel.de\/wordpress\/wp-json\/wp\/v2\/product_tag?post=2126"}],"curies":[{"name":"wp","href":"https:\/\/api.w.org\/{rel}","templated":true}]}}