{"id":2124,"date":"2019-09-18T16:05:19","date_gmt":"2019-09-18T14:05:19","guid":{"rendered":"http:\/\/pc-direkthandel.de\/wordpress\/?post_type=product&#038;p=2124"},"modified":"2019-09-18T16:07:11","modified_gmt":"2019-09-18T14:07:11","slug":"starcraft-2-heart-of-the-swarm-eu","status":"publish","type":"product","link":"http:\/\/pc-direkthandel.de\/wordpress\/product\/starcraft-2-heart-of-the-swarm-eu\/","title":{"rendered":"Starcraft 2: Heart of the Swarm (EU)"},"content":{"rendered":"<p>In StarCraft 2: Heart of the Swarm m\u00fcssen Sie Kerrigan dabei helfen, sich ihren Weg durch eine gewaltige Einzelspielerkampagne zu erk\u00e4mpfen, die Sie auf einige der gef\u00e4hrlichsten Welten im Koprulu-Sektor f\u00fchrt. Sie werden sich gerissenen Feinden, rauen Umweltbedingungen und Herausforderungen gegen\u00fcbersehen, die Ihre F\u00e4higkeiten auf dem Schlachtfeld an seine Grenzen f\u00fchren.<\/p>\n<p>Auf Tarsonis wurde Sarah Kerrigan von ihren Verb\u00fcndeten verraten und zum Sterben zur\u00fcckgelassen, von denen, denen sie am meisten vertraute. Doch sie \u00fcberlebte und wurde vom grauenerrenden Zerg Overmind verdorben. Als K\u00f6nigin der Klingen kontrollierte sie den uners\u00e4ttlichen Zergschwarm auf einem Feldzug der Rache und der Vergeltung, dessen Opfer in die Milliarden gingen. Nun, entzogen von ihrer Macht und endlich frei vom Einfluss durch die Zerg, was ist geblieben von der Frau, die einst Sarah Kerrigan war? Kann ihre menschliche Seite wieder zum Vorschein kommen&#8230; oder liegt ihr wahres Schicksal f\u00fcr immer tief verborgen im Herzen des Schwarms?<\/p>\n<p><strong>Features<\/strong><\/p>\n<ul>\n<li>Erste Erweiterung von Starcraft 2<\/li>\n<li>Kampagne mit etwa 20 neuen Missionen<\/li>\n<li>Evolution der Zerg: Gestaltet Sie Ihren Schwarm individuell, dank spezifischer Einheiten und F\u00e4higkeiten<\/li>\n<li>Verbesserte Grafik<\/li>\n<li>Neue Einheiten und Karten f\u00fcr den Mehrspieler-Modus<\/li>\n<\/ul>\n<p><iframe loading=\"lazy\" title=\"StarCraft 2 Heart of the Swarm Trailer HD - Rache\" width=\"500\" height=\"281\" src=\"https:\/\/www.youtube.com\/embed\/FQAo1kPUIPA?feature=oembed\" frameborder=\"0\" allow=\"accelerometer; autoplay; clipboard-write; encrypted-media; gyroscope; picture-in-picture; web-share\" referrerpolicy=\"strict-origin-when-cross-origin\" allowfullscreen><\/iframe><\/p>\n<p>Der <strong>Key<\/strong> f\u00fcr die Aktivierung im Battle.net wird Ihnen kurz vor Release<strong> per Email<\/strong> zugeschickt. Dieser Key ist f\u00fcr die EU-Version. Der Download des Spiel-Clients ist \u00fcber das Battlenet m\u00f6glich.<\/p>\n<p>Den Client gibt es kostenlos <a href=\"https:\/\/beta-eu.battle.net\/account\/management\/sc2\/pre-download.html?gameRegion=EU&amp;lang=de-DE&amp;platform=win\" rel=\"nofollow\"><strong>hier<\/strong><\/a>. (Battle.net Account erforderlich)<\/p>\n<p>Zum Spielen der Erweiterung Heart of the Swarm wird das Originalspiel Starcraft 2 ben\u00f6tigt.<\/p>\n","protected":false},"excerpt":{"rendered":"<p>In StarCraft 2: Heart of the Swarm m\u00fcssen Sie Kerrigan dabei helfen, sich ihren Weg durch eine gewaltige Einzelspielerkampagne zu erk\u00e4mpfen, die Sie auf einige der gef\u00e4hrlichsten Welten im Koprulu-Sektor f\u00fchrt. Sie werden sich gerissenen Feinden, rauen Umweltbedingungen und Herausforderungen gegen\u00fcbersehen, die Ihre F\u00e4higkeiten auf dem Schlachtfeld an seine Grenzen f\u00fchren. Auf Tarsonis wurde Sarah [&hellip;]<\/p>\n","protected":false},"featured_media":2125,"comment_status":"open","ping_status":"closed","template":"","meta":{"_acf_changed":false},"product_cat":[166],"product_tag":[],"acf":[],"jetpack_sharing_enabled":true,"_links":{"self":[{"href":"http:\/\/pc-direkthandel.de\/wordpress\/wp-json\/wp\/v2\/product\/2124"}],"collection":[{"href":"http:\/\/pc-direkthandel.de\/wordpress\/wp-json\/wp\/v2\/product"}],"about":[{"href":"http:\/\/pc-direkthandel.de\/wordpress\/wp-json\/wp\/v2\/types\/product"}],"replies":[{"embeddable":true,"href":"http:\/\/pc-direkthandel.de\/wordpress\/wp-json\/wp\/v2\/comments?post=2124"}],"wp:featuredmedia":[{"embeddable":true,"href":"http:\/\/pc-direkthandel.de\/wordpress\/wp-json\/wp\/v2\/media\/2125"}],"wp:attachment":[{"href":"http:\/\/pc-direkthandel.de\/wordpress\/wp-json\/wp\/v2\/media?parent=2124"}],"wp:term":[{"taxonomy":"product_cat","embeddable":true,"href":"http:\/\/pc-direkthandel.de\/wordpress\/wp-json\/wp\/v2\/product_cat?post=2124"},{"taxonomy":"product_tag","embeddable":true,"href":"http:\/\/pc-direkthandel.de\/wordpress\/wp-json\/wp\/v2\/product_tag?post=2124"}],"curies":[{"name":"wp","href":"https:\/\/api.w.org\/{rel}","templated":true}]}}