{"id":2121,"date":"2019-09-18T16:03:19","date_gmt":"2019-09-18T14:03:19","guid":{"rendered":"http:\/\/pc-direkthandel.de\/wordpress\/?post_type=product&#038;p=2121"},"modified":"2019-09-18T16:04:59","modified_gmt":"2019-09-18T14:04:59","slug":"warcraft-3-gold-edition","status":"publish","type":"product","link":"http:\/\/pc-direkthandel.de\/wordpress\/product\/warcraft-3-gold-edition\/","title":{"rendered":"Warcraft 3 (Gold Edition)"},"content":{"rendered":"<p>Der epische Kampf w\u00fctet weiter als die d\u00e4monische Brennende Legion den lange erwarteten Angriff auf die Sterblichen beginnt. Verschlagen, b\u00f6sartig und vermeintlich unaufhaltbar drohen die dunklen Schl\u00e4chter ganz Azeroth auf ihrer Suche nach der geheimnisvollen Macht auszul\u00f6schen. Wenn das Chaos regiert, ist \u00dcberleben eine Sache der richtigen Strategie&#8230;<\/p>\n<p>F\u00fchren Sie mysteri\u00f6se Nachtelfen, pestzerfressene Untote, wilde Orcs und edle Menschen in eine gnadenlose Schlacht, in der Kulturen aufeinandertreffen und unheilvolle Allianzen geschmiedet werden. Tiefe Schluchten, zerfurchte Klippen, magische Objekte und mechanische Wunder bieten ungeahnte strategische M\u00f6glichkeiten auf Ihrem Feldzug durch eine v\u00f6llig interaktive Welt.<\/p>\n<p>F\u00fchren Sie Ihre Streitkr\u00e4fte samt einzigartigen Heldeneinheiten in den Kampf, die mit jeder Schlacht nicht nur an Erfahrungspunkten, sondern auch an F\u00e4higkeiten und Zauberspr\u00fcchen reicher werden.<\/p>\n<p>St\u00fcrzen Sie sich in eine weltweite Schlacht dank der grenzenlosen Multiplayer-Unterst\u00fctzung. Das eigens ausgebaute Battle.net-Netzwerk erm\u00f6glicht gr\u00f6\u00dfere Schlachten mit noch mehr Teilnehmern und verschiedenen Spielmodi.<\/p>\n<p>Erweitern Sie Ihr Reich dank des revolution\u00e4ren WarCraft-Kampagneneditors. Entwerfen Sie eigene 3D-Karten oder ganze Feldz\u00fcge mit individuellen Skripten f\u00fcr Einheiten, Zauberspr\u00fcche und Ereignisse.<\/p>\n<p><strong><em>Warcraft 3: Frozen Throne (Addon)<\/em><\/strong><\/p>\n<p>Der Tradition vorheriger Erweiterungen von Blizzard folgend, h\u00e4lt Frozen Throne ein umfangreiches neues Kapitel aus der epischen Warcraft Saga f\u00fcr die Spieler bereit. Die Einzelspieler-Kampagne bringt den Spieler wieder in das vom Krieg gezeichnete Azeroth. Seit der Schlacht am Mount Hyjal, bei der Archimonde und die Brennende Legion zerschlagen wurden, sind mehrere Monate vergangen, aber schon durchzieht eine neue Bedrohung das ganze Land&#8230;<\/p>\n<p><strong>Inhalte der Gold Edition<\/strong><\/p>\n<ul>\n<li>Warcraft 3 (Originalspiel)<\/li>\n<li>Warcraft 3: Frozen Throne (Erweiterung)<\/li>\n<\/ul>\n","protected":false},"excerpt":{"rendered":"<p>Der epische Kampf w\u00fctet weiter als die d\u00e4monische Brennende Legion den lange erwarteten Angriff auf die Sterblichen beginnt. Verschlagen, b\u00f6sartig und vermeintlich unaufhaltbar drohen die dunklen Schl\u00e4chter ganz Azeroth auf ihrer Suche nach der geheimnisvollen Macht auszul\u00f6schen. Wenn das Chaos regiert, ist \u00dcberleben eine Sache der richtigen Strategie&#8230; F\u00fchren Sie mysteri\u00f6se Nachtelfen, pestzerfressene Untote, wilde [&hellip;]<\/p>\n","protected":false},"featured_media":2123,"comment_status":"open","ping_status":"closed","template":"","meta":{"_acf_changed":false},"product_cat":[166],"product_tag":[],"acf":[],"jetpack_sharing_enabled":true,"_links":{"self":[{"href":"http:\/\/pc-direkthandel.de\/wordpress\/wp-json\/wp\/v2\/product\/2121"}],"collection":[{"href":"http:\/\/pc-direkthandel.de\/wordpress\/wp-json\/wp\/v2\/product"}],"about":[{"href":"http:\/\/pc-direkthandel.de\/wordpress\/wp-json\/wp\/v2\/types\/product"}],"replies":[{"embeddable":true,"href":"http:\/\/pc-direkthandel.de\/wordpress\/wp-json\/wp\/v2\/comments?post=2121"}],"wp:featuredmedia":[{"embeddable":true,"href":"http:\/\/pc-direkthandel.de\/wordpress\/wp-json\/wp\/v2\/media\/2123"}],"wp:attachment":[{"href":"http:\/\/pc-direkthandel.de\/wordpress\/wp-json\/wp\/v2\/media?parent=2121"}],"wp:term":[{"taxonomy":"product_cat","embeddable":true,"href":"http:\/\/pc-direkthandel.de\/wordpress\/wp-json\/wp\/v2\/product_cat?post=2121"},{"taxonomy":"product_tag","embeddable":true,"href":"http:\/\/pc-direkthandel.de\/wordpress\/wp-json\/wp\/v2\/product_tag?post=2121"}],"curies":[{"name":"wp","href":"https:\/\/api.w.org\/{rel}","templated":true}]}}