{"id":2117,"date":"2019-09-18T15:56:49","date_gmt":"2019-09-18T13:56:49","guid":{"rendered":"http:\/\/pc-direkthandel.de\/wordpress\/?post_type=product&#038;p=2117"},"modified":"2019-09-18T16:00:24","modified_gmt":"2019-09-18T14:00:24","slug":"wow-key-inklusive-30-tage-spielzeit-eu","status":"publish","type":"product","link":"http:\/\/pc-direkthandel.de\/wordpress\/product\/wow-key-inklusive-30-tage-spielzeit-eu\/","title":{"rendered":"WoW &#8211; Key inklusive 30 Tage Spielzeit [EU]"},"content":{"rendered":"<p><strong>Erleben Sie die Welt von Orcs und Menschen in einem atemberaubenden Fantasy Online-Rollenspiel: Mit <em>World of Warcraft<\/em> setzt Blizzard seine Strategie-Hits in einem MMORPG fort, das schon jetzt alle Rekorde bricht &#8211; mehr als 250.000 Spieler meldeten sich bereits am ersten Tag nach US-Start an, \u00fcber Wochen f\u00fchrte <em>World of Warcraft<\/em> die Verkaufscharts an und entwickelte sich zum einem weltweiten Mega-Erfolg. Gr\u00f6\u00dfer, sch\u00f6ner und einsteigerfreundlicher als die Konkurrenz &#8211; lesen Sie, warum Blizzard ein weiterer Meilenstein gelungen ist!<\/strong><\/p>\n<p><strong>Bekannte Spielmechanik mit Raffinesse<\/strong><\/p>\n<div>\n<p>Wer schon einmal ein Online-Rollenspiel gespielt hat, dem wird das Spielprinzip von <em>World of Warcraft<\/em>gleich vertraut sein: Sie erstellen einen Charakter im Volk Ihrer Wahl, w\u00e4hlen Helden-Klasse und Aussehen und st\u00fcrzen sich sogleich auf einen freien Server. Durch das T\u00f6ten von Monstern oder Absolvieren von Auftr\u00e4gen sammeln Sie Erfahrungspunkte, die Ihren Charakter langsam im Level aufsteigen lassen. Dieser Effekt verselbst\u00e4ndigt sich: Je h\u00f6her der Level, desto l\u00e4ngere und h\u00e4rtere Missionen werden Sie absolvieren und st\u00e4rkere Gegner bek\u00e4mpfen: Eine Anzeige von rot bis gr\u00fcn zeigt Ihnen dabei, ob ein Widersacher auf Ihrem Niveau ist. Neben Erfahrungspunkten z\u00e4hlt auch in der Welt von Azeroth das liebe Geld: Mit einem von 12 ehrlichen Berufen von der G\u00fcterproduktion als Schneider, Ingenieur oder Zauberer bis hin zum Sammler von Rohstoffen &#8211; das Kombinieren von F\u00e4higkeiten er\u00f6ffnet Ihnen so manche Marktl\u00fccke. Sobald ein neuer Level erreicht und ausreichend Gold erspart wurde, k\u00f6nnen Sie bei einem Trainer neue oder verbesserte F\u00e4higkeiten erwerben. Talentpunkte steigern hingegen individuelle Kr\u00e4fte wie Gestaltwandlung oder Heilung. Wichtig sind diese nat\u00fcrlich im Kampf, denn Rollenspiel-\u00fcblich z\u00e4hlt die St\u00e4rke des Charakters und nicht der schnelle Zeigefinger: Mit einem Click auf den n\u00e4chsten Gegner greift Ihr Held an, mit einem Klick auf die entsprechenden Buttons werden Spezialattacken, Gegenst\u00e4nde und Zauberspr\u00fcche eingesetzt &#8211; vor allem sp\u00e4tere Auseinandersetzungen haben so eine taktische Komponente.<\/p>\n<table border=\"0\" cellpadding=\"5\" align=\"right\">\n<tbody>\n<tr>\n<td>\n<p><figure style=\"width: 183px\" class=\"wp-caption alignnone\"><img loading=\"lazy\" decoding=\"async\" src=\"https:\/\/i0.wp.com\/images-na.ssl-images-amazon.com\/images\/G\/03\/videogames\/editorial\/wow1.jpg?resize=183%2C147&#038;ssl=1\" alt=\"\" width=\"183\" height=\"147\" align=\"top\" border=\"0\" data-recalc-dims=\"1\" \/><figcaption class=\"wp-caption-text\">Um im Spiel voran zu kommen, l\u00f6sen Sie Quests, die Sie bei NPCs erhalten<\/figcaption><\/figure><\/td>\n<\/tr>\n<\/tbody>\n<\/table>\n<p><strong>Eine Welt voller Abenteuer<\/strong> <em>World of Warcraft<\/em> bietet eine riesige Spielwelt, die nach den Geschehnissen des <em>Warcraft 3<\/em>-Add-Ons <em>Frozen Throne<\/em> angesiedelt ist. Die Grafik z\u00e4hlt zum h\u00fcbschesten und abwechselungsreichsten, was das Genre bietet: Von schneebedeckten Bergen \u00fcber S\u00fcmpfe und W\u00fcsten bis hin zu dichten W\u00e4ldern reicht die \u00fcbergangslose 3D-Umgebung von Azeroth. Als Spieler schlie\u00dfen Sie sich einer von acht Parteien an, die unterschiedliche Gebiete kontrollieren: Die Allianz der Guten besteht aus den Menschen, Nachtelfen, Zwergen und Gnomen, w\u00e4hrend auf Seiten der Horde die Tauren, Orks, Untoten und Trolle k\u00e4mpfen. Neben kosmetischen Auswirkungen hat jede Rasse prozentuale Verbesserungen einzelner F\u00e4higkeiten vorzuweisen. Wichtiger f\u00fcr Ihren Charakter ist die Entscheidung f\u00fcr eine Klasse: Krieger sind stark im Nahkampf und stecken geh\u00f6rig Treffer ein, sie gehen frontal in den Kampf. Schurken agieren vorsichtiger und greifen gern mit t\u00fcckischen Waffen aus dem Hinterhalt an. J\u00e4ger sind Fernkampfspezialisten, schie\u00dfen mit Pfeilen, legen Fallen aus und richten Tiere f\u00fcr den Kampf ab. Hexenmeister beschw\u00f6ren Kreaturen, w\u00e4hrend Magier eher Angriffszauber einsetzen. Priester bet\u00e4tigen sich als Heiler oder sch\u00fctzen Verb\u00fcndete. Als solide K\u00e4mpfer dienen auf Seiten der Horde die Schamanen, in der Allianz die Paladine, wobei aber die naturverbundenen Druiden noch die am ehesten ausgewogene Klasse darstellen.<\/p>\n<table border=\"0\" cellpadding=\"5\" align=\"left\">\n<tbody>\n<tr>\n<td>\n<p><figure style=\"width: 183px\" class=\"wp-caption alignnone\"><img loading=\"lazy\" decoding=\"async\" src=\"https:\/\/i0.wp.com\/images-na.ssl-images-amazon.com\/images\/G\/03\/videogames\/editorial\/wow2.jpg?resize=183%2C147&#038;ssl=1\" alt=\"\" width=\"183\" height=\"147\" align=\"top\" border=\"0\" data-recalc-dims=\"1\" \/><figcaption class=\"wp-caption-text\">Spielerfreundlich: F\u00fcr weite Reisen nutzen Sie U-Bahn oder Greifen-Airlines<\/figcaption><\/figure><\/td>\n<\/tr>\n<\/tbody>\n<\/table>\n<p><strong>F\u00fcr Einzelg\u00e4nger und Teams, Profis und Einsteiger<\/strong> Einfach zu lernen, schwer zu meistern &#8211; so in etwa k\u00f6nnte man das Motto von <em>World of Warcraft<\/em> beschreiben: Einsteiger freuen sich \u00fcber einen einfachen Spieleinstieg, der kaum anders als bei jedem Offline-Rollenspiel verl\u00e4uft und schnell Erfolgserlebnisse bietet. Sie materialisieren sich im sicheren Terrain ihres Volkes und erf\u00fcllen zun\u00e4chst leichte Auftr\u00e4ge wie Boteng\u00e4nge oder Jagdausfl\u00fcge. Die Navigation gestaltet sich einfach und intuitiv, denn wichtige Personen sind auf der Karte hervorgehoben und mit einem Ausrufe- oder Fragezeichen markiert. Die Ziele der Quests &#8211; inklusive der zu erwartenden Belohnung &#8211; werden von Anfang an klar beschrieben und im Tagebuch \u00fcbersichtlich notiert. Bei Fragen helfen NPCs wie Wachen oder die Community. Wer stirbt, muss sich nicht lange \u00fcber verlorene F\u00e4higkeiten \u00e4rgern, sondern kehrt als Geist zu seinem K\u00f6rper zur\u00fcck. Und anstatt planlos oder gelangweilt an einem Ort festzusitzen, kommen Sie dank interessanter Auftr\u00e4ge nach und nach in der Spielwelt herum. Gute Nachricht auch f\u00fcr alle Einzelg\u00e4nger, denn auch ohne sich einer Gruppe anzuschlie\u00dfen k\u00f6nnen Sie in <em>World of Warcraft<\/em> Spa\u00df haben. S\u00e4mtliche Charaktere k\u00f6nnen selbst gut austeilen und so Missionen auch allein bestehen. Die Eins\u00e4tze haben zumeist eine Story, bauen aufeinander auf und strotzen vor Details &#8211; NPCs sorgen f\u00fcr steten Nachschub und dienen als lukrative Handelspartner. Obwohl es keine Verpflichtung gibt, ist der Zusammenschluss mit anderen Spielern f\u00fcr entsprechend h\u00f6here Missionen sinnvoll: Wer im Team seine F\u00e4higkeiten koordiniert, besiegt auch Gegner, die wesentlich st\u00e4rker sind als der eigene Charakter. Die Entscheidung kann auch spontan fallen &#8211; fragen Sie einfach nach Hilfe.<\/p>\n<p><strong>Frischer Wind im Genre<\/strong> Was <em>World of Warcraft<\/em> von anderen MMORPGs wie <em>Everquest 2<\/em> oder <em>Lineage 2<\/em> abhebt, sind die vielen kleinen Ideen, mit denen Blizzard den Spielfluss und damit letztendlich den Spa\u00df f\u00f6rdert: Um gr\u00f6\u00dfere Strecken in der gewaltigen Spielwelt zu \u00fcberbr\u00fccken, d\u00fcrfen Sie die U-Bahn benutzen oder gleich bestimmte Routen auf dem R\u00fccken eines Greifen fliegen. Die an jeder Spielfigur sichtbaren Ausr\u00fcstungsgegenst\u00e4nde kaufen Sie entweder beim H\u00e4ndler ihres Vertrauens, der zugleich auch den Unterschied zur bisherigen Bewaffnung zeigt, oder bieten in Auktionsh\u00e4usern mit. Die Ware wird ganz einfach mit der Post zugestellt &#8211; der Paketservice macht umst\u00e4ndliche Treffen f\u00fcr Verb\u00fcndete und Freunde unn\u00f6tig. Und wer sich schon mal dar\u00fcber ge\u00e4rgert hat, dass ihm eine saftige Beute vor der Nase weggeschnappt wurde, der darf in instanzierten Dungeons ungest\u00f6rt allein oder mit seiner Gruppe jagen.<\/p>\n<table border=\"0\" cellpadding=\"5\" align=\"right\">\n<tbody>\n<tr>\n<td>\n<p><figure style=\"width: 196px\" class=\"wp-caption alignright\"><img loading=\"lazy\" decoding=\"async\" src=\"https:\/\/i0.wp.com\/images-na.ssl-images-amazon.com\/images\/G\/03\/videogames\/editorial\/wow3.jpg?resize=196%2C147&#038;ssl=1\" alt=\"\" width=\"196\" height=\"147\" align=\"top\" border=\"0\" data-recalc-dims=\"1\" \/><figcaption class=\"wp-caption-text\">In umk\u00e4mpften Gebieten haben auch Gruppen alle H\u00e4nde voll zu tun &#8211; dennoch k\u00f6nnen Sie das Spiel auch allein spielen<\/figcaption><\/figure><\/td>\n<\/tr>\n<\/tbody>\n<\/table>\n<p><strong>Genre-Meilenstein<\/strong> <em>World of Warcraft<\/em> erreicht f\u00fcr Online-Rollenspiele das, was Diablo einst mit der Offline-Generation gelang: Durch die einsteigerfreundliche Spielmechanik und atmosph\u00e4rische Spielwelt werden all die begeistert sein, die MMORPGs sonst f\u00fcr trocken, langatmig und kompliziert hielten. Gleichzeitig freuen sich Genre-Fans \u00fcber viele spannende Ideen und ausgekl\u00fcgelte K\u00e4mpfe &#8211; Gratulation an Blizzard f\u00fcr einen weiteren Meilenstein! <strong>Features<\/strong>:<\/p>\n<ul>\n<li class=\"spaceLeft\">Erleben Sie zusammen mit tausenden Mitspielern epische Abenteuer in der Warcraft-Welt &#8211; komplett mit endlosen W\u00e4ldern, lebensfeindlichen W\u00fcsten, schneebedeckten Bergspitzen und anderen exotischen Regionen<\/li>\n<li class=\"spaceLeft\">K\u00e4mpfen Sie als Mitglied eines der 8 V\u00f6lker auf Seiten der Allianz oder der Horde und besuchen Sie die 6 gewaltigen Hauptst\u00e4dte<\/li>\n<li class=\"spaceLeft\">W\u00e4hlen Sie ihren Charakter aus bis zu 9 verschiedenen Klassen, von heiligen Paladinen \u00fcber m\u00e4chtige Krieger bis hin zu d\u00e4monischen Hexenmeistern<\/li>\n<li class=\"spaceLeft\">Freuen Sie sich auf hunderte Stunden Gameplay mit monatlich neuen Quests, Gegenst\u00e4nden, und Abenteuern<\/li>\n<li class=\"spaceLeft\">\u00dcben Sie eine Vielzahl von Handwerksfertigkeiten aus, um seltene Reagenzien zu finden, ma\u00dfgeschneiderte Kleidung anzufertigen, und durch geschicktes Handeln mit Ihren Mitspielern gro\u00dfe Reicht\u00fcmer anzuh\u00e4ufen<\/li>\n<\/ul>\n<div><strong>Produktbeschreibung des Herstellers<\/strong> Vier Jahre sind seit den Ereignissen von <em>Warcraft III: Reign of Chaos<\/em> vergangen und gro\u00dfe Spannungen schwelen \u00fcberall in der verw\u00fcsteten Welt von Azeroth. Als die kampferprobten V\u00f6lker damit beginnen, ihre zerschlagenen K\u00f6nigreiche wieder aufzubauen, sammeln sich neue Bedrohungen, uralt und verh\u00e4ngnisvoll, um erneut die Welt zu \u00fcberfallen.<\/div>\n<p><em>World of Warcraft<\/em> ist eine Online-Rollenspiel-Erfahrung innerhalb des preisgekr\u00f6nten Universums von Warcraft. Als Helden erforschen die Spieler eine riesige Welt, in der epische Abenteuer auf sie warten. Als Multiplayer-Spiel konzipiert, k\u00f6nnen Tausende Spieler miteinander in derselben Welt agieren. Ob sie gemeinsam Abenteuer bestehen oder gegeneinander k\u00e4mpfen \u2013 unter den Spielern werden Freundschaften entstehen, Allianzen geschmiedet und um Macht und Ehre gerungen.<\/p>\n<p>Ein engagiertes Live-Team sorgt daf\u00fcr, dass es immer wieder neue Abenteuer zu bestehen, neue L\u00e4nder zu erforschen und Monster zu bek\u00e4mpfen gibt. Diese Inhalte stellen sicher, dass das Spiel von Monat zu Monat unterschiedlich ist und \u00fcber Jahre hinweg neue Herausforderungen und Abenteuer bereith\u00e4lt.<\/p>\n<\/div>\n<ul>\n<li>Erkunden Sie eine ausgedehnte Welt mit kilometerweiten W\u00e4ldern, W\u00fcsten, schneeverwehten Bergen und exotischen Landschaften<\/li>\n<li>Werden Sie Teil der Horde oder der Allianz als Mitglied eines der acht spielbaren V\u00f6lker.<\/li>\n<li>W\u00e4hlen Sie zwischen 9 Klassen, inklusive heiliger Paladin, formwandelnder Druide, m\u00e4chtiger Krieger oder Zauberer, d\u00e4monenbeschw\u00f6render Warlock und vielen anderen.<\/li>\n<li>Praktizieren Sie verschiedene Handelsfertigkeiten, um Gegenkr\u00e4fte zu finden, Verbrauchsg\u00fcter herzustellen und aufzuwerten, Wohlstand und Reichtum \u00fcber den Handel mit anderen Spielern aufzubauen und vieles mehr.<\/li>\n<li>Gr\u00fcnden Sie eine Gilde, kaufen Sie einen Wappenrock, bef\u00f6rdern oder degradieren Sie einzelne Rekruten\/Mitglieder Ihrer Gilden.<\/li>\n<li>Genie\u00dfen Sie Hunderte von Spielstunden mit neuen Quests, Gegenst\u00e4nden und Abenteuern jeden Monat.<\/li>\n<\/ul>\n<div>Nach Zahlungseingang senden wir den WoW Key an ihre E-Mail Adresse.<\/p>\n<\/div>\n<div>Die ersten 30 Tage Spielzeit sind kostenlos in diesem WoW Key enthalten. Dar\u00fcber hinaus erhalten Sie <strong>kostenlosen Zugang<\/strong> zu den Erweiterungen <strong>Burning Crusade<\/strong>, <strong>Wrath of the Lich King<\/strong> und <strong>Cataclysm<\/strong>!<\/p>\n<\/div>\n<div>Es handelt sich hierbei um einen WoW [World of Warcraft] Key f\u00fcr die EU Version bzw. nat\u00fcrlich f\u00fcr die deutsche Version, komplett in deutscher Sprache spielbar!<\/p>\n<\/div>\n<div><strong>Anmerkung: Die 30 Tage Spielzeit werden ausschlie\u00dflich auf neue Spielkonten angerechnet und k\u00f6nnen nicht als Gamecard f\u00fcr bestehende Accounts verwendet werden.<\/strong><\/div>\n","protected":false},"excerpt":{"rendered":"<p>Erleben Sie die Welt von Orcs und Menschen in einem atemberaubenden Fantasy Online-Rollenspiel: Mit World of Warcraft setzt Blizzard seine Strategie-Hits in einem MMORPG fort, das schon jetzt alle Rekorde bricht &#8211; mehr als 250.000 Spieler meldeten sich bereits am ersten Tag nach US-Start an, \u00fcber Wochen f\u00fchrte World of Warcraft die Verkaufscharts an und [&hellip;]<\/p>\n","protected":false},"featured_media":2118,"comment_status":"open","ping_status":"closed","template":"","meta":{"_acf_changed":false},"product_cat":[166,163],"product_tag":[],"acf":[],"jetpack_sharing_enabled":true,"_links":{"self":[{"href":"http:\/\/pc-direkthandel.de\/wordpress\/wp-json\/wp\/v2\/product\/2117"}],"collection":[{"href":"http:\/\/pc-direkthandel.de\/wordpress\/wp-json\/wp\/v2\/product"}],"about":[{"href":"http:\/\/pc-direkthandel.de\/wordpress\/wp-json\/wp\/v2\/types\/product"}],"replies":[{"embeddable":true,"href":"http:\/\/pc-direkthandel.de\/wordpress\/wp-json\/wp\/v2\/comments?post=2117"}],"wp:featuredmedia":[{"embeddable":true,"href":"http:\/\/pc-direkthandel.de\/wordpress\/wp-json\/wp\/v2\/media\/2118"}],"wp:attachment":[{"href":"http:\/\/pc-direkthandel.de\/wordpress\/wp-json\/wp\/v2\/media?parent=2117"}],"wp:term":[{"taxonomy":"product_cat","embeddable":true,"href":"http:\/\/pc-direkthandel.de\/wordpress\/wp-json\/wp\/v2\/product_cat?post=2117"},{"taxonomy":"product_tag","embeddable":true,"href":"http:\/\/pc-direkthandel.de\/wordpress\/wp-json\/wp\/v2\/product_tag?post=2117"}],"curies":[{"name":"wp","href":"https:\/\/api.w.org\/{rel}","templated":true}]}}