{"id":2115,"date":"2019-09-18T15:54:12","date_gmt":"2019-09-18T13:54:12","guid":{"rendered":"http:\/\/pc-direkthandel.de\/wordpress\/?post_type=product&#038;p=2115"},"modified":"2019-09-18T15:56:09","modified_gmt":"2019-09-18T13:56:09","slug":"world-of-warcraft-battlechest-5-0-eu","status":"publish","type":"product","link":"http:\/\/pc-direkthandel.de\/wordpress\/product\/world-of-warcraft-battlechest-5-0-eu\/","title":{"rendered":"World of Warcraft &#8211; Battlechest 5.0 [EU]"},"content":{"rendered":"<p>In jedem steckt ein Held. Ein Held, der sich nach epischen Abenteuern sehnt. Nach gro\u00dfen Errungenschaften. Der dem Feind ohne Furcht ins Gesicht lacht und losst\u00fcrmt. Dieser Held lebt f\u00fcr den Mut und verb\u00fcndet sich mit Gleichgesinnten, um bisher f\u00fcr unm\u00f6glich gehaltenes wahr werden zu lassen und gemeinsam gr\u00f6\u00dfte Herausforderungen zu meistern. Tretet ein in diese andere Welt von World of Warcraft und verb\u00fcndet Euch mit Millionen anderer m\u00e4chtiger Helden wie Ihr einer seid. Erlebt gemeinsam diese Onlinewelt mit Mythen, Magie und grenzenlosen Abenteuern. Worauf wartet Ihr? Erweckt Euren inneren Helden.<\/p>\n<ul>\n<li>F\u00fcnf Spiele in einer Box: \u00d6ffnet das Tor nach Azeroth mit dieser Box und erhaltet nicht nur die Basisversion von World of Warcraft, sondern auch die Spielerweiterungen The Burning Crusade, Wrath of the Lich King, Cataclysm und Mists of Pandaria. Hunderte Stunden Spielspa\u00df erwarten Euch. Die ersten 30 Tage Spielzeit sind mit in der Box enthalten.<\/li>\n<li>Erschafft Euren Helden: Euer Ebenbild im Spiel k\u00f6nnt Ihr Euch aus dreizehn verschiedenen V\u00f6lkern mit zehn verschiedenen Klassen erstellen. Strebt mit Eurem Helden zu epischer Macht, und holt Euch die gr\u00f6\u00dften Artefakte und Belohnungen des Landes, w\u00e4hrend Ihr die t\u00f6dlichsten Herausforderungen meistert und die gr\u00f6\u00dften \u00dcbel besiegt.<\/li>\n<li>Bildet m\u00e4chtige Allianzen: Spielt allein oder holt Euch m\u00e4chtige Unterst\u00fctzer und durchstreift gemeinsam die kriegsgebeutelten L\u00e4nder.<\/li>\n<li>Sucht Euch die gr\u00f6\u00dften Abenteuer: Tausende Quests erwarten Euch \u2014 und es werden st\u00e4ndig mehr. Konfrontiert Illidan den Betr\u00fcger, zerschmettert die m\u00e4chtigen Armeen des Lichk\u00f6nigs und erlebt viele weitere fantastische Geschichten in diesem magischen K\u00f6nigreich, die M\u00f6glichkeiten sind grenzenlos.<\/li>\n<\/ul>\n<p>Sie erhalten Ihren Key zur Freischaltung der Inhalte des World of Warcraft Battlechest 5.0 per eMail. Den Key k\u00f6nnen Sie einfach in Ihrem Battle.net Account aktivieren. Der Download ist direkt danach kostenfrei m\u00f6glich.<\/p>\n<div><strong>Anmerkung:<\/strong><\/div>\n<div>Die 30 Tage Spielzeit werden ausschlie\u00dflich auf neue Spielkonten angerechnet und k\u00f6nnen nicht als Gamecard f\u00fcr bestehende Accounts verwendet werden.<\/div>\n<div><\/div>\n<div>Es handelt sich um einen EU Key, der nur f\u00fcr europ\u00e4ische Spielkonten einl\u00f6sbar ist!<\/p>\n<\/div>\n<p><strong>Inhalte des WoW Battlechest 5.0<\/strong><\/p>\n<ul>\n<li>World of Warcraft Originalspiel<\/li>\n<li>30 Tage Spielzeit f\u00fcr neu erstellte Accounts<\/li>\n<li>WoW: The Burning Crusade (Addon)<\/li>\n<li>WoW: Wrath of the Lich King (Addon)<\/li>\n<li>WoW: Cataclysm (Addon)<\/li>\n<li>WoW: Mists of Pandaria (Addon)<\/li>\n<\/ul>\n","protected":false},"excerpt":{"rendered":"<p>In jedem steckt ein Held. Ein Held, der sich nach epischen Abenteuern sehnt. Nach gro\u00dfen Errungenschaften. Der dem Feind ohne Furcht ins Gesicht lacht und losst\u00fcrmt. Dieser Held lebt f\u00fcr den Mut und verb\u00fcndet sich mit Gleichgesinnten, um bisher f\u00fcr unm\u00f6glich gehaltenes wahr werden zu lassen und gemeinsam gr\u00f6\u00dfte Herausforderungen zu meistern. Tretet ein in [&hellip;]<\/p>\n","protected":false},"featured_media":2116,"comment_status":"open","ping_status":"closed","template":"","meta":{"_acf_changed":false},"product_cat":[166],"product_tag":[],"acf":[],"jetpack_sharing_enabled":true,"_links":{"self":[{"href":"http:\/\/pc-direkthandel.de\/wordpress\/wp-json\/wp\/v2\/product\/2115"}],"collection":[{"href":"http:\/\/pc-direkthandel.de\/wordpress\/wp-json\/wp\/v2\/product"}],"about":[{"href":"http:\/\/pc-direkthandel.de\/wordpress\/wp-json\/wp\/v2\/types\/product"}],"replies":[{"embeddable":true,"href":"http:\/\/pc-direkthandel.de\/wordpress\/wp-json\/wp\/v2\/comments?post=2115"}],"wp:featuredmedia":[{"embeddable":true,"href":"http:\/\/pc-direkthandel.de\/wordpress\/wp-json\/wp\/v2\/media\/2116"}],"wp:attachment":[{"href":"http:\/\/pc-direkthandel.de\/wordpress\/wp-json\/wp\/v2\/media?parent=2115"}],"wp:term":[{"taxonomy":"product_cat","embeddable":true,"href":"http:\/\/pc-direkthandel.de\/wordpress\/wp-json\/wp\/v2\/product_cat?post=2115"},{"taxonomy":"product_tag","embeddable":true,"href":"http:\/\/pc-direkthandel.de\/wordpress\/wp-json\/wp\/v2\/product_tag?post=2115"}],"curies":[{"name":"wp","href":"https:\/\/api.w.org\/{rel}","templated":true}]}}