{"id":2113,"date":"2019-09-18T15:52:05","date_gmt":"2019-09-18T13:52:05","guid":{"rendered":"http:\/\/pc-direkthandel.de\/wordpress\/?post_type=product&#038;p=2113"},"modified":"2019-09-18T15:53:33","modified_gmt":"2019-09-18T13:53:33","slug":"starcraft-2-battlechest-2-0","status":"publish","type":"product","link":"http:\/\/pc-direkthandel.de\/wordpress\/product\/starcraft-2-battlechest-2-0\/","title":{"rendered":"Starcraft 2 Battlechest 2.0"},"content":{"rendered":"<p>Erobert eure Heimatwelt zur\u00fcck!<\/p>\n<p>Ihr seid Hierarch Artanis, der Anf\u00fchrer der m\u00e4chtigen Protoss. Vor Jahren fiel eure Heimatwelt Aiur in die H\u00e4nde der gnadenlosen Zerg. Nun endlich habt ihr eine eindrucksvolle Flotte an Kriegsschiffen angesammelt, die unter dem Namen Goldene Armada bekannt ist, und eure Welt zur\u00fcckerobern soll. Aber Amon, ein uralter Feind, bedroht diese Bestimmung und das Schicksal der ganzen Galaxie. Nur ihr k\u00f6nnt die Fraktionen der Protoss erneut vereinen und die bevorstehende Finsternis besiegen, bevor sie das ganze Leben im Sektor verschlingt.<\/p>\n<p>Das Ende aller Dinge steht in StarCraft II: Legacy of the Void bevor, dem letzten Kapitel der epischen Science-Fiction-Geschichte der Trilogie von StarCraft II. Kerrigan und der Zerg-Schwarm sind verschwunden und Jim Raynor ist damit besch\u00e4ftigt, die Zivilisation der schwer vom Krieg gebeutelten Terraner wieder aufzubauen. Somit liegt die einzige Hoffnung der Galaxie auf den Protoss und ihren gr\u00f6\u00dften, noch lebenden Helden: Artanis und Zeratul. Als Spieler f\u00fchrt man die m\u00e4chtigen Protoss zum epischen Finale von Blizzards preisgekr\u00f6nter Echtzeitstrategieserie mit dem Ziel, alle drei Spezies in der ultimativen Schlacht ums \u00dcberleben zu vereinen, denn ein uraltes B\u00f6ses bedroht alles Leben im Universum. Mit neuen Einheiten und der Einf\u00fchrung neuer kooperativer sowie weiterer Mehrspielermodi stellt Legacy of the Void das ultimative Strategieerlebnis und StarCraft vom Feinsten dar.<\/p>\n<ul>\n<li>Als unabh\u00e4ngiges Spiel erlaubt Legacy of the Void es Spielern direkt in das Erlebnis von StarCraft II einzutauchen, selbst wenn sie Wings of Liberty oder Heart of the Swarm vorher nicht gespielt haben<\/li>\n<li>Die neue Kampagne entfaltet den atemberaubenden Abschluss einer der gro\u00dfartigsten Science-Fiction-Geschichten aller Zeiten und entscheidet das Schicksal von Jim Raynor, Kerrigan, Zeratul und vielen anderen<\/li>\n<li>Der Archonmodus bietet ein neues Co-op-Erlebnis f\u00fcr 2 Spieler, bei dem sich beide die Kontrolle \u00fcber eine einzelne Basis und deren Armee in der Mehrspieler-Action teilen. Durch gezielte Aufgabenverteilung zwischen dem Befehligen der Truppen und dem Verwalten der Ressourcen k\u00f6nnen sich Spieler auf einen Bereich konzentrieren und so komplexere Strategien verfolgen<\/li>\n<li>Verb\u00fcndete Kommandanten bietet einen Co-op-Modus, bei dem sich Spieler zusammenschlie\u00dfen und die Rolle eines m\u00e4chtigen Kommandanten aus der StarCraft-Saga \u00fcbernehmen. Die Spieler schlagen sich gemeinsam durch Szenarien und verbessern so die F\u00e4higkeiten ihrer Kommandanten entsprechend ihres Stufenfortschritts<\/li>\n<li>Brandneue Einheiten f\u00fcr Protoss, Terraner und Zerg sowie neue F\u00e4higkeiten f\u00fcr bereits existierende Einheiten erh\u00f6hen die strategische Tiefe der Mehrspieler-Action von StarCraft II<\/li>\n<li>Automatisierte Turniere im Battle.net bieten Spielern eine neue, bequeme M\u00f6glichkeit, sich online miteinander zu messen<\/li>\n<li>Neue Mehrspielerkarten weiten die Schlachten auf alle Winkel des Koprulu-Sektors aus<\/li>\n<\/ul>\n<p>Gebietet \u00fcber die komplette Trilogie! Mit Millionen von Spielern, die sich dem Kampf angeschlossen haben, hat StarCraft II Spielgeschichte geschrieben. Jetzt liegt es an euch, riesige Armeen der Terraner, Protoss und Zerg zu befehligen und im Weltall zum Sieg zu f\u00fchren. Bereitet euch auf einen interstellaren Krieg vor \u2013 ihr werdet an der Front gebraucht.<\/p>\n<ul>\n<li>Drei gewaltige Schlachtz\u00fcge &#8211; Erlebt drei umfassende Einzelspielerkampagnen mit insgesamt mehr als 70 Missionen aus Wings of Liberty, Heart of the Swarm und Legacy of the Void<\/li>\n<li>Sieben Koop-Kommandanten &#8211; Verb\u00fcndet euch online mit anderen Spielern im Koop-Modus und spielt als Raynor, Kerrigan, Artanis, Swann, Zagara, Vorazun oder Karax<\/li>\n<li>W\u00f6chentliche Mutationen &#8211; Erlebt jede Woche ein neues Koop-Szenario und passt euch an das st\u00e4ndig wandelnde Schlachtfeld an, um mit euren Kommandanten Erfahrung zu sammeln<\/li>\n<li>Alle Mehrspieler-Einheiten &#8211; Befehligt alle Mehrspieler-Einheiten und k\u00e4mpft euch in der gewaltigen Rangliste mit Ligen f\u00fcr jedes Spielniveau bis an die Spitze<\/li>\n<li>Alle Mehrspieler-Karten und -Modi &#8211; Fordert eure Gegner in jedem beliebigen Spielmodus heraus (gewerteter, ungewerteter, Turnier- und eigener Modus) und tragt eure K\u00e4mpfe innerhalb einer festen Schlachtfeld-Rotation aus<\/li>\n<\/ul>\n<p><strong>Inhalte des Starcraft 2 Battlechest 2.0<\/strong><\/p>\n<ul>\n<li>Starcraft 2: Wings of Liberty<\/li>\n<li>Starcraft 2: Heart of the Swarm<\/li>\n<li>Starcraft 2: Legacy of the Void<\/li>\n<\/ul>\n<p>&nbsp;<\/p>\n","protected":false},"excerpt":{"rendered":"<p>Erobert eure Heimatwelt zur\u00fcck! Ihr seid Hierarch Artanis, der Anf\u00fchrer der m\u00e4chtigen Protoss. Vor Jahren fiel eure Heimatwelt Aiur in die H\u00e4nde der gnadenlosen Zerg. Nun endlich habt ihr eine eindrucksvolle Flotte an Kriegsschiffen angesammelt, die unter dem Namen Goldene Armada bekannt ist, und eure Welt zur\u00fcckerobern soll. Aber Amon, ein uralter Feind, bedroht diese [&hellip;]<\/p>\n","protected":false},"featured_media":2114,"comment_status":"open","ping_status":"closed","template":"","meta":{"_acf_changed":false},"product_cat":[166],"product_tag":[],"acf":[],"jetpack_sharing_enabled":true,"_links":{"self":[{"href":"http:\/\/pc-direkthandel.de\/wordpress\/wp-json\/wp\/v2\/product\/2113"}],"collection":[{"href":"http:\/\/pc-direkthandel.de\/wordpress\/wp-json\/wp\/v2\/product"}],"about":[{"href":"http:\/\/pc-direkthandel.de\/wordpress\/wp-json\/wp\/v2\/types\/product"}],"replies":[{"embeddable":true,"href":"http:\/\/pc-direkthandel.de\/wordpress\/wp-json\/wp\/v2\/comments?post=2113"}],"wp:featuredmedia":[{"embeddable":true,"href":"http:\/\/pc-direkthandel.de\/wordpress\/wp-json\/wp\/v2\/media\/2114"}],"wp:attachment":[{"href":"http:\/\/pc-direkthandel.de\/wordpress\/wp-json\/wp\/v2\/media?parent=2113"}],"wp:term":[{"taxonomy":"product_cat","embeddable":true,"href":"http:\/\/pc-direkthandel.de\/wordpress\/wp-json\/wp\/v2\/product_cat?post=2113"},{"taxonomy":"product_tag","embeddable":true,"href":"http:\/\/pc-direkthandel.de\/wordpress\/wp-json\/wp\/v2\/product_tag?post=2113"}],"curies":[{"name":"wp","href":"https:\/\/api.w.org\/{rel}","templated":true}]}}