{"id":2111,"date":"2019-09-18T15:49:53","date_gmt":"2019-09-18T13:49:53","guid":{"rendered":"http:\/\/pc-direkthandel.de\/wordpress\/?post_type=product&#038;p=2111"},"modified":"2019-09-18T15:51:42","modified_gmt":"2019-09-18T13:51:42","slug":"heroes-of-the-storm-hero-jaina-dlc","status":"publish","type":"product","link":"http:\/\/pc-direkthandel.de\/wordpress\/product\/heroes-of-the-storm-hero-jaina-dlc\/","title":{"rendered":"Heroes of the Storm &#8211; Hero Jaina (DLC)"},"content":{"rendered":"<p>Jaina Prachtmeer ist eine meisterhafte Magierin, die von dem legend\u00e4ren Erzmagier Antonidas h\u00f6chstpers\u00f6nlich ausgebildet wurde. Durch ihre Begabung, ihren Mut und ihre Weisheit gelang es ihr damals, die \u00dcberlebenden der Gei\u00dfel von Lordaeron in Sicherheit zu bringen. Man sollte ihre G\u00fcte aber nicht mit Schw\u00e4che verwechseln, denn sonst demonstriert sie gern, wie unklug es ist, sich mit einer Magierin anzulegen.<\/p>\n<p>Heroes of the Storm<\/p>\n<p>Heroes of the Storm ist ein aufregendes Online-Teamkampfspiel mit euren Lieblingscharakteren von Blizzard. Baut Helden aus allen Blizzard-Universen auf und passt sie entsprechend eurer Spielweise an. Tretet im Team mit euren Freunden in actionreichen K\u00e4mpfen auf verschiedenen Schlachtfeldern an, die Auswirkungen auf eure Strategie haben und euer Vorgehen beeinflussen.Heroes of the Storm bietet mehr als 20 Jahre Spielgeschichte, Umgebungen und Kultcharaktere von Blizzard, vermengt zu einem epischen Online-Teamkampfspiel. Tretet in klassischen Showdowns wie z. B. Tyrael gegen Diablo oder Arthas gegen Uther an. Oder findet raus, was ihr schon immer wissen wolltet: Wer ist die st\u00e4rkere F\u00fchrungspers\u00f6nlichkeit, Raynor oder Thrall? K\u00f6nnte Zeratul Illidan in einem Kampf besiegen? Wer hat es mehr drauf&#8230; Kerrigan oder die D\u00e4monenj\u00e4gerin aus Diablo III? Die Kombinationsm\u00f6glichkeiten der Blizzard-Helden und -Spielwelten sind unbegrenzt.<\/p>\n<p>Das Originalspiel Heroes of the Storm (nicht in diesem Angebot enthalten) wird ben\u00f6tigt, um die Inhalte des Hero Jaina DLC verwenden bzw. spielen zu k\u00f6nnen.<\/p>\n","protected":false},"excerpt":{"rendered":"<p>Jaina Prachtmeer ist eine meisterhafte Magierin, die von dem legend\u00e4ren Erzmagier Antonidas h\u00f6chstpers\u00f6nlich ausgebildet wurde. Durch ihre Begabung, ihren Mut und ihre Weisheit gelang es ihr damals, die \u00dcberlebenden der Gei\u00dfel von Lordaeron in Sicherheit zu bringen. Man sollte ihre G\u00fcte aber nicht mit Schw\u00e4che verwechseln, denn sonst demonstriert sie gern, wie unklug es ist, [&hellip;]<\/p>\n","protected":false},"featured_media":2112,"comment_status":"open","ping_status":"closed","template":"","meta":{"_acf_changed":false},"product_cat":[166],"product_tag":[],"acf":[],"jetpack_sharing_enabled":true,"_links":{"self":[{"href":"http:\/\/pc-direkthandel.de\/wordpress\/wp-json\/wp\/v2\/product\/2111"}],"collection":[{"href":"http:\/\/pc-direkthandel.de\/wordpress\/wp-json\/wp\/v2\/product"}],"about":[{"href":"http:\/\/pc-direkthandel.de\/wordpress\/wp-json\/wp\/v2\/types\/product"}],"replies":[{"embeddable":true,"href":"http:\/\/pc-direkthandel.de\/wordpress\/wp-json\/wp\/v2\/comments?post=2111"}],"wp:featuredmedia":[{"embeddable":true,"href":"http:\/\/pc-direkthandel.de\/wordpress\/wp-json\/wp\/v2\/media\/2112"}],"wp:attachment":[{"href":"http:\/\/pc-direkthandel.de\/wordpress\/wp-json\/wp\/v2\/media?parent=2111"}],"wp:term":[{"taxonomy":"product_cat","embeddable":true,"href":"http:\/\/pc-direkthandel.de\/wordpress\/wp-json\/wp\/v2\/product_cat?post=2111"},{"taxonomy":"product_tag","embeddable":true,"href":"http:\/\/pc-direkthandel.de\/wordpress\/wp-json\/wp\/v2\/product_tag?post=2111"}],"curies":[{"name":"wp","href":"https:\/\/api.w.org\/{rel}","templated":true}]}}