{"id":2107,"date":"2019-09-18T15:34:31","date_gmt":"2019-09-18T13:34:31","guid":{"rendered":"http:\/\/pc-direkthandel.de\/wordpress\/?post_type=product&#038;p=2107"},"modified":"2019-09-18T15:36:11","modified_gmt":"2019-09-18T13:36:11","slug":"hearthstone-heroes-of-warcraft-deck-of-cards-dlc-10-packages","status":"publish","type":"product","link":"http:\/\/pc-direkthandel.de\/wordpress\/product\/hearthstone-heroes-of-warcraft-deck-of-cards-dlc-10-packages\/","title":{"rendered":"Hearthstone Heroes of Warcraft &#8211; Deck of Cards DLC (10 Packages)"},"content":{"rendered":"<p>Weg mit dem Schwert \u2013 her mit dem Deck! Macht euch bereit f\u00fcr Hearthstone &#8211; das schnelle strategische Kartenspiel, das einfach zu lernen ist und unglaublich viel Spa\u00df macht. Startet kostenlos auf Battle.net und spielt eure Karten aus, wirkt Zauber, beschw\u00f6rt Kreaturen und befehligt Helden aus dem Warcraft-Universum in epischen strategischen Duellen.<\/p>\n<p>Mit m\u00e4chtigen vorgefertigten Decks und hunderten von zus\u00e4tzlichen Karten, die man gewinnen, herstellen oder kaufen kann, wird eure Sammlung nie aufh\u00f6ren sich weiterzuentwickeln.Fordert Spieler aller F\u00e4higkeitsstufen auf Battle.net heraus oder feilt an eurer Strategie in \u00dcbungsspielen gegen einige der besten Strategen Azeroths, wie etwa Thrall, Uther, Gul&#8217;dan und weiteren!<\/p>\n<p><em>Dieses Angebot beinhaltet 10 Codes f\u00fcr Kartenpakete, die ihre M\u00f6glichkeiten in Hearthstone: Heroes of Warcraft erweitern.<\/em><\/p>\n<p>https:\/\/youtu.be\/o84Y_cSjVyE<\/p>\n","protected":false},"excerpt":{"rendered":"<p>Weg mit dem Schwert \u2013 her mit dem Deck! Macht euch bereit f\u00fcr Hearthstone &#8211; das schnelle strategische Kartenspiel, das einfach zu lernen ist und unglaublich viel Spa\u00df macht. Startet kostenlos auf Battle.net und spielt eure Karten aus, wirkt Zauber, beschw\u00f6rt Kreaturen und befehligt Helden aus dem Warcraft-Universum in epischen strategischen Duellen. Mit m\u00e4chtigen vorgefertigten [&hellip;]<\/p>\n","protected":false},"featured_media":2108,"comment_status":"open","ping_status":"closed","template":"","meta":{"_acf_changed":false},"product_cat":[166],"product_tag":[],"acf":[],"jetpack_sharing_enabled":true,"_links":{"self":[{"href":"http:\/\/pc-direkthandel.de\/wordpress\/wp-json\/wp\/v2\/product\/2107"}],"collection":[{"href":"http:\/\/pc-direkthandel.de\/wordpress\/wp-json\/wp\/v2\/product"}],"about":[{"href":"http:\/\/pc-direkthandel.de\/wordpress\/wp-json\/wp\/v2\/types\/product"}],"replies":[{"embeddable":true,"href":"http:\/\/pc-direkthandel.de\/wordpress\/wp-json\/wp\/v2\/comments?post=2107"}],"wp:featuredmedia":[{"embeddable":true,"href":"http:\/\/pc-direkthandel.de\/wordpress\/wp-json\/wp\/v2\/media\/2108"}],"wp:attachment":[{"href":"http:\/\/pc-direkthandel.de\/wordpress\/wp-json\/wp\/v2\/media?parent=2107"}],"wp:term":[{"taxonomy":"product_cat","embeddable":true,"href":"http:\/\/pc-direkthandel.de\/wordpress\/wp-json\/wp\/v2\/product_cat?post=2107"},{"taxonomy":"product_tag","embeddable":true,"href":"http:\/\/pc-direkthandel.de\/wordpress\/wp-json\/wp\/v2\/product_tag?post=2107"}],"curies":[{"name":"wp","href":"https:\/\/api.w.org\/{rel}","templated":true}]}}