{"id":2103,"date":"2019-09-18T15:28:48","date_gmt":"2019-09-18T13:28:48","guid":{"rendered":"http:\/\/pc-direkthandel.de\/wordpress\/?post_type=product&#038;p=2103"},"modified":"2019-09-18T15:30:46","modified_gmt":"2019-09-18T13:30:46","slug":"diablo-3-battlechest","status":"publish","type":"product","link":"http:\/\/pc-direkthandel.de\/wordpress\/product\/diablo-3-battlechest\/","title":{"rendered":"Diablo 3 Battlechest"},"content":{"rendered":"<p>Zwei Spiele in einem: Diablo 3 Battlechest enth\u00e4lt Diablo 3 sowie die Erweiterung Reaper of Souls und bringt euch das ultimative Diablo 3-Erlebnis nach Hause. Macht Gebrauch von den vernichtenden M\u00e4chten eures heldenhaften Geburtsrechts: Lasst die Erde erbeben, schleudert euren Gegnern Feuer und Eis entgegen und ruft Diener aus der Unterwelt herbei!<\/p>\n<ul>\n<li>Die brennenden H\u00f6llen warten auf euch &#8211; Die Welt von Sanktuario harrt darauf, dass ihr sie vor dem B\u00f6sen rettet. Besiegt die Obersten \u00dcbel und den Engel des Todes in f\u00fcnf epischen Akten mit sechs verschiedenen Charakterklassen. Sobald ihr die Kampagne abgeschlossen habt, k\u00f6nnt ihr euch in den Abenteuermodus st\u00fcrzen und euch dort unendlich vielen Herausforderungen stellen sowie fantastische Belohnungen erhalten<\/li>\n<li>Vernichtet unz\u00e4hlige \u00dcbel &#8211; Legt Legionen von D\u00e4monen in zufallsgenerierten 3D-Umgebungen das Handwerk. Stellt euch zahllosen h\u00f6llischen Feinden, entdeckt Quests an neuen Orten und erbeutet bei jedem Spiel neue Gegenst\u00e4nde. Kein Spiel gleicht dem anderen<\/li>\n<li>Durchstreift die dunkle Welt von Sanktuario &#8211; Von den ber\u00fchmten T\u00fcrmen Caldeums bis hin zu den belagerten Mauern der Bastion ist die Welt der Sterblichen den verderbenden M\u00e4chten der H\u00f6lle zum Opfer gefallen. Steht den Verteidigern von Sanktuario bei und wendet das Schicksal der d\u00e4monischen Vernichtung ab<\/li>\n<li>H\u00e4uft sagenhafte Reicht\u00fcmer an &#8211; Sammelt eine schwindelerregende Vielzahl an Sch\u00e4tzen durch das Besiegen der Diener Diablos. R\u00fcstet euch aus, erweitert eure Gegenst\u00e4nde und erstellt m\u00e4chtige Waffen und R\u00fcstungen auf eurem Weg eine Legende Sanktuarios zu werden<\/li>\n<li>K\u00e4mpft zusammen mit euren Freunden &#8211; K\u00e4mpft mit bis zu drei weiteren eurer Freunde auf Battle.net, Blizzards kostenlosem Onlinedienst, gegen die d\u00e4monischen Horden. Passt die Schwierigkeitsstufe (und damit auch die angemessen bessere Beute) an und geht an eure Grenzen<\/li>\n<li>Stellt euch neuen Spielmodi &#8211; Mit dem neuen Abenteuermodus k\u00f6nnt ihr Sanktuario nach eigenen Vorlieben erkunden und zu jedem Wegpunkt in jedem Akt reisen, wenn ihr die Kampagne abgeschlossen habt. Au\u00dferdem enth\u00e4lt der Modus zwei neue Spielfunktionen, Kopfgelder und Nephalemportale, die f\u00fcr ein reizvolles, endlos oft wiederholbares Spielerlebnis sorgen<\/li>\n<\/ul>\n<p><strong>Inhalte des Diablo 3 Battlechest<\/strong><\/p>\n<ul>\n<li>Diablo 3 (Originalspiel)<\/li>\n<li>Diablo 3: Reaper of Souls (Erweiterung)<\/li>\n<\/ul>\n","protected":false},"excerpt":{"rendered":"<p>Zwei Spiele in einem: Diablo 3 Battlechest enth\u00e4lt Diablo 3 sowie die Erweiterung Reaper of Souls und bringt euch das ultimative Diablo 3-Erlebnis nach Hause. Macht Gebrauch von den vernichtenden M\u00e4chten eures heldenhaften Geburtsrechts: Lasst die Erde erbeben, schleudert euren Gegnern Feuer und Eis entgegen und ruft Diener aus der Unterwelt herbei! Die brennenden H\u00f6llen [&hellip;]<\/p>\n","protected":false},"featured_media":2104,"comment_status":"open","ping_status":"closed","template":"","meta":{"_acf_changed":false},"product_cat":[166],"product_tag":[],"acf":[],"jetpack_sharing_enabled":true,"_links":{"self":[{"href":"http:\/\/pc-direkthandel.de\/wordpress\/wp-json\/wp\/v2\/product\/2103"}],"collection":[{"href":"http:\/\/pc-direkthandel.de\/wordpress\/wp-json\/wp\/v2\/product"}],"about":[{"href":"http:\/\/pc-direkthandel.de\/wordpress\/wp-json\/wp\/v2\/types\/product"}],"replies":[{"embeddable":true,"href":"http:\/\/pc-direkthandel.de\/wordpress\/wp-json\/wp\/v2\/comments?post=2103"}],"wp:featuredmedia":[{"embeddable":true,"href":"http:\/\/pc-direkthandel.de\/wordpress\/wp-json\/wp\/v2\/media\/2104"}],"wp:attachment":[{"href":"http:\/\/pc-direkthandel.de\/wordpress\/wp-json\/wp\/v2\/media?parent=2103"}],"wp:term":[{"taxonomy":"product_cat","embeddable":true,"href":"http:\/\/pc-direkthandel.de\/wordpress\/wp-json\/wp\/v2\/product_cat?post=2103"},{"taxonomy":"product_tag","embeddable":true,"href":"http:\/\/pc-direkthandel.de\/wordpress\/wp-json\/wp\/v2\/product_tag?post=2103"}],"curies":[{"name":"wp","href":"https:\/\/api.w.org\/{rel}","templated":true}]}}