{"id":2101,"date":"2019-09-18T15:26:22","date_gmt":"2019-09-18T13:26:22","guid":{"rendered":"http:\/\/pc-direkthandel.de\/wordpress\/?post_type=product&#038;p=2101"},"modified":"2019-09-18T15:28:08","modified_gmt":"2019-09-18T13:28:08","slug":"diablo-3","status":"publish","type":"product","link":"http:\/\/pc-direkthandel.de\/wordpress\/product\/diablo-3\/","title":{"rendered":"Diablo 3"},"content":{"rendered":"<p>Zwanzig Jahre sind vergangen seit den Ereignissen von Diablo II. Mephisto, Diablo und Baal wurden besiegt, doch von jenen, die sich den Herren des Schreckens, des Hasses und der Zerst\u00f6rung in der Schlacht \u00fcber das Schicksal Sanktuarios stellten, gibt es nur noch wenige, die genug Kraft besitzen, sich an die Gr\u00e4uel zu erinnern, welche die drei Gro\u00dfen \u00dcbel \u00fcber die Welt brachten. Und von denen, welche nicht selbst Zeuge der schrecklichen Erlebnisse gewesen sind, glauben die meisten, dass die Geschichten nicht viel mehr als Mythen sind. Aber es regt sich erneut etwas B\u00f6ses in Tristram. Die Spieler werden einen Helden aus einer von f\u00fcnf einzigartigen Charakterklassen erschaffen, und auf ihrer Reise neue und bereits bekannte Gegenden von Sanktuario entdecken, m\u00e4chtige Gegenst\u00e4nde, Zauberspr\u00fcche und F\u00e4higkeiten erlangen und Horden von D\u00e4monen bek\u00e4mpfen, um die Welt vor den neuen Schrecken zu bewahren.<\/p>\n<p>F\u00fcr die Gestaltung des eigenen Helden stehen den Spielern f\u00fcnf unterschiedliche Klassen zur Verf\u00fcgung, wie zum Beispiel der Barbar, der Hexendoktor, oder der Zauberer, die jeweils mit einem ganz eigenen Set an Zauberspr\u00fcchen und Fertigkeiten ausgestattet sind. Wiederkehrende Klassen, wie die des Barbaren, wurden komplett \u00fcberarbeitet und mit neuen Fertigkeiten versehen, um sie an die einzigartige Atmosph\u00e4re von Diablo 3 anzupassen. Die M\u00f6glichkeiten, den Charakter nach den eigenen W\u00fcnschen auszugestalten, wurden weiter ausgebaut und erm\u00f6glichen nun ein noch gr\u00f6\u00dferes Ausma\u00df an Spezialisierung als in den vorangegangen Diablo-Spielen, was es dem Spieler erlaubt, einzigartige Charaktere zu erschaffen, die vor Macht nur so strotzen. Wenn diese Helden an aufwendigen und abwechslungsreichen Orten Abenteuer erleben, dem Verlauf der epischen Hintergrundgeschichte folgen und sich Schlachten mit Horden von Monstern und anspruchsvollen Endgegnern liefern, gewinnen sie Erfahrung und zus\u00e4tzliche F\u00e4higkeiten hinzu und erlangen Gegenst\u00e4nde von unglaublicher Macht.<\/p>\n<p>Schauplatz des Spiels ist Sanktuario, eine Welt aus dem Bereich der Dark Fantasy. Den meisten seiner Bewohner ist nicht bekannt, dass Sanktuario vor gut zwanzig Jahren von einer Handvoll tapferer und m\u00e4chtiger Helden vor den d\u00e4monischen Kr\u00e4ften der Unterwelt gerettet wurde. Der Gro\u00dfteil dieser Helden, die Auge in Auge den Armeen der H\u00f6lle gegen\u00fcberstanden \u2013 und das Gl\u00fcck hatten, zu \u00fcberleben \u2013, musste diese Erfahrung mit ihrem Verstand bezahlen. Und die meisten anderen haben ihre verfluchten Erinnerungen tief in sich vergraben und die Entsetzlichkeiten aus ihren Gedanken vertrieben. In Diablo 3 werden die Spieler nach Sanktuario zur\u00fcckkehren, um sich dem B\u00f6sen in all seinen Facetten erneut zu stellen. Diablo 3 wird eine nahtlos ansetzende Fortsetzung zu Diablo II sein und weiterhin das einfach zu bedienende Interface, die temporeiche Action und das intuitive Gameplay bieten, welche Diablo-Spieler erwarten und sch\u00e4tzen. Es wird au\u00dferdem \u00fcber viele neue Funktionen verf\u00fcgen, die eine ganz neue Ebene der Diablo-Action-Rollenspielerfahrung er\u00f6ffnen werden.<\/p>\n<p>Die Grundlage von Diablo 3 ist eine neue Grafik-Engine, welche die Darstellung von Charakteren und Monsterhorden in \u00fcppiger, vollst\u00e4ndiger 3D-Umgebung m\u00f6glich macht. Leistungsstarke Special-Effects-Systeme und Havok-unterst\u00fctzte Physik-Engines erlauben es dem Spieler, auf spektakul\u00e4re Art und Weise Tod und Verderben \u00fcber die infernalischen G\u00fcnstlinge zu bringen. Au\u00dferdem baut Diablo 3 auf den zufallsgenerierten Umgebungen der vorangegangen Diablo-Spiele auf, indem es eine Reihe neuer M\u00f6glichkeiten einf\u00fchrt, w\u00e4hrend des Spiels zuf\u00e4llig gescriptete Ereignisse zu erzeugen. Dies alles erschafft eine komplexe und aufregende Welt, randvoll mit Quests, NSCs, dynamischen Begegnungen und Herausforderungen in Form von b\u00f6sartigen Monstern und Bossen. Durch die Umgebung von Diablo 3 gewinnt das Spiel ein gro\u00dfes Ma\u00df an Interaktivit\u00e4t. In ihr finden sich zum Beispiel zerst\u00f6rbare Elemente und Hindernisse, die gegen die Feinde eingesetzt werden k\u00f6nnen. Dar\u00fcber hinaus wird Diablo 3 von den Upgrades f\u00fcr Battle.net profitieren, die einige aufregende neue Funktionen f\u00fcr den Spieler beinhalten. Der Hauptschwerpunkt liegt noch immer auf dem gemeinsamen Spiel online, mit diversen geplanten Erweiterungen, die das Spielen mit Freunden noch einfacher machen werden und den Spielspa\u00df noch weiter erh\u00f6hen.<\/p>\n<p><strong>Features<\/strong><\/p>\n<ul>\n<li>Es stehen f\u00fcnf m\u00e4chtige Charakterklassen zur Auswahl, darunter der Barbar, der Hexendoktor und der Zauberer<\/li>\n<li>Brandneue 3D-Grafik-Engine mit spektakul\u00e4ren visuellen Effekten und Havok Physics<\/li>\n<li>Zahlreiche Innen- und Au\u00dfengebiete, die einen detaillierten Einblick in die neuen Regionen der Welt von Sanktuario bieten<\/li>\n<li>Interaktive Umgebungen mit gef\u00e4hrlichen Fallen, Hindernissen und zerst\u00f6rbaren Elementen<\/li>\n<li>Von gescripteten Events unterst\u00fctzte, zuf\u00e4llig generierte Welten f\u00fcr endloses und dynamisches Gameplay<\/li>\n<li>Gro\u00dfe Anzahl an teuflischen Monstern mit einzigartigen Angriffsmustern und Verhaltensweisen<\/li>\n<li>Neues Questsystem und individuelle Charaktergestaltung f\u00fcr das ultimative Action-Rollenspielerlebnis<\/li>\n<li>Mehrspieler-Unterst\u00fctzung \u00fcber Battle.net mit M\u00f6glichkeiten zum kooperativen und wettbewerborientierten Spiel<\/li>\n<\/ul>\n<p><iframe loading=\"lazy\" title=\"Diablo 3 Trailer HD\" width=\"500\" height=\"281\" src=\"https:\/\/www.youtube.com\/embed\/Gw6g4kM6QGA?feature=oembed\" frameborder=\"0\" allow=\"accelerometer; autoplay; clipboard-write; encrypted-media; gyroscope; picture-in-picture; web-share\" referrerpolicy=\"strict-origin-when-cross-origin\" allowfullscreen><\/iframe><\/p>\n","protected":false},"excerpt":{"rendered":"<p>Zwanzig Jahre sind vergangen seit den Ereignissen von Diablo II. Mephisto, Diablo und Baal wurden besiegt, doch von jenen, die sich den Herren des Schreckens, des Hasses und der Zerst\u00f6rung in der Schlacht \u00fcber das Schicksal Sanktuarios stellten, gibt es nur noch wenige, die genug Kraft besitzen, sich an die Gr\u00e4uel zu erinnern, welche die [&hellip;]<\/p>\n","protected":false},"featured_media":2102,"comment_status":"open","ping_status":"closed","template":"","meta":{"_acf_changed":false},"product_cat":[166],"product_tag":[],"acf":[],"jetpack_sharing_enabled":true,"_links":{"self":[{"href":"http:\/\/pc-direkthandel.de\/wordpress\/wp-json\/wp\/v2\/product\/2101"}],"collection":[{"href":"http:\/\/pc-direkthandel.de\/wordpress\/wp-json\/wp\/v2\/product"}],"about":[{"href":"http:\/\/pc-direkthandel.de\/wordpress\/wp-json\/wp\/v2\/types\/product"}],"replies":[{"embeddable":true,"href":"http:\/\/pc-direkthandel.de\/wordpress\/wp-json\/wp\/v2\/comments?post=2101"}],"wp:featuredmedia":[{"embeddable":true,"href":"http:\/\/pc-direkthandel.de\/wordpress\/wp-json\/wp\/v2\/media\/2102"}],"wp:attachment":[{"href":"http:\/\/pc-direkthandel.de\/wordpress\/wp-json\/wp\/v2\/media?parent=2101"}],"wp:term":[{"taxonomy":"product_cat","embeddable":true,"href":"http:\/\/pc-direkthandel.de\/wordpress\/wp-json\/wp\/v2\/product_cat?post=2101"},{"taxonomy":"product_tag","embeddable":true,"href":"http:\/\/pc-direkthandel.de\/wordpress\/wp-json\/wp\/v2\/product_tag?post=2101"}],"curies":[{"name":"wp","href":"https:\/\/api.w.org\/{rel}","templated":true}]}}