{"id":2099,"date":"2019-09-18T15:23:36","date_gmt":"2019-09-18T13:23:36","guid":{"rendered":"http:\/\/pc-direkthandel.de\/wordpress\/?post_type=product&#038;p=2099"},"modified":"2019-09-18T15:25:38","modified_gmt":"2019-09-18T13:25:38","slug":"starcraft-2-legacy-of-the-void-eu","status":"publish","type":"product","link":"http:\/\/pc-direkthandel.de\/wordpress\/product\/starcraft-2-legacy-of-the-void-eu\/","title":{"rendered":"StarCraft 2 &#8211; Legacy of the Void [EU]"},"content":{"rendered":"<p>Erobert eure Heimatwelt zur\u00fcck!<\/p>\n<p>Ihr seid Hierarch Artanis, der Anf\u00fchrer der m\u00e4chtigen Protoss. Vor Jahren fiel eure Heimatwelt Aiur in die H\u00e4nde der gnadenlosen Zerg. Nun endlich habt ihr eine eindrucksvolle Flotte an Kriegsschiffen angesammelt, die unter dem Namen Goldene Armada bekannt ist, und eure Welt zur\u00fcckerobern soll. Aber Amon, ein uralter Feind, bedroht diese Bestimmung und das Schicksal der ganzen Galaxie. Nur ihr k\u00f6nnt die Fraktionen der Protoss erneut vereinen und die bevorstehende Finsternis besiegen, bevor sie das ganze Leben im Sektor verschlingt.<\/p>\n<p>Das Ende aller Dinge steht in StarCraft II: Legacy of the Void bevor, dem letzten Kapitel der epischen Science-Fiction-Geschichte der Trilogie von StarCraft II. Kerrigan und der Zerg-Schwarm sind verschwunden und Jim Raynor ist damit besch\u00e4ftigt, die Zivilisation der schwer vom Krieg gebeutelten Terraner wieder aufzubauen. Somit liegt die einzige Hoffnung der Galaxie auf den Protoss und ihren gr\u00f6\u00dften, noch lebenden Helden: Artanis und Zeratul. Als Spieler f\u00fchrt man die m\u00e4chtigen Protoss zum epischen Finale von Blizzards preisgekr\u00f6nter Echtzeitstrategieserie mit dem Ziel, alle drei Spezies in der ultimativen Schlacht ums \u00dcberleben zu vereinen, denn ein uraltes B\u00f6ses bedroht alles Leben im Universum. Mit neuen Einheiten und der Einf\u00fchrung neuer kooperativer sowie weiterer Mehrspielermodi stellt Legacy of the Void das ultimative Strategieerlebnis und StarCraft vom Feinsten dar.<\/p>\n<ul>\n<li>Als unabh\u00e4ngiges Spiel erlaubt Legacy of the Void es Spielern direkt in das Erlebnis von StarCraft II einzutauchen, selbst wenn sie Wings of Liberty oder Heart of the Swarm vorher nicht gespielt haben<\/li>\n<li>Die neue Kampagne entfaltet den atemberaubenden Abschluss einer der gro\u00dfartigsten Science-Fiction-Geschichten aller Zeiten und entscheidet das Schicksal von Jim Raynor, Kerrigan, Zeratul und vielen anderen<\/li>\n<li>Der Archonmodus bietet ein neues Co-op-Erlebnis f\u00fcr 2 Spieler, bei dem sich beide die Kontrolle \u00fcber eine einzelne Basis und deren Armee in der Mehrspieler-Action teilen. Durch gezielte Aufgabenverteilung zwischen dem Befehligen der Truppen und dem Verwalten der Ressourcen k\u00f6nnen sich Spieler auf einen Bereich konzentrieren und so komplexere Strategien verfolgen<\/li>\n<li>Verb\u00fcndete Kommandanten bietet einen Co-op-Modus, bei dem sich Spieler zusammenschlie\u00dfen und die Rolle eines m\u00e4chtigen Kommandanten aus der StarCraft-Saga \u00fcbernehmen. Die Spieler schlagen sich gemeinsam durch Szenarien und verbessern so die F\u00e4higkeiten ihrer Kommandanten entsprechend ihres Stufenfortschritts<\/li>\n<li>Brandneue Einheiten f\u00fcr Protoss, Terraner und Zerg sowie neue F\u00e4higkeiten f\u00fcr bereits existierende Einheiten erh\u00f6hen die strategische Tiefe der Mehrspieler-Action von StarCraft II<\/li>\n<li>Automatisierte Turniere im Battle.net bieten Spielern eine neue, bequeme M\u00f6glichkeit, sich online miteinander zu messen<\/li>\n<li>Neue Mehrspielerkarten weiten die Schlachten auf alle Winkel des Koprulu-Sektors aus<\/li>\n<\/ul>\n<p>Jetzt StarCraft 2 Legacy of the Void kaufen!<\/p>\n<p>Bei uns bekommen Sie den Serial Code Key f\u00fcr die Aktivierung des Spiels von Blizzard innerhalb der oben angegebenen Lieferzeit direkt per Email zugesendet.<\/p>\n<p>Nur ihr k\u00f6nnt als Spieler in LOTV die Fraktionen der Protoss erneut vereinen und die bevorstehende Finsternis besiegen.<\/p>\n<p>Den Key k\u00f6nnen Sie einfach auf der Herstellerwebseite aktivieren um das Spiel herunterzuladen.<\/p>\n<p>Legacy of the Void ist ein Standalone-Addon. Die Originalversion von StarCraft 2 (Wings of Liberty) sowie das Addon Heart of the Swarm werden <strong>NICHT<\/strong> ben\u00f6tigt, um StarCraft 2: Legacy of the Void spielen zu k\u00f6nnen.<\/p>\n<p>Zum Spielen werden eine Registrierung bei Battle.net sowie die Battle.net Desktop App ben\u00f6tigt.<\/p>\n<p><strong>Achtung:<\/strong> Es handelt sich hierbei um die EU-Version, die nur in Europa verwendet werden kann.<\/p>\n","protected":false},"excerpt":{"rendered":"<p>Erobert eure Heimatwelt zur\u00fcck! Ihr seid Hierarch Artanis, der Anf\u00fchrer der m\u00e4chtigen Protoss. Vor Jahren fiel eure Heimatwelt Aiur in die H\u00e4nde der gnadenlosen Zerg. Nun endlich habt ihr eine eindrucksvolle Flotte an Kriegsschiffen angesammelt, die unter dem Namen Goldene Armada bekannt ist, und eure Welt zur\u00fcckerobern soll. Aber Amon, ein uralter Feind, bedroht diese [&hellip;]<\/p>\n","protected":false},"featured_media":2100,"comment_status":"open","ping_status":"closed","template":"","meta":{"_acf_changed":false},"product_cat":[166],"product_tag":[],"acf":[],"jetpack_sharing_enabled":true,"_links":{"self":[{"href":"http:\/\/pc-direkthandel.de\/wordpress\/wp-json\/wp\/v2\/product\/2099"}],"collection":[{"href":"http:\/\/pc-direkthandel.de\/wordpress\/wp-json\/wp\/v2\/product"}],"about":[{"href":"http:\/\/pc-direkthandel.de\/wordpress\/wp-json\/wp\/v2\/types\/product"}],"replies":[{"embeddable":true,"href":"http:\/\/pc-direkthandel.de\/wordpress\/wp-json\/wp\/v2\/comments?post=2099"}],"wp:featuredmedia":[{"embeddable":true,"href":"http:\/\/pc-direkthandel.de\/wordpress\/wp-json\/wp\/v2\/media\/2100"}],"wp:attachment":[{"href":"http:\/\/pc-direkthandel.de\/wordpress\/wp-json\/wp\/v2\/media?parent=2099"}],"wp:term":[{"taxonomy":"product_cat","embeddable":true,"href":"http:\/\/pc-direkthandel.de\/wordpress\/wp-json\/wp\/v2\/product_cat?post=2099"},{"taxonomy":"product_tag","embeddable":true,"href":"http:\/\/pc-direkthandel.de\/wordpress\/wp-json\/wp\/v2\/product_tag?post=2099"}],"curies":[{"name":"wp","href":"https:\/\/api.w.org\/{rel}","templated":true}]}}