{"id":2097,"date":"2019-09-18T15:20:41","date_gmt":"2019-09-18T13:20:41","guid":{"rendered":"http:\/\/pc-direkthandel.de\/wordpress\/?post_type=product&#038;p=2097"},"modified":"2019-09-18T15:22:24","modified_gmt":"2019-09-18T13:22:24","slug":"overwatch-legendary-edition","status":"publish","type":"product","link":"http:\/\/pc-direkthandel.de\/wordpress\/product\/overwatch-legendary-edition\/","title":{"rendered":"Overwatch (Legendary Edition)"},"content":{"rendered":"<p>Die Zukunft beginnt jetzt. Seid ihr dabei?<\/p>\n<p>K\u00e4mpft auf den Schlachtfeldern der Zukunft und w\u00e4hlt euren Helden aus einer Vielzahl von Soldaten, Wissenschaftlern, Abenteurern und Au\u00dfenseitern. Kr\u00fcmmt die Zeit, widersetzt euch den Gesetzen der Physik und entfesselt eine schwindelerregende Anzahl au\u00dfergew\u00f6hnlicher F\u00e4higkeiten und Waffen. Stellt euch euren Gegnern in diesem teambasierten Shooter an bekannten Orten in aller Welt. Werdet ein Teil von Overwatch &#8230; denn die Welt kann nie genug Helden haben.<\/p>\n<ul>\n<li>Erlebt das Au\u00dfergew\u00f6hnliche: Beschleunigt oder verlangsamt die Zeit. Lasst in einem experimentellen, fliegenden Kampfanzug Zerst\u00f6rung vom Himmel auf eure Feinde hinabregnen. Jagt eure Beute als geisterhafter Killer, der jederzeit \u00fcberall auftauchen kann. Entfesselt F\u00e4higkeiten wie den Drachenschlag, Transzendenz, Gravitonbombe und viele mehr. Jeder Held verf\u00fcgt \u00fcber mehrere einzigartige und spielver\u00e4ndernde F\u00e4higkeiten<\/li>\n<li>Spielt einen Helden, nicht eine Klasse: Jeder Held hat seine eigene Herangehensweise an das Geschehen auf dem Schlachtfeld und seine eigene Geschichte, wie er dorthin gekommen ist. Werde zu einem Champion einer vergangenen \u00c4ra, der seinen m\u00e4chtigen Raketenhammer in den Dienst der Ehre stellt, zu einem Roboterm\u00f6nch, der sich geschworen hat, die Kluft zwischen Mensch und Maschine zu \u00fcberbr\u00fccken, zu einem genetisch manipulierten Gorilla, der zuf\u00e4llig auch ein brillanter Wissenschaftler ist, oder zu einem von vielen weiteren Helden<\/li>\n<li>K\u00e4mpft f\u00fcr eine bessere Zukunft&#8230; gemeinsam: Teamwork ist absolut unentbehrlich, wenn ihr mit euren Freunden und Kameraden in den Kampf zieht. Vorsichtige Koordination macht den Unterschied und entscheidet \u00fcber Sieg oder Niederlage, denn nur so k\u00f6nnt ihr die verschiedenen m\u00e4chtigen Heldenf\u00e4higkeiten, die euch zur Verf\u00fcgung stehen, zu verheerenden Angriffen kombinieren<\/li>\n<li>Ver\u00e4ndert eure Herangehensweise: Selbst wenn es so aussieht, als ob euer Team der Niederlage nahe ist, k\u00f6nnt ihr jederzeit die Helden wechseln und so das Blatt zu euren Gunsten wenden. Aber vergesst nicht: Euer Gegner verf\u00fcgt \u00fcber dieselben Mittel. Meistert das Spiel im Spiel, w\u00e4hrend beide Teams ihre Strategie und Heldenzusammensetzung in einem konstanten Wettkampf anpassen, um so die Oberhand zu gewinnen<\/li>\n<li>Die Welt ist euer Schlachtfeld: Bewahrt die Geheimnisse des mysteri\u00f6sen Tempels des Anubis in \u00c4gypten, eskortiert eine EMP-Vorrichtung durch King&#8217;s Row in London und k\u00e4mpft an anderen wichtigen Orten \u00fcberall auf der Welt. Jede Karte hat ihren ganz eigenen Charakter und verf\u00fcgt \u00fcber ein einzigartiges Gameplay sowie teambasierte Ziel<\/li>\n<\/ul>\n<p><strong>Bonus-Inhalte der Legendary Edition<\/strong><\/p>\n<ul>\n<li>5 legend\u00e4re Heldenskins<\/li>\n<li>5 epische Heldenskins<\/li>\n<li>5 Origin-Heldenskins<\/li>\n<\/ul>\n","protected":false},"excerpt":{"rendered":"<p>Die Zukunft beginnt jetzt. Seid ihr dabei? K\u00e4mpft auf den Schlachtfeldern der Zukunft und w\u00e4hlt euren Helden aus einer Vielzahl von Soldaten, Wissenschaftlern, Abenteurern und Au\u00dfenseitern. Kr\u00fcmmt die Zeit, widersetzt euch den Gesetzen der Physik und entfesselt eine schwindelerregende Anzahl au\u00dfergew\u00f6hnlicher F\u00e4higkeiten und Waffen. Stellt euch euren Gegnern in diesem teambasierten Shooter an bekannten Orten [&hellip;]<\/p>\n","protected":false},"featured_media":2098,"comment_status":"open","ping_status":"closed","template":"","meta":{"_acf_changed":false},"product_cat":[166],"product_tag":[],"acf":[],"jetpack_sharing_enabled":true,"_links":{"self":[{"href":"http:\/\/pc-direkthandel.de\/wordpress\/wp-json\/wp\/v2\/product\/2097"}],"collection":[{"href":"http:\/\/pc-direkthandel.de\/wordpress\/wp-json\/wp\/v2\/product"}],"about":[{"href":"http:\/\/pc-direkthandel.de\/wordpress\/wp-json\/wp\/v2\/types\/product"}],"replies":[{"embeddable":true,"href":"http:\/\/pc-direkthandel.de\/wordpress\/wp-json\/wp\/v2\/comments?post=2097"}],"wp:featuredmedia":[{"embeddable":true,"href":"http:\/\/pc-direkthandel.de\/wordpress\/wp-json\/wp\/v2\/media\/2098"}],"wp:attachment":[{"href":"http:\/\/pc-direkthandel.de\/wordpress\/wp-json\/wp\/v2\/media?parent=2097"}],"wp:term":[{"taxonomy":"product_cat","embeddable":true,"href":"http:\/\/pc-direkthandel.de\/wordpress\/wp-json\/wp\/v2\/product_cat?post=2097"},{"taxonomy":"product_tag","embeddable":true,"href":"http:\/\/pc-direkthandel.de\/wordpress\/wp-json\/wp\/v2\/product_tag?post=2097"}],"curies":[{"name":"wp","href":"https:\/\/api.w.org\/{rel}","templated":true}]}}