{"id":2095,"date":"2019-09-18T15:18:52","date_gmt":"2019-09-18T13:18:52","guid":{"rendered":"http:\/\/pc-direkthandel.de\/wordpress\/?post_type=product&#038;p=2095"},"modified":"2019-09-18T15:20:19","modified_gmt":"2019-09-18T13:20:19","slug":"diablo-3-reaper-of-souls-addon","status":"publish","type":"product","link":"http:\/\/pc-direkthandel.de\/wordpress\/product\/diablo-3-reaper-of-souls-addon\/","title":{"rendered":"Diablo 3 &#8211; Reaper of Souls (Addon)"},"content":{"rendered":"<p>Niemand h\u00e4lt den Tod auf!<\/p>\n<p>Die H\u00f6llenf\u00fcrsten w\u00fcten im Inneren des Schwarzen Seelensteins und ihre Seelen lechzen nach Rache und Freiheit. Bevor das Artefakt jedoch f\u00fcr immer verborgen werden kann, erscheint Malthael \u2013 nun als Engel des Todes \u2013 in der Welt der Sterblichen.<\/p>\n<p>Er verfolgt ein t\u00f6dliches neues Ziel: Er will den Schwarzen Seelenstein an sich rei\u00dfen und dessen ganze h\u00f6llische Macht seinem Willen unterwerfen. So beginnt das Ende aller Tage &#8230;<\/p>\n<ul>\n<li>St\u00fcrze dich als Kreuzritter in die Schlacht: Eine nahezu undurchdringliche R\u00fcstung, gl\u00e4nzende Waffen und jede Menge Schaden \u2013 entfesselt die Macht des Kreuzritters, des neuen unverw\u00fcstlichen Helden von Sanktuario.<\/li>\n<li>Akt V erwartet dich: In Akt V der Handlung von Diablo III erwarten dich von den dicht vernetzten Stra\u00dfen Westmarks bis hin zu den uralten Mauern der Festung des Wahnsinns eine Vielzahl t\u00f6dlicher, neuer Gegner.<\/li>\n<li>Erschlie\u00dfe dir neue Macht: Gewinne durch die zus\u00e4tzlichen Stufen f\u00fcr deine Heldenklasse die Oberhand \u00fcber deine Feinde und schalte neue Kr\u00e4fte voller d\u00e4monenvernichtendem Potential frei.<\/li>\n<\/ul>\n","protected":false},"excerpt":{"rendered":"<p>Niemand h\u00e4lt den Tod auf! Die H\u00f6llenf\u00fcrsten w\u00fcten im Inneren des Schwarzen Seelensteins und ihre Seelen lechzen nach Rache und Freiheit. Bevor das Artefakt jedoch f\u00fcr immer verborgen werden kann, erscheint Malthael \u2013 nun als Engel des Todes \u2013 in der Welt der Sterblichen. Er verfolgt ein t\u00f6dliches neues Ziel: Er will den Schwarzen Seelenstein [&hellip;]<\/p>\n","protected":false},"featured_media":2096,"comment_status":"open","ping_status":"closed","template":"","meta":{"_acf_changed":false},"product_cat":[166],"product_tag":[],"acf":[],"jetpack_sharing_enabled":true,"_links":{"self":[{"href":"http:\/\/pc-direkthandel.de\/wordpress\/wp-json\/wp\/v2\/product\/2095"}],"collection":[{"href":"http:\/\/pc-direkthandel.de\/wordpress\/wp-json\/wp\/v2\/product"}],"about":[{"href":"http:\/\/pc-direkthandel.de\/wordpress\/wp-json\/wp\/v2\/types\/product"}],"replies":[{"embeddable":true,"href":"http:\/\/pc-direkthandel.de\/wordpress\/wp-json\/wp\/v2\/comments?post=2095"}],"wp:featuredmedia":[{"embeddable":true,"href":"http:\/\/pc-direkthandel.de\/wordpress\/wp-json\/wp\/v2\/media\/2096"}],"wp:attachment":[{"href":"http:\/\/pc-direkthandel.de\/wordpress\/wp-json\/wp\/v2\/media?parent=2095"}],"wp:term":[{"taxonomy":"product_cat","embeddable":true,"href":"http:\/\/pc-direkthandel.de\/wordpress\/wp-json\/wp\/v2\/product_cat?post=2095"},{"taxonomy":"product_tag","embeddable":true,"href":"http:\/\/pc-direkthandel.de\/wordpress\/wp-json\/wp\/v2\/product_tag?post=2095"}],"curies":[{"name":"wp","href":"https:\/\/api.w.org\/{rel}","templated":true}]}}