{"id":2088,"date":"2019-09-18T15:12:44","date_gmt":"2019-09-18T13:12:44","guid":{"rendered":"http:\/\/pc-direkthandel.de\/wordpress\/?post_type=product&#038;p=2088"},"modified":"2019-09-18T15:13:58","modified_gmt":"2019-09-18T13:13:58","slug":"destiny-2","status":"publish","type":"product","link":"http:\/\/pc-direkthandel.de\/wordpress\/product\/destiny-2\/","title":{"rendered":"Destiny 2"},"content":{"rendered":"<p>Die Sch\u00f6pfer des gefeierten Spiele-Hits Destiny pr\u00e4sentieren den hei\u00dfersehnten Nachfolger. Ein Action-Shooter, mit dem Sie auf eine epische Reise durch das Sonnensystem gehen.Die letzte sichere Stadt der Menschheit ist einer Invasions-\u00dcbermacht in die H\u00e4nde gefallen, angef\u00fchrt von Ghaul, dem imposanten Kommandanten der brutalen Rotlegion. Er hat den H\u00fctern der Stadt ihre Macht entzogen und die \u00dcberlebenden in die Flucht geschlagen. Sie reisen zu mysteri\u00f6sen, unbekannten Welten unseres Sonnensystems und entdecken ein Arsenal an Waffen und verheerenden neuen Kampffertigkeiten. Wenn Sie die Rotlegion besiegen und sich dem Ghaul stellen wollen, m\u00fcssen Sie die verstreuten Helden der Menschheit wiedervereinen, damit Sie gemeinsam unsere Heimat zur\u00fcckerobern k\u00f6nnen.<\/p>\n<ul>\n<li>Umfangreiche filmreife Story-Kampagne<\/li>\n<li>Zahlreiche Koop-Spielmodi f\u00fcr epischen Spa\u00df<\/li>\n<li>Intensive kompetitive 4-gegen-4-Mehrspieler-Partien, darunter 5 verschiedene PvP-Modi<\/li>\n<li>Weitl\u00e4ufige, noch nie zuvor gesehene Welten und Orte zum Erkunden<\/li>\n<li>Passe die Waffen und R\u00fcstung deines Charakters mit einer v\u00f6llig neuen Auswahl von Ausr\u00fcstung an.<\/li>\n<li>Erforsche die Verlorenen Sektoren, schlie\u00dfe neue Abenteuermissionen ab oder verb\u00fcnde dich bei \u00f6ffentlichen Events mit anderen H\u00fctern.<\/li>\n<\/ul>\n","protected":false},"excerpt":{"rendered":"<p>Die Sch\u00f6pfer des gefeierten Spiele-Hits Destiny pr\u00e4sentieren den hei\u00dfersehnten Nachfolger. Ein Action-Shooter, mit dem Sie auf eine epische Reise durch das Sonnensystem gehen.Die letzte sichere Stadt der Menschheit ist einer Invasions-\u00dcbermacht in die H\u00e4nde gefallen, angef\u00fchrt von Ghaul, dem imposanten Kommandanten der brutalen Rotlegion. Er hat den H\u00fctern der Stadt ihre Macht entzogen und die [&hellip;]<\/p>\n","protected":false},"featured_media":2089,"comment_status":"open","ping_status":"closed","template":"","meta":{"_acf_changed":false},"product_cat":[166],"product_tag":[],"acf":[],"jetpack_sharing_enabled":true,"_links":{"self":[{"href":"http:\/\/pc-direkthandel.de\/wordpress\/wp-json\/wp\/v2\/product\/2088"}],"collection":[{"href":"http:\/\/pc-direkthandel.de\/wordpress\/wp-json\/wp\/v2\/product"}],"about":[{"href":"http:\/\/pc-direkthandel.de\/wordpress\/wp-json\/wp\/v2\/types\/product"}],"replies":[{"embeddable":true,"href":"http:\/\/pc-direkthandel.de\/wordpress\/wp-json\/wp\/v2\/comments?post=2088"}],"wp:featuredmedia":[{"embeddable":true,"href":"http:\/\/pc-direkthandel.de\/wordpress\/wp-json\/wp\/v2\/media\/2089"}],"wp:attachment":[{"href":"http:\/\/pc-direkthandel.de\/wordpress\/wp-json\/wp\/v2\/media?parent=2088"}],"wp:term":[{"taxonomy":"product_cat","embeddable":true,"href":"http:\/\/pc-direkthandel.de\/wordpress\/wp-json\/wp\/v2\/product_cat?post=2088"},{"taxonomy":"product_tag","embeddable":true,"href":"http:\/\/pc-direkthandel.de\/wordpress\/wp-json\/wp\/v2\/product_tag?post=2088"}],"curies":[{"name":"wp","href":"https:\/\/api.w.org\/{rel}","templated":true}]}}