{"id":2084,"date":"2019-09-18T15:08:17","date_gmt":"2019-09-18T13:08:17","guid":{"rendered":"http:\/\/pc-direkthandel.de\/wordpress\/?post_type=product&#038;p=2084"},"modified":"2019-09-18T15:10:21","modified_gmt":"2019-09-18T13:10:21","slug":"wow-gamecard-prepaid-60-tage-eu","status":"publish","type":"product","link":"http:\/\/pc-direkthandel.de\/wordpress\/product\/wow-gamecard-prepaid-60-tage-eu\/","title":{"rendered":"WoW &#8211; Gamecard Prepaid 60 Tage [EU]"},"content":{"rendered":"<p>Die Prepaid Game Card ist eine komfortable Zahlungsmethode, um 60 Tage lang World of Warcraft spielen zu k\u00f6nnen. Folgen Sie den beiliegenden Anweisungen und in wenigen Minuten sind Sie wieder spielbereit. Die World of Warcraft Prepaid Game Card ist das perfekte Geschenk f\u00fcr alle Abenteurer in Azeroth! Nach Ablauf der 60 Tage fallen erneut Abonnementgeb\u00fchren an. Zum Spielen werden die Vollversion von World of Warcraft und eine Internetverbindung ben\u00f6tigt.<\/p>\n<p>Sie m\u00f6chten kein langfristiges Abonnement bei World of Warcraft abschlie\u00dfen aber dennoch spielen? Die L\u00f6sung ist eine WoW GameCard. Mit einer WoW GameCard kaufen Sie sich 2 Monate Spielzeit ohne ein Abonnement und ohne Kontoinformationen bei World of Warcraft abgeben zu m\u00fcssen. Mit einer WoW GameCard k\u00f6nnen Sie direkt los legen. Sie erhalten von uns direkt nach Zahlungseingang per eMail Ihren World of Warcraft GameCard Code und m\u00fcssen diesen nur noch in Ihrem Account aktivieren. Wir w\u00fcnschen Ihnen viel Spa\u00df in World of Warcraft mit Ihrer WoW GameCard!<\/p>\n<p>Jetzt WoW Gamecard kaufen!<\/p>\n<p>60 Tage Prepaid Game Card f\u00fcr das Online Rollenspiel World of Warcraft. Nach Zahlungseingang wird der Code an Ihre E-Mail Adresse versendet.<\/p>\n<p>60 Tage WoW [World of Warcraft] Gamecard f\u00fcr die EU Version!<\/p>\n<p>Die WoW Gamecard k\u00f6nnen Sie auch verwenden, um Zugang zu <strong>World of Warcraft Classic<\/strong> zu erhalten!<\/p>\n","protected":false},"excerpt":{"rendered":"<p>Die Prepaid Game Card ist eine komfortable Zahlungsmethode, um 60 Tage lang World of Warcraft spielen zu k\u00f6nnen. Folgen Sie den beiliegenden Anweisungen und in wenigen Minuten sind Sie wieder spielbereit. Die World of Warcraft Prepaid Game Card ist das perfekte Geschenk f\u00fcr alle Abenteurer in Azeroth! Nach Ablauf der 60 Tage fallen erneut Abonnementgeb\u00fchren [&hellip;]<\/p>\n","protected":false},"featured_media":2085,"comment_status":"open","ping_status":"closed","template":"","meta":{"_acf_changed":false},"product_cat":[166,163],"product_tag":[],"acf":[],"jetpack_sharing_enabled":true,"_links":{"self":[{"href":"http:\/\/pc-direkthandel.de\/wordpress\/wp-json\/wp\/v2\/product\/2084"}],"collection":[{"href":"http:\/\/pc-direkthandel.de\/wordpress\/wp-json\/wp\/v2\/product"}],"about":[{"href":"http:\/\/pc-direkthandel.de\/wordpress\/wp-json\/wp\/v2\/types\/product"}],"replies":[{"embeddable":true,"href":"http:\/\/pc-direkthandel.de\/wordpress\/wp-json\/wp\/v2\/comments?post=2084"}],"wp:featuredmedia":[{"embeddable":true,"href":"http:\/\/pc-direkthandel.de\/wordpress\/wp-json\/wp\/v2\/media\/2085"}],"wp:attachment":[{"href":"http:\/\/pc-direkthandel.de\/wordpress\/wp-json\/wp\/v2\/media?parent=2084"}],"wp:term":[{"taxonomy":"product_cat","embeddable":true,"href":"http:\/\/pc-direkthandel.de\/wordpress\/wp-json\/wp\/v2\/product_cat?post=2084"},{"taxonomy":"product_tag","embeddable":true,"href":"http:\/\/pc-direkthandel.de\/wordpress\/wp-json\/wp\/v2\/product_tag?post=2084"}],"curies":[{"name":"wp","href":"https:\/\/api.w.org\/{rel}","templated":true}]}}