{"id":2082,"date":"2019-09-18T15:05:18","date_gmt":"2019-09-18T13:05:18","guid":{"rendered":"http:\/\/pc-direkthandel.de\/wordpress\/?post_type=product&#038;p=2082"},"modified":"2019-09-18T15:07:57","modified_gmt":"2019-09-18T13:07:57","slug":"call-of-duty-black-ops-4","status":"publish","type":"product","link":"http:\/\/pc-direkthandel.de\/wordpress\/product\/call-of-duty-black-ops-4\/","title":{"rendered":"Call of Duty Black Ops 4"},"content":{"rendered":"<p>Black Ops ist zur\u00fcck: realistische Mehrspieler-K\u00e4mpfe, das bisher gr\u00f6\u00dfte Zombies-Paket an Tag 1 und Blackout, wo das Black Ops-Universum in einem gewaltigen Battle Royale-Erlebnis zum Leben erwacht. Der Black Ops Pass bietet das ultimative Call of Duty: Black Ops 4-Erlebnis. Ob Sie nun Mehrspieler-Fan sind oder Teil der Zombies-Community, der Black Ops Pass steckt voller neuer Inhalte f\u00fcr jeden Spielmodus, um Ihr Call of Duty-Erlebnis zu erweitern.<\/p>\n<p><strong>Features<\/strong><\/p>\n<ul>\n<li>BLACKOUT &#8211; In Blackout wird das Black Ops-Universum in einer gewaltigen Battle Royale-Erfahrung zum Leben erweckt. Es kombiniert Black Ops Signaturkampf und die gr\u00f6\u00dfte Karte der Call of Duty-Geschichte. Spielen Sie als Fan beliebte Charaktere und k\u00e4mpfen Sie durch ikonische Einstellungen in einer umfassenden \u00dcberlebens- und Eliminierungserfahrung<\/li>\n<li>MULTIPLAYER &#8211; Der Mehrspieler-Modus setzt neue Ma\u00dfst\u00e4be &#8211; mit dem bisher packendsten und realistischsten Kampferlebnis, dessen Fokus auf taktischem Spielen und Entscheidungen des Spielers liegt<\/li>\n<li>ZOMBIES &#8211; Black Ops 4 liefert das gr\u00f6\u00dfte Zombies-Angebot, das es je an Tag 1 gab, mit drei vollwertigen Spielerlebnissen: IX, Voyage of Despair und Blood of the Dead<\/li>\n<\/ul>\n<p>Jetzt Call of Duty Black Ops 4 kaufen!<\/p>\n<p>Bei MMOGA k\u00f6nnen Sie direkt online Ihren Call of Duty Black Ops 4 Key kaufen und diesen in Ihrem Battle.net Account aktivieren.<\/p>\n<p>Entwickler Treyarch will die Black Ops Serie, den Bestseller der CoD-Geschichte, mit CoD Black Ops 4 revolutionieren.<\/p>\n","protected":false},"excerpt":{"rendered":"<p>Black Ops ist zur\u00fcck: realistische Mehrspieler-K\u00e4mpfe, das bisher gr\u00f6\u00dfte Zombies-Paket an Tag 1 und Blackout, wo das Black Ops-Universum in einem gewaltigen Battle Royale-Erlebnis zum Leben erwacht. Der Black Ops Pass bietet das ultimative Call of Duty: Black Ops 4-Erlebnis. Ob Sie nun Mehrspieler-Fan sind oder Teil der Zombies-Community, der Black Ops Pass steckt voller [&hellip;]<\/p>\n","protected":false},"featured_media":2083,"comment_status":"open","ping_status":"closed","template":"","meta":{"_acf_changed":false},"product_cat":[166],"product_tag":[],"acf":[],"jetpack_sharing_enabled":true,"_links":{"self":[{"href":"http:\/\/pc-direkthandel.de\/wordpress\/wp-json\/wp\/v2\/product\/2082"}],"collection":[{"href":"http:\/\/pc-direkthandel.de\/wordpress\/wp-json\/wp\/v2\/product"}],"about":[{"href":"http:\/\/pc-direkthandel.de\/wordpress\/wp-json\/wp\/v2\/types\/product"}],"replies":[{"embeddable":true,"href":"http:\/\/pc-direkthandel.de\/wordpress\/wp-json\/wp\/v2\/comments?post=2082"}],"wp:featuredmedia":[{"embeddable":true,"href":"http:\/\/pc-direkthandel.de\/wordpress\/wp-json\/wp\/v2\/media\/2083"}],"wp:attachment":[{"href":"http:\/\/pc-direkthandel.de\/wordpress\/wp-json\/wp\/v2\/media?parent=2082"}],"wp:term":[{"taxonomy":"product_cat","embeddable":true,"href":"http:\/\/pc-direkthandel.de\/wordpress\/wp-json\/wp\/v2\/product_cat?post=2082"},{"taxonomy":"product_tag","embeddable":true,"href":"http:\/\/pc-direkthandel.de\/wordpress\/wp-json\/wp\/v2\/product_tag?post=2082"}],"curies":[{"name":"wp","href":"https:\/\/api.w.org\/{rel}","templated":true}]}}