{"id":2069,"date":"2019-09-18T12:55:52","date_gmt":"2019-09-18T10:55:52","guid":{"rendered":"http:\/\/pc-direkthandel.de\/wordpress\/?post_type=product&#038;p=2069"},"modified":"2019-09-18T12:56:48","modified_gmt":"2019-09-18T10:56:48","slug":"cashlib-gutschein-code-100-euro","status":"publish","type":"product","link":"http:\/\/pc-direkthandel.de\/wordpress\/product\/cashlib-gutschein-code-100-euro\/","title":{"rendered":"CASHlib Gutschein Code 100 Euro"},"content":{"rendered":"<p>Sie k\u00f6nnen Ihren CASHlib Gutschein Code bei einer Vielzahl an Onlineshops und Gaming-Seiten einl\u00f6sen. Wenn Sie auf der Seite einkaufen, k\u00f6nnen Sie als Zahlungsoption CASHlib w\u00e4hlen und geben dort dann Ihren Code ein.<\/p>\n","protected":false},"excerpt":{"rendered":"<p>Sie k\u00f6nnen Ihren CASHlib Gutschein Code bei einer Vielzahl an Onlineshops und Gaming-Seiten einl\u00f6sen. Wenn Sie auf der Seite einkaufen, k\u00f6nnen Sie als Zahlungsoption CASHlib w\u00e4hlen und geben dort dann Ihren Code ein.<\/p>\n","protected":false},"featured_media":2066,"comment_status":"open","ping_status":"closed","template":"","meta":{"_acf_changed":false},"product_cat":[163],"product_tag":[],"acf":[],"jetpack_sharing_enabled":true,"_links":{"self":[{"href":"http:\/\/pc-direkthandel.de\/wordpress\/wp-json\/wp\/v2\/product\/2069"}],"collection":[{"href":"http:\/\/pc-direkthandel.de\/wordpress\/wp-json\/wp\/v2\/product"}],"about":[{"href":"http:\/\/pc-direkthandel.de\/wordpress\/wp-json\/wp\/v2\/types\/product"}],"replies":[{"embeddable":true,"href":"http:\/\/pc-direkthandel.de\/wordpress\/wp-json\/wp\/v2\/comments?post=2069"}],"wp:featuredmedia":[{"embeddable":true,"href":"http:\/\/pc-direkthandel.de\/wordpress\/wp-json\/wp\/v2\/media\/2066"}],"wp:attachment":[{"href":"http:\/\/pc-direkthandel.de\/wordpress\/wp-json\/wp\/v2\/media?parent=2069"}],"wp:term":[{"taxonomy":"product_cat","embeddable":true,"href":"http:\/\/pc-direkthandel.de\/wordpress\/wp-json\/wp\/v2\/product_cat?post=2069"},{"taxonomy":"product_tag","embeddable":true,"href":"http:\/\/pc-direkthandel.de\/wordpress\/wp-json\/wp\/v2\/product_tag?post=2069"}],"curies":[{"name":"wp","href":"https:\/\/api.w.org\/{rel}","templated":true}]}}