{"id":2056,"date":"2019-09-18T12:17:31","date_gmt":"2019-09-18T10:17:31","guid":{"rendered":"http:\/\/pc-direkthandel.de\/wordpress\/?post_type=product&#038;p=2056"},"modified":"2019-09-18T12:18:42","modified_gmt":"2019-09-18T10:18:42","slug":"google-play-geschenkkarte-100-euro","status":"publish","type":"product","link":"http:\/\/pc-direkthandel.de\/wordpress\/product\/google-play-geschenkkarte-100-euro\/","title":{"rendered":"Google Play Geschenkkarte 100 Euro"},"content":{"rendered":"<p class=\"bb-accordion-title expanded\">In nur 30 Sekunden Google Play Guthaben kaufen und bei Google Play in Millionen von Android-Apps und Spielen st\u00f6bern. Nach wenigen Klicks und der Bezahlung mit einer unserer sicheren Zahlungsmethoden erhalten Sie den Gutscheincode bequem per E-Mail in Ihr Postfach.<\/p>\n<p>Auf der weltweit gr\u00f6\u00dften Plattform f\u00fcr Mobile Gaming warten dann Kracher wie Lords Mobile, Summoners Wars oder Clash of Clans auf Sie. Ihren Gutscheincode k\u00f6nnen Sie auch f\u00fcr die neuesten Apps, Filme, Musik und noch vieles mehr einl\u00f6sen.<\/p>\n<p><strong>Allgemeine Gesch\u00e4ftsbedingungen<\/strong><\/p>\n<div class=\"bb-accordion bb-accordion-expanded\">\n<div class=\"bb-accordion-answer\">\n<p>Verwende den Code dieser Geschenkkarte nur bei Google Play. Wenn du von Dritten nach dem Code gefragt wirst, k\u00f6nnte es sich um einen Betrugsversuch handeln. Unter <a href=\"http:\/\/play.google.com\/giftcardscam\" target=\"_blank\" rel=\"noopener noreferrer\">play.google.com\/giftcardscam<\/a> erf\u00e4hrst du mehr.<\/p>\n<p>Nutzungsbedingungen: Die vollst\u00e4ndigen Nutzungsbedingungen sind unter play.google.com\/de-card-terms zu finden. Google Play-Geschenkkarten werden von Google Commerce Limited (&#8222;GCL&#8220;) ausgestellt und verkauft. Sie k\u00f6nnen nur von Personen ab 16 Jahren mit Wohnsitz in Deutschland eingel\u00f6st werden. Zum Einl\u00f6sen ben\u00f6tigt man ein Google Payments-Konto und Internetzugriff. Geschenkkarten k\u00f6nnen ausschlie\u00dflich f\u00fcr den Kauf ausgew\u00e4hlter Artikel bei Google Play verwendet werden. Nicht verwendbar f\u00fcr Hardware, E-Books und bestimmte Abonnements. Zuk\u00fcnftige Einschr\u00e4nkungen vorbehalten. F\u00fcr die Nutzung der Karte fallen keine Geb\u00fchren an und es gibt kein Ablaufdatum. Die Geschenkkarte kann nicht gegen Bargeld oder andere Karten eingel\u00f6st, wieder aufgeladen oder mit anderen, nicht von Google Play stammenden Guthaben kombiniert werden, und es ist nicht zul\u00e4ssig, sie weiterzuverkaufen, zu tauschen oder entgeltlich zu \u00fcbertragen. Der Nutzer ist f\u00fcr die sichere Aufbewahrung der Karte verantwortlich. Weitere Informationen gibt es unter support.google.com\/googleplay\/go\/cardhelp.<\/p>\n<p>Geschenkkarte ausgestellt und verkauft von Google Commerce Limited, um ein durch Google Payment Limited ausgegebenes Guthaben zu erwerben. Einl\u00f6sen erfordert Google Payments-Konto und Internetzugriff. Nicht verwendbar f\u00fcr B\u00fccher, Hardware und bestimmte Abonnements. Zuk\u00fcnftige Einschr\u00e4nkungen vorbehalten. Kann nicht ausgezahlt werden. Erneute Aufladung oder Erstattung ist nicht m\u00f6glich. Darf, au\u00dfer soweit gesetzlich erlaubt, nicht weiterverkauft, eingetauscht oder entgeltlich \u00fcbertragen werden. Nutzer ist f\u00fcr einen Verlust verantwortlich. Die vollst\u00e4ndigen Bedingungen sind abrufbar unter <a href=\"http:\/\/play.google.com\/de-card-terms\" target=\"_blank\" rel=\"noopener noreferrer\">play.google.com\/de-card-terms<\/a>.<\/p>\n<\/div>\n<\/div>\n","protected":false},"excerpt":{"rendered":"<p>In nur 30 Sekunden Google Play Guthaben kaufen und bei Google Play in Millionen von Android-Apps und Spielen st\u00f6bern. Nach wenigen Klicks und der Bezahlung mit einer unserer sicheren Zahlungsmethoden erhalten Sie den Gutscheincode bequem per E-Mail in Ihr Postfach. Auf der weltweit gr\u00f6\u00dften Plattform f\u00fcr Mobile Gaming warten dann Kracher wie Lords Mobile, Summoners [&hellip;]<\/p>\n","protected":false},"featured_media":2048,"comment_status":"open","ping_status":"closed","template":"","meta":{"_acf_changed":false},"product_cat":[165],"product_tag":[],"acf":[],"jetpack_sharing_enabled":true,"_links":{"self":[{"href":"http:\/\/pc-direkthandel.de\/wordpress\/wp-json\/wp\/v2\/product\/2056"}],"collection":[{"href":"http:\/\/pc-direkthandel.de\/wordpress\/wp-json\/wp\/v2\/product"}],"about":[{"href":"http:\/\/pc-direkthandel.de\/wordpress\/wp-json\/wp\/v2\/types\/product"}],"replies":[{"embeddable":true,"href":"http:\/\/pc-direkthandel.de\/wordpress\/wp-json\/wp\/v2\/comments?post=2056"}],"wp:featuredmedia":[{"embeddable":true,"href":"http:\/\/pc-direkthandel.de\/wordpress\/wp-json\/wp\/v2\/media\/2048"}],"wp:attachment":[{"href":"http:\/\/pc-direkthandel.de\/wordpress\/wp-json\/wp\/v2\/media?parent=2056"}],"wp:term":[{"taxonomy":"product_cat","embeddable":true,"href":"http:\/\/pc-direkthandel.de\/wordpress\/wp-json\/wp\/v2\/product_cat?post=2056"},{"taxonomy":"product_tag","embeddable":true,"href":"http:\/\/pc-direkthandel.de\/wordpress\/wp-json\/wp\/v2\/product_tag?post=2056"}],"curies":[{"name":"wp","href":"https:\/\/api.w.org\/{rel}","templated":true}]}}