{"id":2036,"date":"2019-09-18T11:19:17","date_gmt":"2019-09-18T09:19:17","guid":{"rendered":"http:\/\/pc-direkthandel.de\/wordpress\/?post_type=product&#038;p=2036"},"modified":"2019-09-18T11:49:49","modified_gmt":"2019-09-18T09:49:49","slug":"spotify-premium-10-euro","status":"publish","type":"product","link":"http:\/\/pc-direkthandel.de\/wordpress\/product\/spotify-premium-10-euro\/","title":{"rendered":"Spotify Premium 10 Euro"},"content":{"rendered":"<p>Auf Guthaben.de lassen sich Spotify Premium Codes einfach und schnell bestellen oder verschenken. Eine Spotify Geschenkkarte verschafft Ihnen Ihren lang ersehnten Zugang zu Spotify Premium. Damit kommen Sie in den Genuss, jederzeit Ihre Lieblingsinterpreten h\u00f6ren zu k\u00f6nnen. Ganz egal, ob auf dem Computer, Laptop, Tablet oder Ihrem Smartphone. Die Gutscheine sind im Wert von 10 \u20ac oder 30 \u20ac erh\u00e4ltlich. Sie k\u00f6nnen aber auch Gutscheine im Wert von 15 \u20ac erwerben und Ihren Liebenden mit Spotify Premium Family im Haus eine Freude machen! Damit kann jedes Familienmitglied auch unabh\u00e4ngig voneinander seine eigene Musik h\u00f6ren. Spotify Gutscheine sind auch das perfekte Weihnachtsgeschenk! Bezahlen Sie im Anschluss mit Sofort\u00fcberweisung oder einer unserer anderen sicheren Zahlungsm\u00f6glichkeiten.<\/p>\n","protected":false},"excerpt":{"rendered":"<p>Auf Guthaben.de lassen sich Spotify Premium Codes einfach und schnell bestellen oder verschenken. Eine Spotify Geschenkkarte verschafft Ihnen Ihren lang ersehnten Zugang zu Spotify Premium. Damit kommen Sie in den Genuss, jederzeit Ihre Lieblingsinterpreten h\u00f6ren zu k\u00f6nnen. Ganz egal, ob auf dem Computer, Laptop, Tablet oder Ihrem Smartphone. Die Gutscheine sind im Wert von 10 [&hellip;]<\/p>\n","protected":false},"featured_media":2037,"comment_status":"open","ping_status":"closed","template":"","meta":{"_acf_changed":false},"product_cat":[164],"product_tag":[],"acf":[],"jetpack_sharing_enabled":true,"_links":{"self":[{"href":"http:\/\/pc-direkthandel.de\/wordpress\/wp-json\/wp\/v2\/product\/2036"}],"collection":[{"href":"http:\/\/pc-direkthandel.de\/wordpress\/wp-json\/wp\/v2\/product"}],"about":[{"href":"http:\/\/pc-direkthandel.de\/wordpress\/wp-json\/wp\/v2\/types\/product"}],"replies":[{"embeddable":true,"href":"http:\/\/pc-direkthandel.de\/wordpress\/wp-json\/wp\/v2\/comments?post=2036"}],"wp:featuredmedia":[{"embeddable":true,"href":"http:\/\/pc-direkthandel.de\/wordpress\/wp-json\/wp\/v2\/media\/2037"}],"wp:attachment":[{"href":"http:\/\/pc-direkthandel.de\/wordpress\/wp-json\/wp\/v2\/media?parent=2036"}],"wp:term":[{"taxonomy":"product_cat","embeddable":true,"href":"http:\/\/pc-direkthandel.de\/wordpress\/wp-json\/wp\/v2\/product_cat?post=2036"},{"taxonomy":"product_tag","embeddable":true,"href":"http:\/\/pc-direkthandel.de\/wordpress\/wp-json\/wp\/v2\/product_tag?post=2036"}],"curies":[{"name":"wp","href":"https:\/\/api.w.org\/{rel}","templated":true}]}}