{"id":2017,"date":"2019-09-17T21:42:19","date_gmt":"2019-09-17T19:42:19","guid":{"rendered":"http:\/\/pc-direkthandel.de\/wordpress\/?post_type=product&#038;p=2017"},"modified":"2019-09-18T11:18:08","modified_gmt":"2019-09-18T09:18:08","slug":"itunes-guthabenkarte-50-euro","status":"publish","type":"product","link":"http:\/\/pc-direkthandel.de\/wordpress\/product\/itunes-guthabenkarte-50-euro\/","title":{"rendered":"iTunes Guthabenkarte 50 Euro"},"content":{"rendered":"<p>Eine iTunes Geschenkkarte f\u00fcr iPod- und iPhone-Freunde in Ihrer Umgebung ist das ideale Geschenk, mit dem Freunde und Familie alte Lieblingslieder neu entdecken oder die neuesten Hits, Podcasts und Filme genie\u00dfen k\u00f6nnen. Mit einer vorausbezahlten iTunes Geschenkkarte k\u00f6nnen sie im f\u00fchrenden Download-Store alle Arten digitaler Unterhaltung kaufen und \u00fcberall auf ihren iPods, iPhones oder zu Hause mit iTunes f\u00fcr Mac oder Windows abspielen.<\/p>\n<p>Der Code Ihrer erworbenen iTunes Karte wird Ihnen innerhalb von 5-10 Minuten nach Zahlungseingang per Email zugesendet. So verlieren Sie keine Zeit und k\u00f6nnen Ihre iTunes Card sofort zum Laden Ihrer Musik und vielem mehr nutzen.Diese iTunes Card ist nur im deutschen iTunes Store einl\u00f6sbar. F\u00fcr den Einkauf im deutschen Shop ben\u00f6tigen Sie einen deutschen Account f\u00fcr iTunes.<\/p>\n","protected":false},"excerpt":{"rendered":"<p>Eine iTunes Geschenkkarte f\u00fcr iPod- und iPhone-Freunde in Ihrer Umgebung ist das ideale Geschenk, mit dem Freunde und Familie alte Lieblingslieder neu entdecken oder die neuesten Hits, Podcasts und Filme genie\u00dfen k\u00f6nnen. Mit einer vorausbezahlten iTunes Geschenkkarte k\u00f6nnen sie im f\u00fchrenden Download-Store alle Arten digitaler Unterhaltung kaufen und \u00fcberall auf ihren iPods, iPhones oder zu [&hellip;]<\/p>\n","protected":false},"featured_media":2035,"comment_status":"open","ping_status":"closed","template":"","meta":{"_acf_changed":false},"product_cat":[164],"product_tag":[],"acf":[],"jetpack_sharing_enabled":true,"_links":{"self":[{"href":"http:\/\/pc-direkthandel.de\/wordpress\/wp-json\/wp\/v2\/product\/2017"}],"collection":[{"href":"http:\/\/pc-direkthandel.de\/wordpress\/wp-json\/wp\/v2\/product"}],"about":[{"href":"http:\/\/pc-direkthandel.de\/wordpress\/wp-json\/wp\/v2\/types\/product"}],"replies":[{"embeddable":true,"href":"http:\/\/pc-direkthandel.de\/wordpress\/wp-json\/wp\/v2\/comments?post=2017"}],"wp:featuredmedia":[{"embeddable":true,"href":"http:\/\/pc-direkthandel.de\/wordpress\/wp-json\/wp\/v2\/media\/2035"}],"wp:attachment":[{"href":"http:\/\/pc-direkthandel.de\/wordpress\/wp-json\/wp\/v2\/media?parent=2017"}],"wp:term":[{"taxonomy":"product_cat","embeddable":true,"href":"http:\/\/pc-direkthandel.de\/wordpress\/wp-json\/wp\/v2\/product_cat?post=2017"},{"taxonomy":"product_tag","embeddable":true,"href":"http:\/\/pc-direkthandel.de\/wordpress\/wp-json\/wp\/v2\/product_tag?post=2017"}],"curies":[{"name":"wp","href":"https:\/\/api.w.org\/{rel}","templated":true}]}}