{"id":2005,"date":"2019-09-17T21:30:48","date_gmt":"2019-09-17T19:30:48","guid":{"rendered":"http:\/\/pc-direkthandel.de\/wordpress\/?post_type=product&#038;p=2005"},"modified":"2019-09-18T12:24:30","modified_gmt":"2019-09-18T10:24:30","slug":"crypto-voucher-gift-card-50-euro","status":"publish","type":"product","link":"http:\/\/pc-direkthandel.de\/wordpress\/product\/crypto-voucher-gift-card-50-euro\/","title":{"rendered":"Crypto Voucher Gift Card 50 Euro"},"content":{"rendered":"<p>Bitcoins sind die W\u00e4hrung, die Grenzen \u00fcberschreitet und die globale Natur des weltweiten Informationswebs darstellt &#8211; dem Internet. Es gibt viele M\u00f6glichkeiten an Bitcoins zu kommen. Sie k\u00f6nnen Bitcoins mit Ihrer Kreditkarte kaufen, Sie k\u00f6nnen Mining betreiben, um Bitcoins mit etwas Gl\u00fcck und einem leistungsstarken PC kostenlos zu erhalten, oder Sie kaufen Bitcoin Guthabenkarten, um die anderen Methoden zu umgehen und die Privatsph\u00e4re zu maximieren.<\/p>\n<p><strong>Wie kann ich Bitcoins schnell und einfach erhalten?<\/strong><\/p>\n<p>Bitcoins zu minen ben\u00f6tigt viel Zeit und kann die Lebensdauer Ihres Rechners verringern. Der Bitcoin-Markt ist vielleicht nicht die L\u00f6sung f\u00fcr Sie. Der einfachste Weg, um schnell und einfach BTC zu kaufen sind Bitcoin Guthabenkarten.<\/p>\n<p><strong>Warum Crypto Guthabenkarten?<\/strong><\/p>\n<p>Warum sollten Sie Bitcoins mit Crypto Guthabenkarten kaufen? Wir garantieren Ihnen eine schnelle, sichere Transaktion und sofortige \u00dcbertragung Ihrer neu erworbenen Cryptow\u00e4hrung in Ihr angegebenes Wallet. Au\u00dferdem aktualisieren sich unsere Bitcoin Wechselkurse alle 15 Sekunden, um sicherzustellen, dass die Preise immer im Einklang mit dem Markt sind.<\/p>\n<p><strong>Wie l\u00f6se ich die Guthabenkarte ein?<\/strong><\/p>\n<p>Um Ihre Bitcoin Guthabenkarte einzul\u00f6sen, tippen Sie einfach die Buchstaben und Ziffern, die Sie mit Ihrer Guthabenkarte erhalten haben, im Textfeld auf <a title=\"cryptovoucher.io Guthabenkarte einl\u00f6sen\" href=\"https:\/\/cryptovoucher.io\/redeem-now\" target=\"_blank\" rel=\"nofollow noopener noreferrer\">https:\/\/cryptovoucher.io\/redeem-now<\/a> ein. Nachdem Sie das Wallet, dass Sie aufladen m\u00f6chten, ausgesucht haben, best\u00e4tigen Sie die Anfrage und erhalten Ihre gew\u00fcnschte Cryptow\u00e4hrung sofort auf Ihr angegebenes Wallet.<\/p>\n<p>Das Einl\u00f6sen Ihrer Bitcoin-Guthabenkarte erfolgt sofort und bindet Sie nicht ab unerw\u00fcnschte zus\u00e4tzliche Dienste. Sobald Sie Ihre Guthabenkarte eingel\u00f6st haben, ist das Gesch\u00e4ft abgeschlossen.<\/p>\n<p>Ihr ausgew\u00e4hltes Wallet erh\u00e4lt die entsprechende Menge an Bitcoins angepasst an den aktuellen Wechselkurs.<\/p>\n<p>Derzeit sind die Kryptow\u00e4hrungen Bitcoin, Ethereum, Ripple, Bitcoin Cash, Litecoin, Ethereum Classic, 0x und Dash erh\u00e4ltlich. Crypto Voucher m\u00f6chte im Laufe der Zeit weitere Kryptow\u00e4hrungen in sein Sortiment aufnehmen.<\/p>\n","protected":false},"excerpt":{"rendered":"<p>Bitcoins sind die W\u00e4hrung, die Grenzen \u00fcberschreitet und die globale Natur des weltweiten Informationswebs darstellt &#8211; dem Internet. Es gibt viele M\u00f6glichkeiten an Bitcoins zu kommen. Sie k\u00f6nnen Bitcoins mit Ihrer Kreditkarte kaufen, Sie k\u00f6nnen Mining betreiben, um Bitcoins mit etwas Gl\u00fcck und einem leistungsstarken PC kostenlos zu erhalten, oder Sie kaufen Bitcoin Guthabenkarten, um [&hellip;]<\/p>\n","protected":false},"featured_media":2059,"comment_status":"open","ping_status":"closed","template":"","meta":{"_acf_changed":false},"product_cat":[163],"product_tag":[],"acf":[],"jetpack_sharing_enabled":true,"_links":{"self":[{"href":"http:\/\/pc-direkthandel.de\/wordpress\/wp-json\/wp\/v2\/product\/2005"}],"collection":[{"href":"http:\/\/pc-direkthandel.de\/wordpress\/wp-json\/wp\/v2\/product"}],"about":[{"href":"http:\/\/pc-direkthandel.de\/wordpress\/wp-json\/wp\/v2\/types\/product"}],"replies":[{"embeddable":true,"href":"http:\/\/pc-direkthandel.de\/wordpress\/wp-json\/wp\/v2\/comments?post=2005"}],"wp:featuredmedia":[{"embeddable":true,"href":"http:\/\/pc-direkthandel.de\/wordpress\/wp-json\/wp\/v2\/media\/2059"}],"wp:attachment":[{"href":"http:\/\/pc-direkthandel.de\/wordpress\/wp-json\/wp\/v2\/media?parent=2005"}],"wp:term":[{"taxonomy":"product_cat","embeddable":true,"href":"http:\/\/pc-direkthandel.de\/wordpress\/wp-json\/wp\/v2\/product_cat?post=2005"},{"taxonomy":"product_tag","embeddable":true,"href":"http:\/\/pc-direkthandel.de\/wordpress\/wp-json\/wp\/v2\/product_tag?post=2005"}],"curies":[{"name":"wp","href":"https:\/\/api.w.org\/{rel}","templated":true}]}}