{"id":1999,"date":"2019-09-17T21:24:26","date_gmt":"2019-09-17T19:24:26","guid":{"rendered":"http:\/\/pc-direkthandel.de\/wordpress\/?post_type=product&#038;p=1999"},"modified":"2019-09-18T12:35:37","modified_gmt":"2019-09-18T10:35:37","slug":"bitcoin-krypto-gutschein-25-euro","status":"publish","type":"product","link":"http:\/\/pc-direkthandel.de\/wordpress\/product\/bitcoin-krypto-gutschein-25-euro\/","title":{"rendered":"Bitcoin Krypto-Gutschein 25 Euro"},"content":{"rendered":"<p>Bitnovo-Gutscheine k\u00f6nnen f\u00fcr Bitcoin oder andere Kryptow\u00e4hrungen eingel\u00f6st werden. Sie k\u00f6nnen Bitnovo einfach hier \u00fcber Guthaben.de bestellen. Ganz gem\u00fctlich von Ihrer Couch aus! Bitnovo-Krypto-Gutscheine sind die einfachste und sicherste M\u00f6glichkeit, um Kryptow\u00e4hrungen zu erwerben. Und auch die schnellste! Innerhalb von nur wenigen Sekunden erhalten Sie Ihren Bitnovo Code per E-Mail, den Sie dann in Rekordzeit in Ihre virtuelle Brieftasche hinzuf\u00fcgen k\u00f6nnen. Bequem, einfach, schnell, sicher \u2013 bei Guthaben.de!<\/p>\n","protected":false},"excerpt":{"rendered":"<p>Bitnovo-Gutscheine k\u00f6nnen f\u00fcr Bitcoin oder andere Kryptow\u00e4hrungen eingel\u00f6st werden. Sie k\u00f6nnen Bitnovo einfach hier \u00fcber Guthaben.de bestellen. Ganz gem\u00fctlich von Ihrer Couch aus! Bitnovo-Krypto-Gutscheine sind die einfachste und sicherste M\u00f6glichkeit, um Kryptow\u00e4hrungen zu erwerben. Und auch die schnellste! Innerhalb von nur wenigen Sekunden erhalten Sie Ihren Bitnovo Code per E-Mail, den Sie dann in Rekordzeit [&hellip;]<\/p>\n","protected":false},"featured_media":2061,"comment_status":"open","ping_status":"closed","template":"","meta":{"_acf_changed":false},"product_cat":[163],"product_tag":[],"acf":[],"jetpack_sharing_enabled":true,"_links":{"self":[{"href":"http:\/\/pc-direkthandel.de\/wordpress\/wp-json\/wp\/v2\/product\/1999"}],"collection":[{"href":"http:\/\/pc-direkthandel.de\/wordpress\/wp-json\/wp\/v2\/product"}],"about":[{"href":"http:\/\/pc-direkthandel.de\/wordpress\/wp-json\/wp\/v2\/types\/product"}],"replies":[{"embeddable":true,"href":"http:\/\/pc-direkthandel.de\/wordpress\/wp-json\/wp\/v2\/comments?post=1999"}],"wp:featuredmedia":[{"embeddable":true,"href":"http:\/\/pc-direkthandel.de\/wordpress\/wp-json\/wp\/v2\/media\/2061"}],"wp:attachment":[{"href":"http:\/\/pc-direkthandel.de\/wordpress\/wp-json\/wp\/v2\/media?parent=1999"}],"wp:term":[{"taxonomy":"product_cat","embeddable":true,"href":"http:\/\/pc-direkthandel.de\/wordpress\/wp-json\/wp\/v2\/product_cat?post=1999"},{"taxonomy":"product_tag","embeddable":true,"href":"http:\/\/pc-direkthandel.de\/wordpress\/wp-json\/wp\/v2\/product_tag?post=1999"}],"curies":[{"name":"wp","href":"https:\/\/api.w.org\/{rel}","templated":true}]}}