{"id":1992,"date":"2019-09-17T19:12:19","date_gmt":"2019-09-17T17:12:19","guid":{"rendered":"http:\/\/pc-direkthandel.de\/wordpress\/?post_type=product&#038;p=1992"},"modified":"2019-09-17T19:13:47","modified_gmt":"2019-09-17T17:13:47","slug":"wrc-8-fia-world-rally-championship","status":"publish","type":"product","link":"http:\/\/pc-direkthandel.de\/wordpress\/product\/wrc-8-fia-world-rally-championship\/","title":{"rendered":"WRC 8 &#8211; FIA World Rally Championship"},"content":{"rendered":"<p>Die WRC Championship ist der schwierigste und unberechenbarste Motorsportwettbewerb der Welt. Fahrer, Beifahrer und technisches Personal m\u00fcssen sich st\u00e4ndig anpassen, um das Beste aus ihren Autos herauszuholen und auf jedem Stra\u00dfenbelag am schnellsten zu sein, bei jedem Wetter, Tag und Nacht.<\/p>\n<p>Mit dem neuen dynamischen Wettersystem, das f\u00fcr WRC 8 entwickelt wurde, wirken sich Regen, Schnee und Hagelschauer st\u00e4rker aus, was zu einer wesentlich realistischeren Simulation f\u00fchrt. \u00c4nderung der Bodenhaftung w\u00e4hrend des Rennens, Abstimmung der Fahrzeuge auf die jeweilige Wertungspr\u00fcfung, Reifenauswahl und Bevorratung m\u00fcssen ber\u00fccksichtigt werden und auch die richtige Nutzung des Wetterteams, um die beste Beratung zu erhalten &#8230; Das Wetter ist viel mehr als ein visueller Effekt \u2212 jetzt spielt es endlich seine volle St\u00e4rke aus und verleiht dem Spiel eine ganz neue Dimension.<\/p>\n<p>Im Einzelmodus gilt es, die neuen Herausforderungen eines komplett \u00fcberarbeiteten, realistischeren Karrieremodus anzunehmen, der in Zusammenarbeit mit WRC-Fahrern entwickelt wurde: Termin- und Aktivit\u00e4tsmanagement zwischen den Rallyes, Forschung und Entwicklung zur Verbesserung des Autos, Rekrutierung und Management des Personals (Mechaniker, Ingenieure, Medizin- und Wetterteam, Finanzdirektor, Kommunikationsmanager etc.).<\/p>\n<p>Im Multiplayer-Modus sind w\u00f6chentliche Challenges und eSports WRC wieder da, und der Wettbewerb ist intensiver denn je. Die Herausforderung wartet!<\/p>\n<p>Jetzt WRC 8 kaufen!<\/p>\n<p>Bei uns bekommen Sie den Key f\u00fcr die Aktivierung des Spiels von Bigben Interactive innerhalb der angegebenen Lieferzeit direkt per Email zugesendet.<\/p>\n<p>Mit 50 Teams, 14 Rallyes und mehr als 100 Wertungspr\u00fcfungen aus der Saison 2019 ist WRC 8 das umfangreichste Offroad-Rennspiel aller Zeiten!<\/p>\n<p>Mit dem Key k\u00f6nnen Sie WRC 8 FIA World Rally Championship via Epic Games Store kostenlos herunterladen und installieren.<\/p>\n<p>Den Epic Games Launcher finden Sie <a title=\"Epic Games Launcher\" href=\"https:\/\/launcher-public-service-prod06.ol.epicgames.com\/launcher\/api\/installer\/download\/EpicGamesLauncherInstaller.msi\" rel=\"nofollow\">hier<\/a>.<\/p>\n","protected":false},"excerpt":{"rendered":"<p>Die WRC Championship ist der schwierigste und unberechenbarste Motorsportwettbewerb der Welt. Fahrer, Beifahrer und technisches Personal m\u00fcssen sich st\u00e4ndig anpassen, um das Beste aus ihren Autos herauszuholen und auf jedem Stra\u00dfenbelag am schnellsten zu sein, bei jedem Wetter, Tag und Nacht. Mit dem neuen dynamischen Wettersystem, das f\u00fcr WRC 8 entwickelt wurde, wirken sich Regen, [&hellip;]<\/p>\n","protected":false},"featured_media":1993,"comment_status":"open","ping_status":"closed","template":"","meta":{"_acf_changed":false},"product_cat":[162],"product_tag":[],"acf":[],"jetpack_sharing_enabled":true,"_links":{"self":[{"href":"http:\/\/pc-direkthandel.de\/wordpress\/wp-json\/wp\/v2\/product\/1992"}],"collection":[{"href":"http:\/\/pc-direkthandel.de\/wordpress\/wp-json\/wp\/v2\/product"}],"about":[{"href":"http:\/\/pc-direkthandel.de\/wordpress\/wp-json\/wp\/v2\/types\/product"}],"replies":[{"embeddable":true,"href":"http:\/\/pc-direkthandel.de\/wordpress\/wp-json\/wp\/v2\/comments?post=1992"}],"wp:featuredmedia":[{"embeddable":true,"href":"http:\/\/pc-direkthandel.de\/wordpress\/wp-json\/wp\/v2\/media\/1993"}],"wp:attachment":[{"href":"http:\/\/pc-direkthandel.de\/wordpress\/wp-json\/wp\/v2\/media?parent=1992"}],"wp:term":[{"taxonomy":"product_cat","embeddable":true,"href":"http:\/\/pc-direkthandel.de\/wordpress\/wp-json\/wp\/v2\/product_cat?post=1992"},{"taxonomy":"product_tag","embeddable":true,"href":"http:\/\/pc-direkthandel.de\/wordpress\/wp-json\/wp\/v2\/product_tag?post=1992"}],"curies":[{"name":"wp","href":"https:\/\/api.w.org\/{rel}","templated":true}]}}