{"id":1986,"date":"2019-09-17T19:09:21","date_gmt":"2019-09-17T17:09:21","guid":{"rendered":"http:\/\/pc-direkthandel.de\/wordpress\/?post_type=product&#038;p=1986"},"modified":"2019-09-17T19:10:47","modified_gmt":"2019-09-17T17:10:47","slug":"the-sinking-city","status":"publish","type":"product","link":"http:\/\/pc-direkthandel.de\/wordpress\/product\/the-sinking-city\/","title":{"rendered":"The Sinking City"},"content":{"rendered":"<p>The Sinking City ist ein Action- und Erkundungsspiel in einer offenen Welt, inspiriert vom Universum des H.P. Lovecraft, dem Meister des Horrors. Die halb \u00fcberflutete Stadt Oakmont befindet sich in den F\u00e4ngen \u00fcbernat\u00fcrlicher M\u00e4chte. Du bist ein Privatdetektiv und musst herausfinden, von was die Stadt und ihre Bewohner besessen sind.<\/p>\n<p><strong>Features<\/strong><\/p>\n<ul>\n<li>Eine bedr\u00fcckende Atmosph\u00e4re und Handlung, inspiriert vom Universum des H.P. Lovecraft<\/li>\n<li>Eine weite offene Welt, die zu Fu\u00df, per Boot oder im Taucheranzug erkundet werden kann<\/li>\n<li>Hoher Wiederspielwert dank des offenen Untersuchungssystems: Jeder Fall kann auf verschiedene Weisen gel\u00f6st werden, mit unterschiedlichen Enden, abh\u00e4ngig von deinen Aktionen<\/li>\n<li>Ein Waffenarsenal aus den 1920ern mit dem du dich albtraumhaften Kreaturen stellst<\/li>\n<li>Bewahre dir deine geistige Gesundheit, um herauszufinden, was hinter dem Wahnsinn steckt<\/li>\n<\/ul>\n<p>Jetzt The Sinking City kaufen!<\/p>\n<p>Bei uns bekommen Sie den Key f\u00fcr die Aktivierung des Spiels von Bigben Interactive innerhalb der angegebenen Lieferzeit direkt per Email zugesendet.<\/p>\n<p>In den 1920ern an der Ostk\u00fcste der Vereinigten Staaten ist die halb \u00fcberflutete Stadt Oakmont in den F\u00e4ngen \u00fcbernat\u00fcrlicher M\u00e4chte&#8230;<\/p>\n<p>Mit dem Key k\u00f6nnen Sie The Sinking City via Epic Games Store herunterladen und installieren.<\/p>\n<p>Den Epic Games Launcher finden Sie <a title=\"Epic Games Launcher\" href=\"https:\/\/launcher-public-service-prod06.ol.epicgames.com\/launcher\/api\/installer\/download\/EpicGamesLauncherInstaller.msi\" rel=\"nofollow\">hier<\/a>.<\/p>\n","protected":false},"excerpt":{"rendered":"<p>The Sinking City ist ein Action- und Erkundungsspiel in einer offenen Welt, inspiriert vom Universum des H.P. Lovecraft, dem Meister des Horrors. Die halb \u00fcberflutete Stadt Oakmont befindet sich in den F\u00e4ngen \u00fcbernat\u00fcrlicher M\u00e4chte. Du bist ein Privatdetektiv und musst herausfinden, von was die Stadt und ihre Bewohner besessen sind. Features Eine bedr\u00fcckende Atmosph\u00e4re und [&hellip;]<\/p>\n","protected":false},"featured_media":1989,"comment_status":"open","ping_status":"closed","template":"","meta":{"_acf_changed":false},"product_cat":[162],"product_tag":[],"acf":[],"jetpack_sharing_enabled":true,"_links":{"self":[{"href":"http:\/\/pc-direkthandel.de\/wordpress\/wp-json\/wp\/v2\/product\/1986"}],"collection":[{"href":"http:\/\/pc-direkthandel.de\/wordpress\/wp-json\/wp\/v2\/product"}],"about":[{"href":"http:\/\/pc-direkthandel.de\/wordpress\/wp-json\/wp\/v2\/types\/product"}],"replies":[{"embeddable":true,"href":"http:\/\/pc-direkthandel.de\/wordpress\/wp-json\/wp\/v2\/comments?post=1986"}],"wp:featuredmedia":[{"embeddable":true,"href":"http:\/\/pc-direkthandel.de\/wordpress\/wp-json\/wp\/v2\/media\/1989"}],"wp:attachment":[{"href":"http:\/\/pc-direkthandel.de\/wordpress\/wp-json\/wp\/v2\/media?parent=1986"}],"wp:term":[{"taxonomy":"product_cat","embeddable":true,"href":"http:\/\/pc-direkthandel.de\/wordpress\/wp-json\/wp\/v2\/product_cat?post=1986"},{"taxonomy":"product_tag","embeddable":true,"href":"http:\/\/pc-direkthandel.de\/wordpress\/wp-json\/wp\/v2\/product_tag?post=1986"}],"curies":[{"name":"wp","href":"https:\/\/api.w.org\/{rel}","templated":true}]}}