{"id":1980,"date":"2019-09-17T19:04:43","date_gmt":"2019-09-17T17:04:43","guid":{"rendered":"http:\/\/pc-direkthandel.de\/wordpress\/?post_type=product&#038;p=1980"},"modified":"2019-09-17T19:05:59","modified_gmt":"2019-09-17T17:05:59","slug":"world-war-z","status":"publish","type":"product","link":"http:\/\/pc-direkthandel.de\/wordpress\/product\/world-war-z\/","title":{"rendered":"World War Z"},"content":{"rendered":"<p>World War Z ist ein adrenalinreicher Koop-Shooter f\u00fcr vier Spieler, in dem gigantische Schw\u00e4rme von Untoten ihre lebende Beute gnadenlos verfolgen.Mit einem Auge auf rasantem Gameplay und inspiriert vom unglaublich beliebten Paramount Pictures-Film erforscht World War Z neue Geschichten und Charaktere aus der gesamten Welt. Erlebt aufregende, \u00fcberw\u00e4ltigende und grauenhaft spannende Missionen, eigens entwickelt f\u00fcr moderne PCs.<\/p>\n<p>Jetzt World War Z kaufen!<\/p>\n<p>Bei uns bekommen Sie den Key f\u00fcr die Aktivierung des Spiels von Focus Home Interactive innerhalb der angegebenen Lieferzeit direkt per Email zugesendet.<\/p>\n<p>In World War Z, basierend auf dem gleichnamigen beliebten Film, erleben Sie die Zombie-Invasion! Ein Koop-Shooter f\u00fcr bis zu 4 Spieler.<\/p>\n<p>Mit dem Key k\u00f6nnen Sie World War Z via Epic Games Store kostenlos herunterladen und installieren.<\/p>\n<p>Den Epic Games Launcher finden Sie <a title=\"Epic Games Launcher\" href=\"https:\/\/launcher-public-service-prod06.ol.epicgames.com\/launcher\/api\/installer\/download\/EpicGamesLauncherInstaller.msi\" rel=\"nofollow\">hier<\/a>.<\/p>\n","protected":false},"excerpt":{"rendered":"<p>World War Z ist ein adrenalinreicher Koop-Shooter f\u00fcr vier Spieler, in dem gigantische Schw\u00e4rme von Untoten ihre lebende Beute gnadenlos verfolgen.Mit einem Auge auf rasantem Gameplay und inspiriert vom unglaublich beliebten Paramount Pictures-Film erforscht World War Z neue Geschichten und Charaktere aus der gesamten Welt. Erlebt aufregende, \u00fcberw\u00e4ltigende und grauenhaft spannende Missionen, eigens entwickelt f\u00fcr [&hellip;]<\/p>\n","protected":false},"featured_media":1981,"comment_status":"open","ping_status":"closed","template":"","meta":{"_acf_changed":false},"product_cat":[162],"product_tag":[],"acf":[],"jetpack_sharing_enabled":true,"_links":{"self":[{"href":"http:\/\/pc-direkthandel.de\/wordpress\/wp-json\/wp\/v2\/product\/1980"}],"collection":[{"href":"http:\/\/pc-direkthandel.de\/wordpress\/wp-json\/wp\/v2\/product"}],"about":[{"href":"http:\/\/pc-direkthandel.de\/wordpress\/wp-json\/wp\/v2\/types\/product"}],"replies":[{"embeddable":true,"href":"http:\/\/pc-direkthandel.de\/wordpress\/wp-json\/wp\/v2\/comments?post=1980"}],"wp:featuredmedia":[{"embeddable":true,"href":"http:\/\/pc-direkthandel.de\/wordpress\/wp-json\/wp\/v2\/media\/1981"}],"wp:attachment":[{"href":"http:\/\/pc-direkthandel.de\/wordpress\/wp-json\/wp\/v2\/media?parent=1980"}],"wp:term":[{"taxonomy":"product_cat","embeddable":true,"href":"http:\/\/pc-direkthandel.de\/wordpress\/wp-json\/wp\/v2\/product_cat?post=1980"},{"taxonomy":"product_tag","embeddable":true,"href":"http:\/\/pc-direkthandel.de\/wordpress\/wp-json\/wp\/v2\/product_tag?post=1980"}],"curies":[{"name":"wp","href":"https:\/\/api.w.org\/{rel}","templated":true}]}}