{"id":1978,"date":"2019-09-17T19:03:05","date_gmt":"2019-09-17T17:03:05","guid":{"rendered":"http:\/\/pc-direkthandel.de\/wordpress\/?post_type=product&#038;p=1978"},"modified":"2019-09-17T19:04:31","modified_gmt":"2019-09-17T17:04:31","slug":"control","status":"publish","type":"product","link":"http:\/\/pc-direkthandel.de\/wordpress\/product\/control\/","title":{"rendered":"Control"},"content":{"rendered":"<p>Nachdem eine geheimnisvolle Agentur in New York von einer jenseitigen Bedrohung angegriffen wurde, werden Sie zum neuen Direktor, der um die Wiedererlangung der Kontrolle k\u00e4mpfen muss.<\/p>\n<p>Vom Entwickler Remedy Entertainment wird dieses \u00fcbernat\u00fcrliche Action-Adventure in 3rd-Person-Perspektive Sie herausfordern, die Kombination aus \u00fcbernat\u00fcrlichen F\u00e4higkeiten, modifizierbaren Auslastungen und reaktiven Umgebungen zu meistern, w\u00e4hrend Sie sich durch eine tiefgr\u00fcndige und unvorhersehbare Welt k\u00e4mpfen.<\/p>\n<p>Jetzt Control kaufen!<\/p>\n<p>Bei uns bekommen Sie den Key f\u00fcr die Aktivierung des Spiels von 505 Games innerhalb der angegebenen Lieferzeit direkt per Email zugesendet.<\/p>\n<p>Control ist das neue Spiel von Remedy, den Erfindern von Max Payne. Erlangen Sie die Kontrolle angesichts einer \u00fcbernat\u00fcrlichen Bedrohung!<\/p>\n<p>Mit dem Key k\u00f6nnen Sie Control via Epic Games Store kostenlos herunterladen und installieren.<\/p>\n<p>Den Epic Games Launcher finden Sie <a title=\"Epic Games Launcher\" href=\"https:\/\/launcher-public-service-prod06.ol.epicgames.com\/launcher\/api\/installer\/download\/EpicGamesLauncherInstaller.msi\" rel=\"nofollow\">hier<\/a>.<\/p>\n","protected":false},"excerpt":{"rendered":"<p>Nachdem eine geheimnisvolle Agentur in New York von einer jenseitigen Bedrohung angegriffen wurde, werden Sie zum neuen Direktor, der um die Wiedererlangung der Kontrolle k\u00e4mpfen muss. Vom Entwickler Remedy Entertainment wird dieses \u00fcbernat\u00fcrliche Action-Adventure in 3rd-Person-Perspektive Sie herausfordern, die Kombination aus \u00fcbernat\u00fcrlichen F\u00e4higkeiten, modifizierbaren Auslastungen und reaktiven Umgebungen zu meistern, w\u00e4hrend Sie sich durch eine [&hellip;]<\/p>\n","protected":false},"featured_media":1979,"comment_status":"open","ping_status":"closed","template":"","meta":{"_acf_changed":false},"product_cat":[162],"product_tag":[],"acf":[],"jetpack_sharing_enabled":true,"_links":{"self":[{"href":"http:\/\/pc-direkthandel.de\/wordpress\/wp-json\/wp\/v2\/product\/1978"}],"collection":[{"href":"http:\/\/pc-direkthandel.de\/wordpress\/wp-json\/wp\/v2\/product"}],"about":[{"href":"http:\/\/pc-direkthandel.de\/wordpress\/wp-json\/wp\/v2\/types\/product"}],"replies":[{"embeddable":true,"href":"http:\/\/pc-direkthandel.de\/wordpress\/wp-json\/wp\/v2\/comments?post=1978"}],"wp:featuredmedia":[{"embeddable":true,"href":"http:\/\/pc-direkthandel.de\/wordpress\/wp-json\/wp\/v2\/media\/1979"}],"wp:attachment":[{"href":"http:\/\/pc-direkthandel.de\/wordpress\/wp-json\/wp\/v2\/media?parent=1978"}],"wp:term":[{"taxonomy":"product_cat","embeddable":true,"href":"http:\/\/pc-direkthandel.de\/wordpress\/wp-json\/wp\/v2\/product_cat?post=1978"},{"taxonomy":"product_tag","embeddable":true,"href":"http:\/\/pc-direkthandel.de\/wordpress\/wp-json\/wp\/v2\/product_tag?post=1978"}],"curies":[{"name":"wp","href":"https:\/\/api.w.org\/{rel}","templated":true}]}}