{"id":1976,"date":"2019-09-17T19:01:13","date_gmt":"2019-09-17T17:01:13","guid":{"rendered":"http:\/\/pc-direkthandel.de\/wordpress\/?post_type=product&#038;p=1976"},"modified":"2019-09-17T19:02:44","modified_gmt":"2019-09-17T17:02:44","slug":"ancestors-the-humankind-odyssey","status":"publish","type":"product","link":"http:\/\/pc-direkthandel.de\/wordpress\/product\/ancestors-the-humankind-odyssey\/","title":{"rendered":"Ancestors &#8211; The Humankind Odyssey"},"content":{"rendered":"<p>Ancestors: The Humankind Odyssey ist ein Open-World-Survivalspiel aus der Verfolgerperspektive, in dem Sie Ihren Clan durch Erforschung, Expansion und Entwicklung voranbringen, um die n\u00e4chste Generation zu erreichen \u2013 ein aufregendes neues Abenteuer von den Entwicklern von Assassin\u2019s Creed.<\/p>\n<p>Begeben Sie sich auf die unglaublichste Odyssee, die die Menschheit je erlebte: die menschliche Evolution. Wir beginnen im Kapitel \u201eBefore Us\u201c, das vor zehn Millionen Jahren in Afrika begann und vor zwei Millionen Jahren endete. Diese Zeitperiode nennt man das Neogen. Erforschen Sie eine wundersch\u00f6ne und gnadenlose Welt, erst schwingend von Ast zu Ast des Dschungels, sp\u00e4ter pirschen Sie sich in den goldenen Savannen an Ihre Beute an. Entscheiden Sie sich, was Ihr Clan erlernen und verfeinern soll, um es kommenden Generationen weiterzugeben, seien es Werkzeuge oder Taktiken, um gef\u00e4hrliche Tiere zu besiegen. Wie im echten Leben auch m\u00fcssen Sie essen, trinken und schlafen, um am Leben zu bleiben und genug Energie zu haben, um sich allen Gefahren zu stellen, die auf Sie warten.<\/p>\n<p>Lassen Sie Ihren Clan wachsen und nutzen Sie die \u00dcberzahl, um die wichtigsten evolution\u00e4ren Stufen der Menschheit zu durchlaufen. Ihre Entscheidungen schreiben die Geschichte Ihres Clans und bestimmen, ob Sie es an die Spitze der Nahrungskette schaffen \u2013 oder untergehen.<\/p>\n<p><strong>Features<\/strong><\/p>\n<ul>\n<li>Erforschen Sie das gnadenlose Afrika: Erforschen Sie das nie zuvor erlebte Afrika des Neogen, vor zehn Millionen Jahren zur Geburtsstunde der Menschheit. Die Reise beginnt in den Spitzen der B\u00e4ume eines dichten Dschungels und nimmt uns mit zu den goldenen Savannen. Die Landschaft ist wundersch\u00f6n, doch hinter jeder atemberaubenden Aussicht lauert die Gefahr in Form des Wetters und jagender Tiere<\/li>\n<li>Erweitern Sie Ihr Gebiet und lassen Sie Ihren Clan wachsen: Erh\u00f6hen Sie Ihre \u00dcberlebenschancen, indem Sie neue Mitglieder Ihrer Spezies vereinen und kommende Generationen aufziehen. Steuern Sie verschiedene Clan-Mitglieder, formen Sie Bande, um Familien zu gr\u00fcnden und arbeiten Sie zusammen \u2013 nur so k\u00f6nnen Sie gef\u00e4hrliche Fleischfresser einsch\u00fcchtern. Besiegen Sie die Angst und erforschen Sie unbekannte Orte, um Ihr Gebiet zu vergr\u00f6\u00dfern<\/li>\n<li>Entwickeln Sie sich \u00fcber die Generationen: Erleben Sie die physische und intellektuelle Evolution der ersten Hominiden, w\u00e4hrend diese ihre Umgebung erforschen, lernen und \u00fcberleben. In einem Zeitraum zwischen zehn und zwei Millionen Jahren vor unserer Zeitrechnung \u00fcbernehmen Sie die Rolle eines der ersten Hominiden und entwickeln sich \u00fcber einen Zeitraum von Millionen von Jahren durch die wichtigsten Schritte der menschlichen Evolution. Machen Sie \u00fcberlebenswichtige Entdeckungen und verbessern Sie physische F\u00e4higkeiten, die an kommende Generationen wie Ardipithecus ramidus und Australopithecus weitergegeben werden<\/li>\n<li>W\u00e4hlen Sie, wie Sie \u00fcberleben: Die Evolution war nie in Stein geschrieben. Ihre Entscheidungen legen fest, wie Ihr Clan Hindernisse \u00fcberwindet, die Spezies vergr\u00f6\u00dfert und Wissen an kommende Generationen weitergibt. Konzentrieren Sie sich auf bestimmte Attribute oder w\u00e4hlen Sie eine ausgeglichene \u00dcberlebenstaktik. Jede Wahl beeinflusst direkt, wie gut Ihr Clan \u00fcberleben kann \u2013 so wird jede Erfahrung jedes Spielers einzigartig<\/li>\n<\/ul>\n<p>Jetzt Ancestors The Humankind Odyssey kaufen!<\/p>\n<p>Bei uns bekommen Sie den Key f\u00fcr die Aktivierung des Spiels von Private Division innerhalb der angegebenen Lieferzeit direkt per Email zugesendet.<\/p>\n<p>Ein Open-World-Spiel, in dem Sie f\u00fcr ihren Clan ums \u00dcberleben k\u00e4mpfen und Teil der Evolution sind!<\/p>\n<p>Mit dem Key k\u00f6nnen Sie Ancestors The Humankind Odyssey via Epic Games Store kostenlos herunterladen und installieren.<\/p>\n<p>Den Epic Games Launcher finden Sie <a title=\"Epic Games Launcher\" href=\"https:\/\/launcher-public-service-prod06.ol.epicgames.com\/launcher\/api\/installer\/download\/EpicGamesLauncherInstaller.msi\" rel=\"nofollow\">hier<\/a>.<\/p>\n","protected":false},"excerpt":{"rendered":"<p>Ancestors: The Humankind Odyssey ist ein Open-World-Survivalspiel aus der Verfolgerperspektive, in dem Sie Ihren Clan durch Erforschung, Expansion und Entwicklung voranbringen, um die n\u00e4chste Generation zu erreichen \u2013 ein aufregendes neues Abenteuer von den Entwicklern von Assassin\u2019s Creed. Begeben Sie sich auf die unglaublichste Odyssee, die die Menschheit je erlebte: die menschliche Evolution. Wir beginnen [&hellip;]<\/p>\n","protected":false},"featured_media":1977,"comment_status":"open","ping_status":"closed","template":"","meta":{"_acf_changed":false},"product_cat":[162],"product_tag":[],"acf":[],"jetpack_sharing_enabled":true,"_links":{"self":[{"href":"http:\/\/pc-direkthandel.de\/wordpress\/wp-json\/wp\/v2\/product\/1976"}],"collection":[{"href":"http:\/\/pc-direkthandel.de\/wordpress\/wp-json\/wp\/v2\/product"}],"about":[{"href":"http:\/\/pc-direkthandel.de\/wordpress\/wp-json\/wp\/v2\/types\/product"}],"replies":[{"embeddable":true,"href":"http:\/\/pc-direkthandel.de\/wordpress\/wp-json\/wp\/v2\/comments?post=1976"}],"wp:featuredmedia":[{"embeddable":true,"href":"http:\/\/pc-direkthandel.de\/wordpress\/wp-json\/wp\/v2\/media\/1977"}],"wp:attachment":[{"href":"http:\/\/pc-direkthandel.de\/wordpress\/wp-json\/wp\/v2\/media?parent=1976"}],"wp:term":[{"taxonomy":"product_cat","embeddable":true,"href":"http:\/\/pc-direkthandel.de\/wordpress\/wp-json\/wp\/v2\/product_cat?post=1976"},{"taxonomy":"product_tag","embeddable":true,"href":"http:\/\/pc-direkthandel.de\/wordpress\/wp-json\/wp\/v2\/product_tag?post=1976"}],"curies":[{"name":"wp","href":"https:\/\/api.w.org\/{rel}","templated":true}]}}