{"id":1967,"date":"2019-09-17T18:51:15","date_gmt":"2019-09-17T16:51:15","guid":{"rendered":"http:\/\/pc-direkthandel.de\/wordpress\/?post_type=product&#038;p=1967"},"modified":"2019-09-17T18:54:23","modified_gmt":"2019-09-17T16:54:23","slug":"borderlands-3","status":"publish","type":"product","link":"http:\/\/pc-direkthandel.de\/wordpress\/product\/borderlands-3\/","title":{"rendered":"Borderlands 3"},"content":{"rendered":"<p>Der originale Shooter-Looter kehrt zur\u00fcck mit Bazillionen an Waffen und einem Abenteuer voller Gemetzel! Ballere dich als einer von vier neuen Kammer-J\u00e4gern durch neue Welten und Feinde. Spiele solo oder mit Freunden, um dich irren Gegnern zu stellen, hole dir massenweise Beute und rette deine Heimat vor den skrupellosesten Kultanf\u00fchrern der Galaxis.<\/p>\n<p><strong>Features<\/strong><\/p>\n<ul>\n<li>EINE ACHTERBAHNFAHRT DURCH DAS CHAOS &#8211; Stelle dich den fanatischen Calypso-Zwillingen entgegen, die die Banditen gegeneinander aufbringen wollen, um sich die ultimative Macht \u00fcber die Galaxis zu sichern<\/li>\n<li>DEIN KAMMER-J\u00c4GER, DEINE ART ZU SPIELEN &#8211; Werde einer von 4 neuen Kammer-J\u00e4gern, jeder mit detailliertem Talentbaum, F\u00e4higkeiten und Anpassungsm\u00f6glichkeiten<\/li>\n<li>EIN SCHUSS, EIN TREFFER, MASSIG BEUTE &#8211; Mit Bazillionen an Waffen und Apparaten gibt dir jeder Kampf die M\u00f6glichkeit, neue Ausr\u00fcstung zu ergattern<\/li>\n<li>NEUE GEBIETE IN DEN BORDERLANDS &#8211; Entdecke neue Welten abseits von Pandora, jede davon mit einzigartigen Umgebungen und Gegnern<\/li>\n<\/ul>\n<p>Jetzt Borderlands 3 kaufen!<\/p>\n<p>Bei uns bekommen Sie den Key f\u00fcr die Aktivierung des Spiels von 2K Games innerhalb der angegebenen Lieferzeit direkt per Email zugesendet.<\/p>\n<p>Mit Borderlands 3 kehrt eine der beliebtesten Shooter-Spielereihen zur\u00fcck, mit neuen Abenteuern und ganz viel Loot!<\/p>\n<p>Mit dem Key k\u00f6nnen Sie Borderlands 3 via Epic Games Store kostenlos herunterladen und installieren.<\/p>\n<p>Den Epic Games Launcher finden Sie <a title=\"Epic Games Launcher\" href=\"https:\/\/launcher-public-service-prod06.ol.epicgames.com\/launcher\/api\/installer\/download\/EpicGamesLauncherInstaller.msi\" rel=\"nofollow\">hier<\/a>.<\/p>\n","protected":false},"excerpt":{"rendered":"<p>Der originale Shooter-Looter kehrt zur\u00fcck mit Bazillionen an Waffen und einem Abenteuer voller Gemetzel! Ballere dich als einer von vier neuen Kammer-J\u00e4gern durch neue Welten und Feinde. Spiele solo oder mit Freunden, um dich irren Gegnern zu stellen, hole dir massenweise Beute und rette deine Heimat vor den skrupellosesten Kultanf\u00fchrern der Galaxis. Features EINE ACHTERBAHNFAHRT [&hellip;]<\/p>\n","protected":false},"featured_media":1968,"comment_status":"open","ping_status":"closed","template":"","meta":{"_acf_changed":false},"product_cat":[162],"product_tag":[],"acf":[],"jetpack_sharing_enabled":true,"_links":{"self":[{"href":"http:\/\/pc-direkthandel.de\/wordpress\/wp-json\/wp\/v2\/product\/1967"}],"collection":[{"href":"http:\/\/pc-direkthandel.de\/wordpress\/wp-json\/wp\/v2\/product"}],"about":[{"href":"http:\/\/pc-direkthandel.de\/wordpress\/wp-json\/wp\/v2\/types\/product"}],"replies":[{"embeddable":true,"href":"http:\/\/pc-direkthandel.de\/wordpress\/wp-json\/wp\/v2\/comments?post=1967"}],"wp:featuredmedia":[{"embeddable":true,"href":"http:\/\/pc-direkthandel.de\/wordpress\/wp-json\/wp\/v2\/media\/1968"}],"wp:attachment":[{"href":"http:\/\/pc-direkthandel.de\/wordpress\/wp-json\/wp\/v2\/media?parent=1967"}],"wp:term":[{"taxonomy":"product_cat","embeddable":true,"href":"http:\/\/pc-direkthandel.de\/wordpress\/wp-json\/wp\/v2\/product_cat?post=1967"},{"taxonomy":"product_tag","embeddable":true,"href":"http:\/\/pc-direkthandel.de\/wordpress\/wp-json\/wp\/v2\/product_tag?post=1967"}],"curies":[{"name":"wp","href":"https:\/\/api.w.org\/{rel}","templated":true}]}}