{"id":1965,"date":"2019-09-17T18:39:57","date_gmt":"2019-09-17T16:39:57","guid":{"rendered":"http:\/\/pc-direkthandel.de\/wordpress\/?post_type=product&#038;p=1965"},"modified":"2019-09-17T18:42:03","modified_gmt":"2019-09-17T16:42:03","slug":"quake-champions-champions-pack-edition","status":"publish","type":"product","link":"http:\/\/pc-direkthandel.de\/wordpress\/product\/quake-champions-champions-pack-edition\/","title":{"rendered":"Quake Champions (Champions Pack Edition)"},"content":{"rendered":"<p>Quake Champions wurde von id Software in Zusammenarbeit mit Saber Interactive entwickelt und stellt die R\u00fcckkehr zu den frenetischen, rasanten Gefechten dar, die Quake vor mehr als 20 Jahren als Urvater der Multiplayer-Shooter etablierten. Quake Champions vereint den d\u00fcsteren Mythos des ersten Quake mit den bahnbrechenden Mehrspielerschlachten von Quake III Arena und integriert zus\u00e4tzlich ein modernes Element \u2013 Champions. Diese m\u00e4chtigen Krieger verf\u00fcgen \u00fcber einzigartige Attribute und F\u00e4higkeiten, wodurch Spieler mit ihrem ganz eigenen Stil spielen k\u00f6nnen, w\u00e4hrend dem Spiel dadurch ein zus\u00e4tzliches strategisches Element verliehen wird.<\/p>\n<p><strong>Features<\/strong><\/p>\n<ul>\n<li>Das n\u00e4chste gro\u00dfe Quake &#8211; Quakes einzigartiges Wettkampf-Feeling, bei dem alles von den eigenen Skills abh\u00e4ngt, die unverwechselbaren Rocket Jumps und das m\u00f6rderische Tempo bleiben erhalten, sodass Veteranen vieles wiedererkennen werden und neuen Spielern eine komplett neue M\u00f6glichkeit geboten wird, ihre Multiplayer-F\u00e4higkeiten unter Beweis zu stellen<\/li>\n<li>Fantastische und vielf\u00e4ltige Champions &#8211; Quake Champions bietet eine gro\u00dfe Auswahl von Elite-Champions mit einzigartigen Eigenschaften und F\u00e4higkeiten, die sich perfekt in das Gameplay von Quake einf\u00fcgen. Die Champions sind bunt, charismatisch \u2013 manchmal auch etwas schrill \u2013 und besitzen jeweils eine aktive und passive F\u00e4higkeit, die bestimmte Spielstile erm\u00f6glichen<\/li>\n<li>Kompromisslose Waffen, bereit f\u00fcr den Kampf &#8211; Quakes Arsenal verheerender Waffen, darunter Fanlieblinge wie der donnernde Rocket Launcher, die elektrisierende Lightning Gun und die bei Snipern beliebte Railgun feiern ihre Wiederkehr und werden von einigen Neuzug\u00e4ngen begleitet<\/li>\n<li>Packende Spielmodi &#8211; Bekannte und beliebte Spielmodi kehren zur\u00fcck, wie die wilden Fragpartys namens Deathmatch und Team-Deathmatch sowie das erbarmungslos brutale Duell, bei dem sich zwei Spieler gegen\u00fcberstehen. Hinzu kommt der neue teambasierte Sacrifice-Modus<\/li>\n<\/ul>\n<p><strong>Inhalte der Champions Pack Edition<\/strong><\/p>\n<ul>\n<li>Quake Champions (Originalspiel)<\/li>\n<li>Champions Pack (DLC)<\/li>\n<\/ul>\n<p>Jetzt Quake Champions kaufen!<\/p>\n<p>Bei uns bekommen Sie den Key f\u00fcr die Aktivierung des Spiels von id software innerhalb der angegebenen Lieferzeit direkt per Email zugesendet.<\/p>\n<p>Quake Champions stellt die R\u00fcckkehr zu den frenetischen Gefechten dar, die Quake als Urvater der Multiplayer-Shooter etablierten!<\/p>\n<p>Mit dem Key k\u00f6nnen Sie Quake Champions via Bethesda.net Launcher herunterladen und installieren.<\/p>\n<p>Den Bethesda.net Launcher Download finden Sie <a href=\"http:\/\/download.cdp.bethesda.net\/BethesdaNetLauncher_Setup.exe\" target=\"_blank\" rel=\"nofollow noopener noreferrer\">hier<\/a>.<\/p>\n<p><strong>Achtung:<\/strong> Es handelt sich hierbei um ein Early Access Game, eine fr\u00fche spielbare Version eines Spiels, das sich derzeit noch in der Entwicklung befindet. Die endg\u00fcltige Vollversion ist im Kaufpreis inbegriffen. Im Laufe der Zeit bis zum finalen Release ver\u00f6ffentlichen die Entwickler regelm\u00e4\u00dfig Updates und Verbesserungen.<\/p>\n<p>Es handelt sich um einen EU Key, der nur innerhalb von Europa genutzt bzw. aktiviert werden kann.<\/p>\n<p>&nbsp;<\/p>\n<p>&nbsp;<\/p>\n","protected":false},"excerpt":{"rendered":"<p>Quake Champions wurde von id Software in Zusammenarbeit mit Saber Interactive entwickelt und stellt die R\u00fcckkehr zu den frenetischen, rasanten Gefechten dar, die Quake vor mehr als 20 Jahren als Urvater der Multiplayer-Shooter etablierten. Quake Champions vereint den d\u00fcsteren Mythos des ersten Quake mit den bahnbrechenden Mehrspielerschlachten von Quake III Arena und integriert zus\u00e4tzlich ein [&hellip;]<\/p>\n","protected":false},"featured_media":1966,"comment_status":"open","ping_status":"closed","template":"","meta":{"_acf_changed":false},"product_cat":[160],"product_tag":[],"acf":[],"jetpack_sharing_enabled":true,"_links":{"self":[{"href":"http:\/\/pc-direkthandel.de\/wordpress\/wp-json\/wp\/v2\/product\/1965"}],"collection":[{"href":"http:\/\/pc-direkthandel.de\/wordpress\/wp-json\/wp\/v2\/product"}],"about":[{"href":"http:\/\/pc-direkthandel.de\/wordpress\/wp-json\/wp\/v2\/types\/product"}],"replies":[{"embeddable":true,"href":"http:\/\/pc-direkthandel.de\/wordpress\/wp-json\/wp\/v2\/comments?post=1965"}],"wp:featuredmedia":[{"embeddable":true,"href":"http:\/\/pc-direkthandel.de\/wordpress\/wp-json\/wp\/v2\/media\/1966"}],"wp:attachment":[{"href":"http:\/\/pc-direkthandel.de\/wordpress\/wp-json\/wp\/v2\/media?parent=1965"}],"wp:term":[{"taxonomy":"product_cat","embeddable":true,"href":"http:\/\/pc-direkthandel.de\/wordpress\/wp-json\/wp\/v2\/product_cat?post=1965"},{"taxonomy":"product_tag","embeddable":true,"href":"http:\/\/pc-direkthandel.de\/wordpress\/wp-json\/wp\/v2\/product_tag?post=1965"}],"curies":[{"name":"wp","href":"https:\/\/api.w.org\/{rel}","templated":true}]}}