{"id":1959,"date":"2019-09-17T18:34:41","date_gmt":"2019-09-17T16:34:41","guid":{"rendered":"http:\/\/pc-direkthandel.de\/wordpress\/?post_type=product&#038;p=1959"},"modified":"2019-09-17T18:36:06","modified_gmt":"2019-09-17T16:36:06","slug":"rage-2","status":"publish","type":"product","link":"http:\/\/pc-direkthandel.de\/wordpress\/product\/rage-2\/","title":{"rendered":"Rage 2"},"content":{"rendered":"<p>St\u00fcrzen Sie sich kopf\u00fcber in eine dystopische Welt ohne Struktur, Recht und Ordnung. F\u00fcr RAGE 2 zeichnen zwei Studio-Giganten verantwortlich \u2013Avalanche Studios, Herrscher \u00fcber die wahnwitzigsten offenen Welten, und die Egoshooter-Pioniere id Software \u2013, um ein Chaosfest sondergleichen abzuliefern. Gehen Sie, wohin Sie wollen. Schie\u00dfen Sie, auf was Sie wollen. Jagen Sie alles in die Luft, was Sie auch nur schief anschaut.<\/p>\n<p><strong>Features<\/strong><\/p>\n<ul>\n<li>DER LETZTE RANGER &#8211; Teilen Sie eine ordentliche Schmerzladung aus mit einem Arsenal an verbesserungsf\u00e4higen Waffen, vernichtenden Nanotrit-Kr\u00e4ften und dem Overdrive, der F\u00e4higkeit, Schusswaffen weit \u00fcber ihre mechanischen Grenzen zu pushen<\/li>\n<li>BLUTIGE BLEIF\u00dcSSE &#8211; Von Monstertrucks bis zu Gyrokoptern steht Ihnen eine breite Auswahl an robusten und \u00d6dland-erprobten Fahrzeugen zur Verf\u00fcgung, mit denen Sie \u00fcber das Brachland rasen k\u00f6nnen. Einsteigen und aufs Gas treten!<\/li>\n<li>FRAKTIONEN &amp; FEINDE &#8211; Ringen Sie mit grimmigen Fraktionen um die Herrschaft \u00fcber das \u00d6dland! Jede besteht aus einer derben Ansammlung von Verr\u00fcckten, Mutanten und blutgierigen Monstern<\/li>\n<li>DAS \u00d6DLAND WARTET &#8211; Auf Ihrer Hatz auf die Regierung passieren Sie eine scheinbar endlose und abwechslungsreiche Landschaft, die von \u00fcppigen Dschungeln bis hin zu sonnengegerbten W\u00fcsten reicht. Das \u00d6dland ist verheerend gro\u00df und Sie besitzen das n\u00f6tige Waffenarsenal, um sich jeden Zentimeter davon zu erk\u00e4mpfen<\/li>\n<\/ul>\n<p>Jetzt RAGE 2 kaufen!<\/p>\n<p>Bei uns bekommen Sie den Key f\u00fcr die Aktivierung des Spiels von Bethesda Softworks innerhalb der angegebenen Lieferzeit direkt per Email zugesendet.<\/p>\n<p>St\u00fcrzen Sie sich kopf\u00fcber in eine dystopische Welt ohne Struktur, Recht und Ordnung: Erleben Sie ein Chaosfest in einer offenen Spielwelt.<\/p>\n<p>Mit dem Key k\u00f6nnen Sie RAGE 2 via Bethesda.net Launcher herunterladen und installieren.<\/p>\n<p>Den Bethesda.net Launcher Download finden Sie <a href=\"http:\/\/download.cdp.bethesda.net\/BethesdaNetLauncher_Setup.exe\" target=\"_blank\" rel=\"nofollow noopener noreferrer\">hier<\/a>.<\/p>\n","protected":false},"excerpt":{"rendered":"<p>St\u00fcrzen Sie sich kopf\u00fcber in eine dystopische Welt ohne Struktur, Recht und Ordnung. F\u00fcr RAGE 2 zeichnen zwei Studio-Giganten verantwortlich \u2013Avalanche Studios, Herrscher \u00fcber die wahnwitzigsten offenen Welten, und die Egoshooter-Pioniere id Software \u2013, um ein Chaosfest sondergleichen abzuliefern. Gehen Sie, wohin Sie wollen. Schie\u00dfen Sie, auf was Sie wollen. Jagen Sie alles in die [&hellip;]<\/p>\n","protected":false},"featured_media":1960,"comment_status":"open","ping_status":"closed","template":"","meta":{"_acf_changed":false},"product_cat":[160],"product_tag":[],"acf":[],"jetpack_sharing_enabled":true,"_links":{"self":[{"href":"http:\/\/pc-direkthandel.de\/wordpress\/wp-json\/wp\/v2\/product\/1959"}],"collection":[{"href":"http:\/\/pc-direkthandel.de\/wordpress\/wp-json\/wp\/v2\/product"}],"about":[{"href":"http:\/\/pc-direkthandel.de\/wordpress\/wp-json\/wp\/v2\/types\/product"}],"replies":[{"embeddable":true,"href":"http:\/\/pc-direkthandel.de\/wordpress\/wp-json\/wp\/v2\/comments?post=1959"}],"wp:featuredmedia":[{"embeddable":true,"href":"http:\/\/pc-direkthandel.de\/wordpress\/wp-json\/wp\/v2\/media\/1960"}],"wp:attachment":[{"href":"http:\/\/pc-direkthandel.de\/wordpress\/wp-json\/wp\/v2\/media?parent=1959"}],"wp:term":[{"taxonomy":"product_cat","embeddable":true,"href":"http:\/\/pc-direkthandel.de\/wordpress\/wp-json\/wp\/v2\/product_cat?post=1959"},{"taxonomy":"product_tag","embeddable":true,"href":"http:\/\/pc-direkthandel.de\/wordpress\/wp-json\/wp\/v2\/product_tag?post=1959"}],"curies":[{"name":"wp","href":"https:\/\/api.w.org\/{rel}","templated":true}]}}