{"id":1955,"date":"2019-09-17T18:30:27","date_gmt":"2019-09-17T16:30:27","guid":{"rendered":"http:\/\/pc-direkthandel.de\/wordpress\/?post_type=product&#038;p=1955"},"modified":"2019-09-17T18:31:58","modified_gmt":"2019-09-17T16:31:58","slug":"doom-eternal-deluxe-edition","status":"publish","type":"product","link":"http:\/\/pc-direkthandel.de\/wordpress\/product\/doom-eternal-deluxe-edition\/","title":{"rendered":"DOOM Eternal (Deluxe Edition)"},"content":{"rendered":"<p>Das von id Software entwickelte DOOM Eternal ist der Nachfolger des preisgekr\u00f6nten Hits DOOM (2016). Erleben Sie die n\u00e4chste Generation des Ego-Shooter-Genres mit der ultimativen Kombination aus Tempo und Power. Das n\u00e4chste Level in Sachen knallharter First-Person-Action! Dank der Power der idTech 7-Engine und des brandneuen packenden Soundtracks von Mick Gordon f\u00fchlen Sie sich in DOOM Eternal in der Haut des unaufhaltsamen DOOM-Slayers m\u00e4chtiger denn je! Zerfetzen Sie mit Ihren m\u00e4chtigen Waffen neue und bekannte D\u00e4monen und besuchen Sie dabei unglaubliche, noch nie zuvor gesehene Welten.<\/p>\n<p>Als DOOM-Slayer kehren Sie auf die Erde zur\u00fcck, die von D\u00e4monen \u00fcberrannt wurde. Drehen Sie alle Regler auf Anschlag, entdecken Sie die Urspr\u00fcnge des Slayers und f\u00fchren Sie seine Mission fort, alles zu metzeln und zu schnetzeln bis nichts mehr steht \u2013 getreu dem Motto: \u201eRaze Hell\u201c.<\/p>\n<p><strong>Bonus-Inhalte der Deluxe Edition<\/strong><\/p>\n<ul>\n<li>Year One Pass mit 2 Kampagnen-Addons<\/li>\n<li>D\u00e4monischer Slayer Skin<\/li>\n<li>Klassische Waffen Sound Pack<\/li>\n<\/ul>\n<p>Jetzt DOOM Eternal kaufen!<\/p>\n<p>Bei uns bekommen Sie den Key f\u00fcr die Aktivierung des Spiels von Bethesda Softworks innerhalb der angegebenen Lieferzeit direkt per Email zugesendet.<\/p>\n<p>Erleben Sie die ultimative Kombination aus Geschwindigkeit und Kraft mit dem n\u00e4chsten Sprung vorw\u00e4rts in Sachen First-Person-Shooter!<\/p>\n<p>Mit dem Key k\u00f6nnen Sie DOOM Eternal via Bethesda.net Launcher herunterladen und installieren.<\/p>\n<p>Den Bethesda.net Launcher Download finden Sie <a href=\"http:\/\/download.cdp.bethesda.net\/BethesdaNetLauncher_Setup.exe\" target=\"_blank\" rel=\"nofollow noopener noreferrer\">hier<\/a>.<\/p>\n<p>&nbsp;<\/p>\n","protected":false},"excerpt":{"rendered":"<p>Das von id Software entwickelte DOOM Eternal ist der Nachfolger des preisgekr\u00f6nten Hits DOOM (2016). Erleben Sie die n\u00e4chste Generation des Ego-Shooter-Genres mit der ultimativen Kombination aus Tempo und Power. Das n\u00e4chste Level in Sachen knallharter First-Person-Action! Dank der Power der idTech 7-Engine und des brandneuen packenden Soundtracks von Mick Gordon f\u00fchlen Sie sich in [&hellip;]<\/p>\n","protected":false},"featured_media":1956,"comment_status":"open","ping_status":"closed","template":"","meta":{"_acf_changed":false},"product_cat":[160],"product_tag":[],"acf":[],"jetpack_sharing_enabled":true,"_links":{"self":[{"href":"http:\/\/pc-direkthandel.de\/wordpress\/wp-json\/wp\/v2\/product\/1955"}],"collection":[{"href":"http:\/\/pc-direkthandel.de\/wordpress\/wp-json\/wp\/v2\/product"}],"about":[{"href":"http:\/\/pc-direkthandel.de\/wordpress\/wp-json\/wp\/v2\/types\/product"}],"replies":[{"embeddable":true,"href":"http:\/\/pc-direkthandel.de\/wordpress\/wp-json\/wp\/v2\/comments?post=1955"}],"wp:featuredmedia":[{"embeddable":true,"href":"http:\/\/pc-direkthandel.de\/wordpress\/wp-json\/wp\/v2\/media\/1956"}],"wp:attachment":[{"href":"http:\/\/pc-direkthandel.de\/wordpress\/wp-json\/wp\/v2\/media?parent=1955"}],"wp:term":[{"taxonomy":"product_cat","embeddable":true,"href":"http:\/\/pc-direkthandel.de\/wordpress\/wp-json\/wp\/v2\/product_cat?post=1955"},{"taxonomy":"product_tag","embeddable":true,"href":"http:\/\/pc-direkthandel.de\/wordpress\/wp-json\/wp\/v2\/product_tag?post=1955"}],"curies":[{"name":"wp","href":"https:\/\/api.w.org\/{rel}","templated":true}]}}