{"id":1947,"date":"2019-09-17T18:21:19","date_gmt":"2019-09-17T16:21:19","guid":{"rendered":"http:\/\/pc-direkthandel.de\/wordpress\/?post_type=product&#038;p=1947"},"modified":"2019-09-17T18:27:44","modified_gmt":"2019-09-17T16:27:44","slug":"wolfenstein-youngblood-deluxe-edition","status":"publish","type":"product","link":"http:\/\/pc-direkthandel.de\/wordpress\/product\/wolfenstein-youngblood-deluxe-edition\/","title":{"rendered":"Wolfenstein Youngblood (Deluxe Edition)"},"content":{"rendered":"<p>Neunzehn Jahre nach den Ereignissen von Wolfenstein II: The New Colossus ist B.J. Blazkowicz nach einer Mission im vom Regime besetzten Paris verschwunden. Nun m\u00fcssen sich B.J.s Zwillingst\u00f6chter, Jess und Soph Blazkowicz, auf die jahrelange Ausbildung durch ihren kampfgest\u00e4hlten Vater besinnen, wenn sie ihn je wiedersehen wollen. Verb\u00fcnden Sie sich mit einem Freund oder spielen sie an der Seite der KI. Steigen Sie auf, erforschen Sie und schlie\u00dfen Sie Missionen ab, um neue F\u00e4higkeiten, Waffen, Hilfsmittel, neues Aussehen und mehr freizuschalten und an Ihren Spielstil anzupassen. Wolfenstein: Youngblood ist das bisher freieste Wolfenstein-Spiel aller Zeiten. Aus einem neuen Hauptquartier im Herzen der Pariser Katakomben planen Sie Ihre Angriffe und vernichten systematisch das Regime.<\/p>\n<p><strong>Bonus-Inhalte der Deluxe Edition<\/strong><\/p>\n<ul>\n<li>Der &#8222;Buddy Pass&#8220;, mit dem Sie und ein Freund das Spiel zusammen erleben k\u00f6nnen. Nur Sie ben\u00f6tigen das Spiel!<\/li>\n<li>Cyborg Skin Pack (DLC)<\/li>\n<\/ul>\n<p>Jetzt Wolfenstein Youngblood kaufen!<\/p>\n<p>Bei uns bekommen Sie den Key f\u00fcr die Aktivierung des Spiels von Bethesda Softworks innerhalb der angegebenen Lieferzeit direkt per Email zugesendet.<\/p>\n<p>Wolfenstein Youngblood ist das erste moderne Koop-Wolfenstein-Abenteuer! Spielen Sie als BJ&#8217;s Zwillingst\u00f6chter!<\/p>\n<p>Mit dem Key k\u00f6nnen Sie Wolfenstein Youngblood via Bethesda.net Launcher herunterladen und installieren.<\/p>\n<p>Den Bethesda.net Launcher Download finden Sie <a href=\"http:\/\/download.cdp.bethesda.net\/BethesdaNetLauncher_Setup.exe\" target=\"_blank\" rel=\"nofollow noopener noreferrer\">hier<\/a>.<\/p>\n","protected":false},"excerpt":{"rendered":"<p>Neunzehn Jahre nach den Ereignissen von Wolfenstein II: The New Colossus ist B.J. Blazkowicz nach einer Mission im vom Regime besetzten Paris verschwunden. Nun m\u00fcssen sich B.J.s Zwillingst\u00f6chter, Jess und Soph Blazkowicz, auf die jahrelange Ausbildung durch ihren kampfgest\u00e4hlten Vater besinnen, wenn sie ihn je wiedersehen wollen. Verb\u00fcnden Sie sich mit einem Freund oder spielen [&hellip;]<\/p>\n","protected":false},"featured_media":1948,"comment_status":"open","ping_status":"closed","template":"","meta":{"_acf_changed":false},"product_cat":[160],"product_tag":[],"acf":[],"jetpack_sharing_enabled":true,"_links":{"self":[{"href":"http:\/\/pc-direkthandel.de\/wordpress\/wp-json\/wp\/v2\/product\/1947"}],"collection":[{"href":"http:\/\/pc-direkthandel.de\/wordpress\/wp-json\/wp\/v2\/product"}],"about":[{"href":"http:\/\/pc-direkthandel.de\/wordpress\/wp-json\/wp\/v2\/types\/product"}],"replies":[{"embeddable":true,"href":"http:\/\/pc-direkthandel.de\/wordpress\/wp-json\/wp\/v2\/comments?post=1947"}],"wp:featuredmedia":[{"embeddable":true,"href":"http:\/\/pc-direkthandel.de\/wordpress\/wp-json\/wp\/v2\/media\/1948"}],"wp:attachment":[{"href":"http:\/\/pc-direkthandel.de\/wordpress\/wp-json\/wp\/v2\/media?parent=1947"}],"wp:term":[{"taxonomy":"product_cat","embeddable":true,"href":"http:\/\/pc-direkthandel.de\/wordpress\/wp-json\/wp\/v2\/product_cat?post=1947"},{"taxonomy":"product_tag","embeddable":true,"href":"http:\/\/pc-direkthandel.de\/wordpress\/wp-json\/wp\/v2\/product_tag?post=1947"}],"curies":[{"name":"wp","href":"https:\/\/api.w.org\/{rel}","templated":true}]}}