{"id":1938,"date":"2019-09-17T16:39:37","date_gmt":"2019-09-17T14:39:37","guid":{"rendered":"http:\/\/pc-direkthandel.de\/wordpress\/?post_type=product&#038;p=1938"},"modified":"2019-11-07T15:19:46","modified_gmt":"2019-11-07T13:19:46","slug":"microsoft-exchange-server-2019-standard-10-device-cal","status":"publish","type":"product","link":"http:\/\/pc-direkthandel.de\/wordpress\/product\/microsoft-exchange-server-2019-standard-10-device-cal\/","title":{"rendered":"Microsoft Exchange Server 2019 Standard (10 Device CAL)"},"content":{"rendered":"<p><strong>Microsoft Exchange Server 2019 Device\u00a0CAL\u00a0&#8211; Die\u00a0ger\u00e4tegebundene\u00a0Lizenzl\u00f6sung\u00a0f\u00fcr Unternehmen<\/strong><\/p>\n<p>Um in den Genuss der zahlreichen Vorteile von Microsoft Exchange Server 2019 zu kommen, ben\u00f6tigen Anwender die entsprechenden Lizenzen f\u00fcr einzelne Nutzer\u00a0bzw. Ger\u00e4te. Microsoft bietet an dieser Stelle sowohl personenbezogenen Lizenzen (User\u00a0CALs) und\u00a0Ger\u00e4telizenzen\u00a0(Device\u00a0CALs) an. Beide\u00a0Lizenztypen\u00a0lassen sich zudem beliebig miteinander kombinieren.<\/p>\n<p>Auf diese Weise ist es f\u00fcr Unternehmen m\u00f6glich, ein bedarfsgerechtes Softwaresystem aufzubauen, das die Kooperation zwischen einzelnen Mitarbeitern, Abteilungen und ganzen\u00a0Unternehmensstandorten\u00a0deutlich vereinfacht. Dar\u00fcber hinaus erm\u00f6glicht eine Microsoft Exchange Server Device\u00a0CAL\u00a0die schnelle und unkomplizierte Erweiterung eines bestehenden Systems durch ein weiteres Ger\u00e4t.\u00a0Ger\u00e4telizenzen\u00a0sind sowohl einzeln als auch in\u00a0Lizenzb\u00fcndeln\u00a0mit f\u00fcnf, zehn oder mehr Lizenzen zu bekommen. Damit profitieren Unternehmen von einer kosteng\u00fcnstigen Lizenzierung.<\/p>\n<p><strong>Wie liegt der Unterschied zwischen User- und\u00a0Device-Lizenzen?<\/strong><br \/>\nUser Lizenzen erm\u00f6glichen die pers\u00f6nliche Lizenzierung von Microsoft Exchange Server 2019 f\u00fcr einen speziellen Nutzer. Damit erh\u00e4lt dieser eigene Zugangsdaten und gleichzeitig einen\u00a0ger\u00e4teunabh\u00e4ngigen\u00a0Zugang zur Software, ganz gleich, ob diese auf einem station\u00e4ren Computer am Arbeitsplatz, auf einem Rechner im\u00a0Home-Office\u00a0oder auf einem Notebook f\u00fcr mobiles Arbeiten installiert ist.<\/p>\n<p>Eine Microsoft Exchange Server 2019 Device\u00a0CLA\u00a0hingegen erm\u00f6glicht die Installation der Software auf einem spezifischen Ger\u00e4t f\u00fcr beliebig viele Nutzer. Wer das Ger\u00e4t nutzt, spielt also keine Rolle. Die Device\u00a0CAL\u00a0ist nachtr\u00e4glich nicht \u00fcbertragbar, es handelt sich also um keine Floating\u00a0License.<\/p>\n<p><strong>Microsoft Exchange Server 2019 &#8211; Neuerungen ebnen neue Wege<\/strong><br \/>\nMit einer\u00a0Microsoft Exchange Server 2019 Device\u00a0CAL\u00a0schaffen und erweitern Unternehmen ein leistungsstarkes System zur vereinfachten Zusammenarbeit auf\u00a0Unternehmensebene, das mit zahlreichen neuen und verbesserten Funktionen daherkommt. Und attraktive Neuerungen hat Exchange Server 2019 einige zu bieten.<\/p>\n<ul>\n<li>Support f\u00fcr leistungsstarke Systeme: In der aktuellen Version von Microsoft Exchange Server 2019 erweitert Microsoft die Anzahl der unterst\u00fctzten Prozessoren von 24 auf 48. Auch der maximal unterst\u00fctzte Arbeitsspeicher steigt von 192 GB auf 256 GB. Hinzu kommt der Einsatz von schnellen SSD-Laufwerken zur Optimierung der Leistung.<\/li>\n<li>Neue Such-Engine: Die mittlerweile betagte FAST-Suche wurde in der Version 2019 durch die deutlich modernere Bing-SuchEngine ersetzt. Damit sind sowohl Suchdatenbanken als auch Suchindices von nun an Teil der Postfachdatenbanken.<\/li>\n<li>Sicherer als je zuvor: Dank der sicheren Authentifizierung \u00fcber Zertifikate, die umfangreiche Data Loss Prevention (DLP) und die M\u00f6glichkeit zur Anbindung von Drittanbieter-Software \u00fcber eine Anti-Viren-API ist Exchange Server 2019 sicherer als jede Version zuvor.<\/li>\n<li>Verbessertes Kalendersystem: Das Kalendersystem von Microsoft Exchange Server 2019 orientiert sich an Office 365. Damit verf\u00fcgt dieses sowohl \u00fcber das Calender Sharing als auch \u00fcber interessante Funktionen wie &#8222;Add-MailboxFolderPermission&#8220; zur Zuweisung von Delegationsberechtigungen.<\/li>\n<li>Zahlreiche weitere Features: Hinzu kommen Features wie ein globales Adressbuch mit Black- und Whitelist, der Webzugriffvia Outlook Web App sowie SmartScreen-Filter und Intelligent Message Filter (IMF).<\/li>\n<\/ul>\n","protected":false},"excerpt":{"rendered":"<p>Microsoft Exchange Server 2019 Device\u00a0CAL\u00a0&#8211; Die\u00a0ger\u00e4tegebundene\u00a0Lizenzl\u00f6sung\u00a0f\u00fcr Unternehmen Um in den Genuss der zahlreichen Vorteile von Microsoft Exchange Server 2019 zu kommen, ben\u00f6tigen Anwender die entsprechenden Lizenzen f\u00fcr einzelne Nutzer\u00a0bzw. Ger\u00e4te. Microsoft bietet an dieser Stelle sowohl personenbezogenen Lizenzen (User\u00a0CALs) und\u00a0Ger\u00e4telizenzen\u00a0(Device\u00a0CALs) an. Beide\u00a0Lizenztypen\u00a0lassen sich zudem beliebig miteinander kombinieren. Auf diese Weise ist es f\u00fcr Unternehmen m\u00f6glich, [&hellip;]<\/p>\n","protected":false},"featured_media":1937,"comment_status":"open","ping_status":"closed","template":"","meta":{"_acf_changed":false},"product_cat":[159],"product_tag":[],"acf":[],"jetpack_sharing_enabled":true,"_links":{"self":[{"href":"http:\/\/pc-direkthandel.de\/wordpress\/wp-json\/wp\/v2\/product\/1938"}],"collection":[{"href":"http:\/\/pc-direkthandel.de\/wordpress\/wp-json\/wp\/v2\/product"}],"about":[{"href":"http:\/\/pc-direkthandel.de\/wordpress\/wp-json\/wp\/v2\/types\/product"}],"replies":[{"embeddable":true,"href":"http:\/\/pc-direkthandel.de\/wordpress\/wp-json\/wp\/v2\/comments?post=1938"}],"wp:featuredmedia":[{"embeddable":true,"href":"http:\/\/pc-direkthandel.de\/wordpress\/wp-json\/wp\/v2\/media\/1937"}],"wp:attachment":[{"href":"http:\/\/pc-direkthandel.de\/wordpress\/wp-json\/wp\/v2\/media?parent=1938"}],"wp:term":[{"taxonomy":"product_cat","embeddable":true,"href":"http:\/\/pc-direkthandel.de\/wordpress\/wp-json\/wp\/v2\/product_cat?post=1938"},{"taxonomy":"product_tag","embeddable":true,"href":"http:\/\/pc-direkthandel.de\/wordpress\/wp-json\/wp\/v2\/product_tag?post=1938"}],"curies":[{"name":"wp","href":"https:\/\/api.w.org\/{rel}","templated":true}]}}