{"id":1933,"date":"2019-09-17T16:34:03","date_gmt":"2019-09-17T14:34:03","guid":{"rendered":"http:\/\/pc-direkthandel.de\/wordpress\/?post_type=product&#038;p=1933"},"modified":"2019-11-07T15:20:58","modified_gmt":"2019-11-07T13:20:58","slug":"microsoft-exchange-server-2019-standard-1-user-cal","status":"publish","type":"product","link":"http:\/\/pc-direkthandel.de\/wordpress\/product\/microsoft-exchange-server-2019-standard-1-user-cal\/","title":{"rendered":"Microsoft Exchange Server 2019 Standard (1 User CAL)"},"content":{"rendered":"<p><strong>Microsoft Exchange Server 2019 User\u00a0CAL\u00a0kaufen und Prozesse im Handumdrehen optimieren<\/strong><\/p>\n<p>F\u00fcr die aktuelle Version von Microsoft Exchange Server 2019 bietet die\u00a0Softwareschmiede\u00a0aus Redmond gleich zwei\u00a0Lizenztypen\u00a0an. Unternehmen haben dabei die Wahl zwischen User Client Access\u00a0Licenses\u00a0(CALs) und Device\u00a0CALs. Durch diese Lizenzen bekommen kleine und gro\u00dfe Unternehmen die M\u00f6glichkeit, ein ebenso leistungsstarkes wie bedarfsgerechtes Umfeld f\u00fcr die\u00a0kollaborative\u00a0Zusammenarbeit zwischen Mitarbeitern, Abteilungen und Standorten zu schaffen. Auch bestehende Systeme k\u00f6nnen so flexibel und\u00a0kosteneffizient\u00a0durch zus\u00e4tzliche Benutzer erweitert werden. Damit k\u00f6nnen auch neue Mitarbeiter schnell von den neuen Funktionen von Microsoft Exchange Server 2019 profitieren und diese produktiv nutzen.<\/p>\n<p><strong>Wo liegt der Unterschied zwischen User- und\u00a0Device-Lizenzen?<\/strong><br \/>\nBei der User Client Access\u00a0License\u00a0f\u00fcr Windows Exchange Server 2019 handelt es sich um eine personengebundene Lizenz. Damit unterscheidet sich die User\u00a0CAL\u00a0deutlich von der sogenannten Device\u00a0CAL, bei der es sich um eine\u00a0ger\u00e4tegebundeneLizenz handelt. Mit User\u00a0CALs\u00a0lizenzieren Unternehmen einzelne Nutzer, die mit eigenen Zugangsdaten ausgestattet werden. Da keine Bindung an ein bestimmtes Ger\u00e4t existiert, kann Microsoft Exchange Server so\u00a0standortunabh\u00e4ngig\u00a0und auf beliebig vielen Ger\u00e4ten von dem lizenzierten Nutzer verwendet werden. Bei Device\u00a0CALs\u00a0kann ein spezifisches Ger\u00e4t von beliebig vielen Mitarbeitern genutzt werden.<\/p>\n<p><strong>User-Lizenzen\u00a0flexibel im\u00a0Unternehmensalltag\u00a0nutzen<\/strong><br \/>\nUser-Lizenzen\u00a0sind die ideale L\u00f6sung f\u00fcr Unternehmen, die f\u00fcr ihre Mitarbeiter flexible Arbeitsbedingungen schaffen m\u00f6chten. Dank des personenbezogenen Zugriffs ist die Verwendung von Exchange Server nicht nur an einem\u00a0Desktop-Computer\u00a0am Arbeitsplatz, sondern auch im\u00a0Home-Office\u00a0oder unterwegs via Notebook m\u00f6glich. Per\u00a0Microsoft Exchange Server 2019 User\u00a0CAL\u00a0lassen sich neue Mitarbeiter oder externe Kr\u00e4fte zudem v\u00f6llig unkompliziert in ein bestehendes System einbinden. Dabei haben die jeweiligen Nutzer ausschlie\u00dflich Zugriff auf die Funktionen, die ihnen von Administratoren \u00fcber Zugriffsrechte zugewiesen werden. Microsoft erm\u00f6glicht dar\u00fcber hinaus die freie Kombination von User- und\u00a0Ger\u00e4telizenzen, die jeweils wahlweise als\u00a0Einzellizenzen\u00a0sowie als\u00a0Lizenzb\u00fcndel\u00a0mit f\u00fcnf, zehn oder mehr Lizenzen erh\u00e4ltlich sind.<\/p>\n<p><strong>Mit einer\u00a0Microsoft Exchange Server 2019 User\u00a0CAL\u00a0von Neuerungen profitieren<\/strong><br \/>\nMicrosoft Exchange Server 2019 vereinfacht die Zusammenarbeit auf\u00a0Unternehmensebene\u00a0dank zahlreicher neuer und verbesserter Funktionen erheblich. Umso attraktiver ist der Umstieg f\u00fcr Unternehmen, die ihr Potential vollst\u00e4ndig aussch\u00f6pfen wollen.<\/p>\n<ul>\n<li>\u00dcberarbeitetes Kalendersystem: Microsoft Exchange Server 2019 orientiert sich an Office 365 und kommt daher auch mit einem \u00fcberarbeiteten Kalendersystem inklusive Calender Sharing daher. Zudem stehen Administratoren erweiterte und g\u00e4nzlich neue Funktionen wie &#8222;Add-MailboxFolderPermission&#8220; zur Zuweisung von Delegationsberechtigungen zur Verf\u00fcgung.<\/li>\n<li>Bing-Search Engine: In der aktuellen Exchange Server Version schickt Microsoft die alte FAST-Suche in Rente und ersetzt diese durch die moderne Bing-Search Engine, womit Suchindices und Suchdatenbanken fortan Teil der Postfachdatenbankensind.<\/li>\n<li>Mehr Leistung: Leistungsstarke Serversysteme sind das R\u00fcckgrat jedes Unternehmens. Dementsprechend unterst\u00fctzt Exchange Server 2019 nun bis zu 48 Prozessoren, bis zu 256 GB Arbeitsspeicher sowie SSD-Laufwerke als Zwischenspeicher zur Leistungsoptimierung.<\/li>\n<li>Mehr Sicherheit: Zus\u00e4tzliche Sicherheit garantiert Exchange Server 2019 unter anderem durch die umfangreiche Data LossPrevention (DLP), die sichere Authentifizierung \u00fcber Zertifikate sowie die M\u00f6glichkeit, Anti-Viren-Software von Drittanbietern via Anti-Viren-API anzubinden.<\/li>\n<\/ul>\n","protected":false},"excerpt":{"rendered":"<p>Microsoft Exchange Server 2019 User\u00a0CAL\u00a0kaufen und Prozesse im Handumdrehen optimieren F\u00fcr die aktuelle Version von Microsoft Exchange Server 2019 bietet die\u00a0Softwareschmiede\u00a0aus Redmond gleich zwei\u00a0Lizenztypen\u00a0an. Unternehmen haben dabei die Wahl zwischen User Client Access\u00a0Licenses\u00a0(CALs) und Device\u00a0CALs. Durch diese Lizenzen bekommen kleine und gro\u00dfe Unternehmen die M\u00f6glichkeit, ein ebenso leistungsstarkes wie bedarfsgerechtes Umfeld f\u00fcr die\u00a0kollaborative\u00a0Zusammenarbeit zwischen Mitarbeitern, [&hellip;]<\/p>\n","protected":false},"featured_media":1934,"comment_status":"open","ping_status":"closed","template":"","meta":{"_acf_changed":false},"product_cat":[159],"product_tag":[],"acf":[],"jetpack_sharing_enabled":true,"_links":{"self":[{"href":"http:\/\/pc-direkthandel.de\/wordpress\/wp-json\/wp\/v2\/product\/1933"}],"collection":[{"href":"http:\/\/pc-direkthandel.de\/wordpress\/wp-json\/wp\/v2\/product"}],"about":[{"href":"http:\/\/pc-direkthandel.de\/wordpress\/wp-json\/wp\/v2\/types\/product"}],"replies":[{"embeddable":true,"href":"http:\/\/pc-direkthandel.de\/wordpress\/wp-json\/wp\/v2\/comments?post=1933"}],"wp:featuredmedia":[{"embeddable":true,"href":"http:\/\/pc-direkthandel.de\/wordpress\/wp-json\/wp\/v2\/media\/1934"}],"wp:attachment":[{"href":"http:\/\/pc-direkthandel.de\/wordpress\/wp-json\/wp\/v2\/media?parent=1933"}],"wp:term":[{"taxonomy":"product_cat","embeddable":true,"href":"http:\/\/pc-direkthandel.de\/wordpress\/wp-json\/wp\/v2\/product_cat?post=1933"},{"taxonomy":"product_tag","embeddable":true,"href":"http:\/\/pc-direkthandel.de\/wordpress\/wp-json\/wp\/v2\/product_tag?post=1933"}],"curies":[{"name":"wp","href":"https:\/\/api.w.org\/{rel}","templated":true}]}}