{"id":1932,"date":"2019-09-17T16:32:40","date_gmt":"2019-09-17T14:32:40","guid":{"rendered":"http:\/\/pc-direkthandel.de\/wordpress\/?post_type=product&#038;p=1932"},"modified":"2019-11-07T15:21:50","modified_gmt":"2019-11-07T13:21:50","slug":"microsoft-sql-server-2017-standard-10-device-cal","status":"publish","type":"product","link":"http:\/\/pc-direkthandel.de\/wordpress\/product\/microsoft-sql-server-2017-standard-10-device-cal\/","title":{"rendered":"Microsoft SQL Server 2017 Standard (10 Device CAL)"},"content":{"rendered":"<p>Mit einer\u00a0Microsoft SQL Server 2017 Standard 1 Device CAL\u00a0erh\u00e4lt ein\u00a0Firmencomputer\u00a0Zugriff auf die vielf\u00e4ltigen Funktionen des modernen\u00a0Datenbanksystems\u00a0SQL Server 2017. Jeder Nutzer dieses Ger\u00e4ts profitiert fortan von den zahlreichen Berichten und Analysen, die die\u00a0SQL-Software\u00a0bietet. Au\u00dferdem steht mit den Integration Services eine Plattform zur Verf\u00fcgung, mit der komplexe\u00a0Unternehmensprobleme\u00a0durch\u00a0Datentransformationsl\u00f6sungen\u00a0bew\u00e4ltigt werden k\u00f6nnen. SQL Server 2017 versteht sich als flexible\u00a0Datenplattform, auf der man eine einheitliche Benutzeroberfl\u00e4che f\u00fcr alle Betriebssysteme nutzt. Die\u00a0Firmenmitarbeiter\u00a0k\u00f6nnen dort Apps entwickeln, wobei sie eine Technologie ihrer Wahl nutzen. Die\u00a0Unternehmensdaten\u00a0lassen sich sp\u00e4ter in die neuen Apps integrieren. Egal, wie gro\u00df der\u00a0Datenumfang\u00a0des Unternehmens ist, SQL Server 2017 bietet daf\u00fcr &#8222;Cognitive\u00a0Services&#8220; an, um die Daten mit k\u00fcnstlicher Intelligenz zu bearbeiten.<\/p>\n<p><strong>Effizient automatisierte\u00a0Datenbank-Workloads\u00a0<\/strong><br \/>\nDie\u00a0Client-Lizenz\u00a0Microsoft SQL Server 2017 Standard 1 Device CAL\u00a0ist n\u00f6tig, um von einem bestimmten\u00a0Firmenger\u00e4t\u00a0aus auf unter anderem umfassende\u00a0Datenbankmodulfunktionen\u00a0zugreifen zu k\u00f6nnen. Diese und andere Leistungen sind in der\u00a02017er\u00a0Version an verschiedenen Punkten gegen\u00fcber den bisherigen Versionen der Software verbessert. Als wichtigster Dienst zur Sicherung und Bearbeitung von Daten ist das\u00a0Datenbankmodul\u00a0in SQL Server 2017 in der Lage, auch anspruchsvollste\u00a0Datenverarbeitungsanwendungen\u00a0in modernen Unternehmen zu meistern. Der Nutzer kann demnach beispielsweise\u00a0OLTP- und\u00a0OLAP-Daten\u00a0erstellen. Mit weiterreichenden\u00a0Anwendungskomponenten\u00a0wie SQL Server Management Studio lassen sich die\u00a0Datenbankobjekte\u00a0auf einfache Art verwalten, w\u00e4hrend SQL Server\u00a0Profiler\u00a0die\u00a0Serverereignisse\u00a0f\u00fcr die sp\u00e4tere Auswertung aufzeichnet.<\/p>\n<p><strong>Leistungsstarke Verwaltung von\u00a0Unternehmensdaten<\/strong><br \/>\nNutzer einer\u00a0Microsoft SQL Server 2017 Standard 1 Device CAL\u00a0k\u00f6nnen individuelle weitergehende Anwendungen in einer Programmiersprache ihrer Wahl entwickeln. Diese lassen sich mit SQL Server 2017 in Windows-, Linux- und\u00a0Docker-Containern ausf\u00fchren. Dar\u00fcber hinaus ist k\u00fcnstliche Intelligenz in dieDatenbank-Software\u00a0integriert, was zu schnelleren Einsichten bez\u00fcglich auch gro\u00dfer Datenmengen verhilft. Bei Bedarf k\u00f6nnen die firmeneigenen Daten zudem mit weltweiten Daten kombiniert werden, um neue Erkenntnisse zu gewinnen. In der Standard Edition von SQL Server sind\u00a0Basisfunktionen\u00a0zum\u00a0multidimensionalen\u00a0Modellieren und f\u00fcr\u00a0Tabellenmodelle\u00a0verf\u00fcgbar. Die\u00a02017er\u00a0Version der beliebten\u00a0Businesssoftware\u00a0\u00fcberzeugt mit hoher Skalierbarkeit und zuverl\u00e4ssiger Verf\u00fcgbarkeit. Ihre Nutzer haben Zugriff auf diverse Data\u00a0Warehousing-Funktionen\u00a0wie\u00a0Datenkompression\u00a0oder Change Data\u00a0Capture. Verschiedene Data\u00a0Marts\u00a0lassen sich \u00fcbersichtlich verwalten und nutzen.<\/p>\n<p><strong>Unterschiede zu anderen SQL Server Lizenzen\u00a0<\/strong><br \/>\nBei der SQL Server Standard Edition handelt es sich um eine Software, die auf die Anforderungen mittelst\u00e4ndischer Unternehmen abgestimmt ist. Darum arbeitet sie mit maximal 24 Kernen und die\u00a0Datenbankgr\u00f6\u00dfe\u00a0ist auf 524\u00a0PB\u00a0begrenzt. In der Enterprise Edition werden dagegen unter anderem unbegrenzt viele Kerne unterst\u00fctzt, da sich diese\u00a0h\u00f6herpreisige\u00a0Ausgabe an gr\u00f6\u00dfere Unternehmen richtet. Jede Firma ben\u00f6tigt jeweils eine Lizenz f\u00fcr jede\u00a0Server-Instanz\u00a0sowie zus\u00e4tzliche Lizenzen entweder f\u00fcr zugreifende Nutzer oder f\u00fcr Ger\u00e4te, die den jeweiligen Server nutzen. Unter der Bezeichnung\u00a0Microsoft SQL Server 2017 Standard 1 Device CAL\u00a0kann eine Ger\u00e4te\u00a0CAL-Lizenz erworben werden.<\/p>\n","protected":false},"excerpt":{"rendered":"<p>Mit einer\u00a0Microsoft SQL Server 2017 Standard 1 Device CAL\u00a0erh\u00e4lt ein\u00a0Firmencomputer\u00a0Zugriff auf die vielf\u00e4ltigen Funktionen des modernen\u00a0Datenbanksystems\u00a0SQL Server 2017. Jeder Nutzer dieses Ger\u00e4ts profitiert fortan von den zahlreichen Berichten und Analysen, die die\u00a0SQL-Software\u00a0bietet. Au\u00dferdem steht mit den Integration Services eine Plattform zur Verf\u00fcgung, mit der komplexe\u00a0Unternehmensprobleme\u00a0durch\u00a0Datentransformationsl\u00f6sungen\u00a0bew\u00e4ltigt werden k\u00f6nnen. SQL Server 2017 versteht sich als flexible\u00a0Datenplattform, auf [&hellip;]<\/p>\n","protected":false},"featured_media":1931,"comment_status":"open","ping_status":"closed","template":"","meta":{"_acf_changed":false},"product_cat":[159],"product_tag":[],"acf":[],"jetpack_sharing_enabled":true,"_links":{"self":[{"href":"http:\/\/pc-direkthandel.de\/wordpress\/wp-json\/wp\/v2\/product\/1932"}],"collection":[{"href":"http:\/\/pc-direkthandel.de\/wordpress\/wp-json\/wp\/v2\/product"}],"about":[{"href":"http:\/\/pc-direkthandel.de\/wordpress\/wp-json\/wp\/v2\/types\/product"}],"replies":[{"embeddable":true,"href":"http:\/\/pc-direkthandel.de\/wordpress\/wp-json\/wp\/v2\/comments?post=1932"}],"wp:featuredmedia":[{"embeddable":true,"href":"http:\/\/pc-direkthandel.de\/wordpress\/wp-json\/wp\/v2\/media\/1931"}],"wp:attachment":[{"href":"http:\/\/pc-direkthandel.de\/wordpress\/wp-json\/wp\/v2\/media?parent=1932"}],"wp:term":[{"taxonomy":"product_cat","embeddable":true,"href":"http:\/\/pc-direkthandel.de\/wordpress\/wp-json\/wp\/v2\/product_cat?post=1932"},{"taxonomy":"product_tag","embeddable":true,"href":"http:\/\/pc-direkthandel.de\/wordpress\/wp-json\/wp\/v2\/product_tag?post=1932"}],"curies":[{"name":"wp","href":"https:\/\/api.w.org\/{rel}","templated":true}]}}