{"id":1926,"date":"2019-09-17T16:24:48","date_gmt":"2019-09-17T14:24:48","guid":{"rendered":"http:\/\/pc-direkthandel.de\/wordpress\/?post_type=product&#038;p=1926"},"modified":"2019-11-07T15:23:18","modified_gmt":"2019-11-07T13:23:18","slug":"microsoft-sql-server-2017-standard-1-user-cal","status":"publish","type":"product","link":"http:\/\/pc-direkthandel.de\/wordpress\/product\/microsoft-sql-server-2017-standard-1-user-cal\/","title":{"rendered":"Microsoft SQL Server 2017 Standard (1 User CAL)"},"content":{"rendered":"<p>Eine Microsoft SQL Server 2017 User CAL bietet einen nutzerbasierten Zugang zum international beliebten Datenbankmanagementsystem SQL Server. Der Lizenzinhaber kann die Software auf verschiedenen Ger\u00e4ten eines Unternehmens ausf\u00fchren. So k\u00f6nnen wichtige Gesch\u00e4ftsprozesse optimal erledigt werden. Diverse moderne Datenbank-Engine-Funktionen erm\u00f6glichen die effiziente Auswertung und Speicherung der Firmendaten. Unter anderem verf\u00fcgt SQL Server 2017 \u00fcber eine automatische\u00a0Datenbankoptimierung, mit der die Nutzer eventuelle\u00a0Abfrageleistungsprobleme\u00a0besser verstehen und l\u00f6sen k\u00f6nnen. Die\u00a0Datenbanksoftware\u00a0steht f\u00fcr eine \u00e4u\u00dferst geringe Anf\u00e4lligkeit, da sie gespeicherte und \u00fcbertragene Daten so sch\u00fctzt, dass etablierte Institutionen wie die\u00a0Sicherheitsrisikodatenbank\u00a0des National Institute of Standards and Technology dies seit Jahren honorieren.<\/p>\n<p><strong> Mehr Auswahl als je zuvor<\/strong><br \/>\nDie\u00a02017er\u00a0Version von SQL Server erm\u00f6glicht es, neben Windows auch einige\u00a0Linux-Distributionen\u00a0zu verwenden. Wichtig ist in dem Zusammenhang der austauschbare Java\u00a0Database\u00a0Connectivity-Treiber. Au\u00dferdem k\u00f6nnen die\u00a0IT-Fachkr\u00e4fte\u00a0eines Unternehmens nunmehr mit der Programmiersprache ihrer Wahl Anwendungen zur Ausf\u00fchrung in Windows- Linux- und\u00a0Docker-Containern entwickeln.\u00a0Microsoft SQL Server 2017 User\u00a0CAL\u00a0zu kaufen\u00a0erm\u00f6glicht es den\u00a0Firmenmitarbeitern,\u00a0transformative\u00a0Einblicke zu erhalten. Die Integration von Python und R kann daf\u00fcr sorgen, dass bis zu eine Million Vorhersagen pro Sekunde m\u00f6glich werden. Neu in der aktuellen Version von SQL Server 2017 sind zudem\u00a0Graphdatenbanken. Die Anwender k\u00f6nnen bei Bedarf mobile\u00a0End-to-End-BI\u00a0nutzen. So lassen sich Rohdaten in hilfreiche Berichte \u00fcberf\u00fchren, die auf diversen Ger\u00e4ten angezeigt werden.<\/p>\n<p><strong>Komplexe Analysen und\u00a0Datenbankfeatures\u00a0in\u00a0Microsoft SQL Server 2017 User\u00a0CAL<\/strong><br \/>\nMit einer\u00a0Nutzerlizenz\u00a0von SQL Server 2017 kann ein Mitarbeiter weitreichende Features wie\u00a0PolyBase\u00a0f\u00fcr\u00a0T-SQL-Abfragen\u00a0in\u00a0Hadoop\u00a0anwenden. Auch die fortschrittlichen In-Database-Analytics sorgen f\u00fcr verbesserte\u00a0Workflows. Des Weiteren profitieren die Programmierer einer Firma von den seit SQL Server 2016 m\u00f6glichen temporalen Tabellen und der Unterst\u00fctzung von\u00a0JSON\u00a0sowie von\u00a0Diagrammdaten. Au\u00dferdem wurden die Analysis Services (SSAS) f\u00fcr Microsoft SQL Server 2017 nochmals verbessert. Unter anderem wurde ein tabellarischer Modus als standardisierte\u00a0Installationsoption\u00a0f\u00fcr\u00a0SSAS eingef\u00fchrt. Auf Wunsch k\u00f6nnen in Hierarchien leere Elemente ausgeblendet werden oder mit\u00a0Get\u00a0Data neue Datenquellen genutzt werden. So werden schon vorhandene Datenquellen f\u00fcr\u00a0M-Abfragen\u00a0unterst\u00fctzt.<\/p>\n<p><strong>Microsoft SQL Server 2017 User\u00a0CAL\u00a0kaufen<\/strong><br \/>\nDie Standard Edition von SQL Server 2017 kann\u00a0zugriffsbasiert\u00a0lizenziert werden. In mittelst\u00e4ndischen Unternehmen ist eine Server \/\u00a0CAL\u00a0Lizenzierung meist preisg\u00fcnstiger als eine nach\u00a0Prozessorkernen. F\u00fcr den Kauf muss bekannt sein, wie viele\u00a0Firmenmitarbeiter\u00a0auf die\u00a0Datenbanksoftware\u00a0zugreifen werden. Schlie\u00dflich wird jedem Nutzer eine User\u00a0CAL\u00a0zugeordnet.\u00a0CA Lsteht dabei f\u00fcr Client Access\u00a0License. Typischerweise greifen Mitarbeiter aus B\u00fcro und Verwaltung von verschiedenen Ger\u00e4ten in einer Firma aus auf SQL Standard Server 2017 zu. Das Gegenst\u00fcck ist die Device\u00a0CAL, die\u00a0Ger\u00e4te-Zugriffslizenz. Diese bietet sich etwa f\u00fcr\u00a0Lager-PCs\u00a0und Scanner an. Es ist zu beachten, dass eine\u00a0Microsoft SQL Server 2017 User\u00a0CAL\u00a0zu kaufen\u00a0nicht ausreicht. Pro\u00a0Betriebssystemumgebung\u00a0(virtuell oder physikalisch) ist zus\u00e4tzlich eine SQL Server Instanz zu kaufen. Bei Lizengo sind all diese Lizenzen auf unkomplizierte Weise erh\u00e4ltlich. Falls noch Unsicherheiten dar\u00fcber bestehen, ob eine\u00a0Microsoft SQL Server 2017 User\u00a0CAL\u00a0die richtige Wahl ist, hilft das\u00a0Lizengo-Team\u00a0gern weiter.<\/p>\n","protected":false},"excerpt":{"rendered":"<p>Eine Microsoft SQL Server 2017 User CAL bietet einen nutzerbasierten Zugang zum international beliebten Datenbankmanagementsystem SQL Server. Der Lizenzinhaber kann die Software auf verschiedenen Ger\u00e4ten eines Unternehmens ausf\u00fchren. So k\u00f6nnen wichtige Gesch\u00e4ftsprozesse optimal erledigt werden. Diverse moderne Datenbank-Engine-Funktionen erm\u00f6glichen die effiziente Auswertung und Speicherung der Firmendaten. Unter anderem verf\u00fcgt SQL Server 2017 \u00fcber eine automatische\u00a0Datenbankoptimierung, [&hellip;]<\/p>\n","protected":false},"featured_media":1927,"comment_status":"open","ping_status":"closed","template":"","meta":{"_acf_changed":false},"product_cat":[159],"product_tag":[],"acf":[],"jetpack_sharing_enabled":true,"_links":{"self":[{"href":"http:\/\/pc-direkthandel.de\/wordpress\/wp-json\/wp\/v2\/product\/1926"}],"collection":[{"href":"http:\/\/pc-direkthandel.de\/wordpress\/wp-json\/wp\/v2\/product"}],"about":[{"href":"http:\/\/pc-direkthandel.de\/wordpress\/wp-json\/wp\/v2\/types\/product"}],"replies":[{"embeddable":true,"href":"http:\/\/pc-direkthandel.de\/wordpress\/wp-json\/wp\/v2\/comments?post=1926"}],"wp:featuredmedia":[{"embeddable":true,"href":"http:\/\/pc-direkthandel.de\/wordpress\/wp-json\/wp\/v2\/media\/1927"}],"wp:attachment":[{"href":"http:\/\/pc-direkthandel.de\/wordpress\/wp-json\/wp\/v2\/media?parent=1926"}],"wp:term":[{"taxonomy":"product_cat","embeddable":true,"href":"http:\/\/pc-direkthandel.de\/wordpress\/wp-json\/wp\/v2\/product_cat?post=1926"},{"taxonomy":"product_tag","embeddable":true,"href":"http:\/\/pc-direkthandel.de\/wordpress\/wp-json\/wp\/v2\/product_tag?post=1926"}],"curies":[{"name":"wp","href":"https:\/\/api.w.org\/{rel}","templated":true}]}}