{"id":1923,"date":"2019-09-17T16:20:21","date_gmt":"2019-09-17T14:20:21","guid":{"rendered":"http:\/\/pc-direkthandel.de\/wordpress\/?post_type=product&#038;p=1923"},"modified":"2019-11-07T15:24:36","modified_gmt":"2019-11-07T13:24:36","slug":"microsoft-server-2019-1-device-cal","status":"publish","type":"product","link":"http:\/\/pc-direkthandel.de\/wordpress\/product\/microsoft-server-2019-1-device-cal\/","title":{"rendered":"Microsoft Server 2019 (1 Device CAL)"},"content":{"rendered":"<p><strong>Microsoft Windows Server 2019 Device\u00a0CAL\u00a0f\u00fcr ein bedarfsgerechtes\u00a0Serversystem<\/strong><\/p>\n<p>Bei der\u00a0Microsoft Windows Server 2019 Device\u00a0CAL\u00a0handelt es sich um eine spezielle\u00a0Lizenzform, mit denen Unternehmen ihren Mitarbeitern den Zugriff auf Windows Server 2019 erm\u00f6glichen. \u00dcber den Kauf zus\u00e4tzlicher Device\u00a0CALs\u00a0ist es zudem m\u00f6glich, das\u00a0Serversystem\u00a0um zus\u00e4tzliche Ger\u00e4te zu erweitern. Damit k\u00f6nnen Unternehmen ohne gro\u00dfe Probleme ein bedarfsgerechtes, flexibles und leistungsstarkes\u00a0Serversystem\u00a0aufbauen und ihre Ressourcen dabei schonend und\u00a0kosteneffizient\u00a0einsetzen.<\/p>\n<p><strong>Was macht die\u00a0Microsoft Windows Server 2019 Device\u00a0CAL\u00a0aus?<\/strong><br \/>\nUnternehmen, die eine sogenannte\u00a0Ger\u00e4telizenz\u00a0erwerben, erhalten damit das Recht, Microsoft Windows Server 2019 auf einem spezifischen Ger\u00e4t zu installieren. Ob\u00a0Desktop-Rechner, Notebook, Scanner oder\u00a0Leitstand\u00a0ist dabei unerheblich. Im Gegenzug bedeutet dies jedoch auch, dass die Device\u00a0CALs\u00a0einem spezifischen Ger\u00e4t zugeteilt sind und nachtr\u00e4glich nicht auf ein anderes Ger\u00e4t \u00fcbertragen werden k\u00f6nnen. Es handelt sich also nicht um eine sogenannte Floating\u00a0License.<\/p>\n<p>Der Vorteil dieser\u00a0Lizenzierungsvariante\u00a0liegt wiederum darin, dass das entsprechend lizenzierte Ger\u00e4t von jedem beliebigen Benutzer verwendet werden kann, ohne dass f\u00fcr diese wiederum eine\u00a0User-Lizenz\u00a0erworben werden muss. Mit einer\u00a0Microsoft Windows Server 2019 Device\u00a0CAL\u00a0ist es Mitarbeitern zudem m\u00f6glich, auf vorhandene Windows Server 2016 Systeme zuzugreifen. Der umgekehrte Zugriff auf Server 2019 via\u00a02016er-CALs\u00a0ist hingegen nicht m\u00f6glich.<\/p>\n<p><strong>Flexible und bedarfsgerechte Systemgestaltung<\/strong><br \/>\nEiner der gro\u00dfen Vorteile des Client Access\u00a0License-Modells ist der bedarfsgerechte Einsatz. Diese Eigenschaft verdankt das\u00a0Lizenz-Konstrukt\u00a0der freien Kombinierbarkeit von\u00a0Ger\u00e4te-Lizenzen\u00a0und\u00a0Benutzer-Lizenzen. Diese sind sowohl einzeln als auch in\u00a0Lizenz-Paketen\u00a0erh\u00e4ltlich und machen den\u00a0kosteneffizienten\u00a0Aufbau eines ma\u00dfgeschneiderten\u00a0Serversystems\u00a0m\u00f6glich. Somit ist es beispielsweise kein Problem, station\u00e4re B\u00fcros mit\u00a0Ger\u00e4te-Lizenzen\u00a0auszustatten und Mitarbeitern, die oft mobil oder aus dem\u00a0Home-Office\u00a0heraus arbeiten, mit User-CALs\u00a0zu versorgen, um diesen den\u00a0ortsunabh\u00e4ngigen\u00a0Zugriff auf alle ben\u00f6tigten Daten zu erm\u00f6glichen.<\/p>\n<p><strong>Die wichtigsten Neuerungen von Windows Server 2019<\/strong><br \/>\nDer Erwerb einer\u00a0Microsoft Windows Server 2019 Device\u00a0CAL\u00a0ist die bequeme Art und Weise ein\u00a0Serversystem\u00a0von Grund auf zu planen oder beliebig zu erweitern. Damit erhalten Mitarbeiter fortan vollst\u00e4ndigen Zugriff auf die leistungsstarken Funktionen und\u00a0Sicherheits-Features\u00a0des aktuellen\u00a0Serverbetriebssystems\u00a0aus dem Hause Microsoft.<\/p>\n<ul>\n<li>Windows-Subsystem for Linux: Microsoft setzt in der aktuellen Server-Version auf eine deutlich bessere Integration von Linux. Dies geschieht sowohl \u00fcber verbesserte Sicherheitskonzepte wie &#8222;Shielded-VMs&#8220; als auch durch die M\u00f6glichkeit Linux-Server mit Linux-Befehlen von Windows-Servern aus zu verwalten. Hinzu kommt die Integration von Linux-Distributionen in die Windows-Installation.<\/li>\n<li>Verzahnung mit Microsoft Azure: Durch die effizientere Zusammenarbeit mit Microsoft Azure erm\u00f6glicht Windows Server 2019 neben einer vereinfachten Datensynchronisation nun auch die einfache Datensicherung via Azure Backup.<\/li>\n<li>Besserer Rundumschutz: Um den Schutz essentieller Daten zu optimieren, hat Microsoft an der Verschl\u00fcsselung von Daten und Dateiservern gearbeitet. Erg\u00e4nzt wird diese Ma\u00dfnahme durch die direkte Zusammenarbeit des Serverbetriebssystems mit Windows Defender Advanced Threat Protection (ATP). Somit erkennt das System fortan auch Bedrohungen wie Root-Kits und Zero-Day-Attacken, die von vielen herk\u00f6mmlichen Antiviren-Programmen nicht entdeckt werden.<\/li>\n<li>Express-Updates: Lange Downloads, ausufernde Installationszeiten und st\u00e4ndige Neustarts geh\u00f6ren mit dem Umstieg auf Windows Server 2019 der Vergangenheit an. Wie schon beim Desktop-Betriebssystem Windows 10 setzt Microsoft hier n\u00e4mlich auf die bekannten Express-Updates.<\/li>\n<\/ul>\n","protected":false},"excerpt":{"rendered":"<p>Microsoft Windows Server 2019 Device\u00a0CAL\u00a0f\u00fcr ein bedarfsgerechtes\u00a0Serversystem Bei der\u00a0Microsoft Windows Server 2019 Device\u00a0CAL\u00a0handelt es sich um eine spezielle\u00a0Lizenzform, mit denen Unternehmen ihren Mitarbeitern den Zugriff auf Windows Server 2019 erm\u00f6glichen. \u00dcber den Kauf zus\u00e4tzlicher Device\u00a0CALs\u00a0ist es zudem m\u00f6glich, das\u00a0Serversystem\u00a0um zus\u00e4tzliche Ger\u00e4te zu erweitern. Damit k\u00f6nnen Unternehmen ohne gro\u00dfe Probleme ein bedarfsgerechtes, flexibles und leistungsstarkes\u00a0Serversystem\u00a0aufbauen und [&hellip;]<\/p>\n","protected":false},"featured_media":1924,"comment_status":"open","ping_status":"closed","template":"","meta":{"_acf_changed":false},"product_cat":[159],"product_tag":[],"acf":[],"jetpack_sharing_enabled":true,"_links":{"self":[{"href":"http:\/\/pc-direkthandel.de\/wordpress\/wp-json\/wp\/v2\/product\/1923"}],"collection":[{"href":"http:\/\/pc-direkthandel.de\/wordpress\/wp-json\/wp\/v2\/product"}],"about":[{"href":"http:\/\/pc-direkthandel.de\/wordpress\/wp-json\/wp\/v2\/types\/product"}],"replies":[{"embeddable":true,"href":"http:\/\/pc-direkthandel.de\/wordpress\/wp-json\/wp\/v2\/comments?post=1923"}],"wp:featuredmedia":[{"embeddable":true,"href":"http:\/\/pc-direkthandel.de\/wordpress\/wp-json\/wp\/v2\/media\/1924"}],"wp:attachment":[{"href":"http:\/\/pc-direkthandel.de\/wordpress\/wp-json\/wp\/v2\/media?parent=1923"}],"wp:term":[{"taxonomy":"product_cat","embeddable":true,"href":"http:\/\/pc-direkthandel.de\/wordpress\/wp-json\/wp\/v2\/product_cat?post=1923"},{"taxonomy":"product_tag","embeddable":true,"href":"http:\/\/pc-direkthandel.de\/wordpress\/wp-json\/wp\/v2\/product_tag?post=1923"}],"curies":[{"name":"wp","href":"https:\/\/api.w.org\/{rel}","templated":true}]}}