{"id":1920,"date":"2019-09-17T16:16:21","date_gmt":"2019-09-17T14:16:21","guid":{"rendered":"http:\/\/pc-direkthandel.de\/wordpress\/?post_type=product&#038;p=1920"},"modified":"2019-11-07T15:25:25","modified_gmt":"2019-11-07T13:25:25","slug":"microsoft-server-2019-1-user-cal","status":"publish","type":"product","link":"http:\/\/pc-direkthandel.de\/wordpress\/product\/microsoft-server-2019-1-user-cal\/","title":{"rendered":"Microsoft Server 2019 (1 User CAL)"},"content":{"rendered":"<p><strong>Microsoft Windows Server 2019 User\u00a0CAL\u00a0&#8211; Mehr Flexibilit\u00e4t f\u00fcr Ihr System<\/strong><\/p>\n<p>Um das volle Potential eines so leistungsf\u00e4higen\u00a0Serversystems\u00a0wie Microsoft Server 2019 optimal auszunutzen, muss dieses m\u00f6glichst flexibel gestaltet sein und eine bedarfsgerechte Verwendung zulassen. Mit den sogenannten Client Access\u00a0Licenseserwerben Unternehmen zus\u00e4tzliche Lizenzen, mit denen es m\u00f6glich ist, das\u00a0Serverbetriebssystem\u00a0um weitere Nutzer\u00a0bzw. Ger\u00e4te zu erweitern und damit vollen Zugriff auf das System zu gew\u00e4hren. Hier bietet Microsoft mit User\u00a0CALs\u00a0und Device\u00a0CALs\u00a0gleich zwei Varianten an.<\/p>\n<p><strong>Wo liegt der Unterschied zwischen User\u00a0CALs\u00a0und Device\u00a0CALs?<\/strong><br \/>\nJeder Nutzer\u00a0bzw. jedes Ger\u00e4t, das mit dem\u00a0Serversystem\u00a0verbunden sein soll, ben\u00f6tigt eine g\u00fcltige Microsoft Server 2019 Lizenz. Bei den User\u00a0CALs\u00a0handelt es sich um Lizenzen, die an einen speziellen Benutzer gebunden sind. Im Gegensatz dazu sind Device\u00a0CALs\u00a0an Ger\u00e4te gebunden. Da User\u00a0CALs\u00a0nutzerspezifisch\u00a0sind, erh\u00e4lt jeder lizensierte Nutzer pers\u00f6nliche Zugangsdaten f\u00fcr das System. Das wiederum hat den Vorteil, dass von jedem beliebigen Arbeitsplatz aus voller Zugriff auf das System besteht. Eine\u00a0Ger\u00e4tebindung, wie bei den Device\u00a0CALs, besteht hingegen nicht.<\/p>\n<p><strong>Wann lohnt sich der Einsatz von Microsoft Windows Server 2019 User\u00a0CALs?<\/strong><br \/>\nVon der Verwendung profitieren vor allem Unternehmen und Organisationen, die ihren Mitarbeitern eine flexible Arbeitsweise erm\u00f6glichen, die nicht an den\u00a0Desktop-Computer\u00a0im station\u00e4ren B\u00fcro gebunden ist. Durch die\u00a0User-Lizenzierung\u00a0k\u00f6nnen Mitarbeiter auch vom angeschlossenen Computer aus dem\u00a0Home-Office\u00a0oder mobil vom\u00a0Firmen-Notebook\u00a0aus auf das System zugreifen und damit deutlich schneller und effizienter an die ben\u00f6tigten Daten gelangen.<\/p>\n<p>Da User\u00a0CALs\u00a0sowohl einzeln als auch in Form von\u00a0Lizenzpaketen\u00a0erh\u00e4ltlich sind, k\u00f6nnen Unternehmen ihr System stets so erweitern, wie es der aktuelle Bedarf notwendig macht. Hinzu kommt, dass Microsoft Windows Server 2019 User\u00a0CALs\u00a0auch frei mit Device\u00a0CALs\u00a0kombiniert werden k\u00f6nnen. Unter dem Strich steht damit eine erhebliche finanzielle Ersparnis.<\/p>\n<p><strong>Die wichtigsten Neuerungen von Windows Server 2019<\/strong><br \/>\nDurch den Kauf einer\u00a0Microsoft Windows Server 2019 User\u00a0CAL\u00a0kommen Mitarbeiter in den Genuss eines leistungsf\u00e4higen\u00a0Serverbetriebssystems, das in seiner aktuellen Version mit zahlreichen neuen Funktionen und\u00a0Detailverbesserungendaherkommt.<\/p>\n<ul>\n<li>Express-Updates: \u00c4hnlich wie bei Desktop-Betriebssystem Windows 10 kommen auch in der neuen Server-Version die Express-Updates zu Anwendung. Das wiederum verk\u00fcrzt die Installationszeit und senkt die Anzahl der n\u00f6tigen Neustarts.<\/li>\n<li>Windows Defender Advanced Threat Protection: Durch den verbesserten Schutzmechanismus bietet Windows Server 2019 einen erweiterten Schutz gegen Root-Kits und Zero-Day-Attacken. Hinzu kommt eine verbesserte Verschl\u00fcsselung von Daten, Netzwerkverkehr und virtuellen Maschinen.<\/li>\n<li>Einbindung von Linux: Gegen\u00fcber Vorg\u00e4ngerversionen verf\u00fcgt Windows Server 2019 \u00fcber erweiterte Sicherheitskonzeptef\u00fcr Linux-Server und eine direkte Integration von Linux-Distributionen in die Windows-Installation.<\/li>\n<li>Integration von Microsoft Azure: Dank der beinahe nahtlosen Zusammenarbeit von Windows Server und Microsoft Azurelassen sich Daten nun leicht synchronisieren und per Azure Backup sichern. Au\u00dferdem erm\u00f6glicht die Anpassung die Anbindung von Clustern an Microsoft Azure.<\/li>\n<li>Bessere Container: Durch die ausgeweitete Zusammenarbeit mit Kubernetes erm\u00f6glicht Microsoft in Server 2019 den Betrieb von hybriden Container-Umgebungen.<\/li>\n<li>Storage Migration Assistent: Der Storage Migrations Service unterst\u00fctzt Nutzer einer Microsoft Windows Server 2019 UserCAL fortan dabei, Daten und Dateiserver zu Windows Server 2019 zu migrieren. Durch die M\u00f6glichkeit, diverse Ger\u00e4te als Quelle f\u00fcr die Migration zu nutzen, ist diese so einfach wie nie zuvor.<\/li>\n<\/ul>\n","protected":false},"excerpt":{"rendered":"<p>Microsoft Windows Server 2019 User\u00a0CAL\u00a0&#8211; Mehr Flexibilit\u00e4t f\u00fcr Ihr System Um das volle Potential eines so leistungsf\u00e4higen\u00a0Serversystems\u00a0wie Microsoft Server 2019 optimal auszunutzen, muss dieses m\u00f6glichst flexibel gestaltet sein und eine bedarfsgerechte Verwendung zulassen. Mit den sogenannten Client Access\u00a0Licenseserwerben Unternehmen zus\u00e4tzliche Lizenzen, mit denen es m\u00f6glich ist, das\u00a0Serverbetriebssystem\u00a0um weitere Nutzer\u00a0bzw. Ger\u00e4te zu erweitern und damit vollen [&hellip;]<\/p>\n","protected":false},"featured_media":1921,"comment_status":"open","ping_status":"closed","template":"","meta":{"_acf_changed":false},"product_cat":[159],"product_tag":[],"acf":[],"jetpack_sharing_enabled":true,"_links":{"self":[{"href":"http:\/\/pc-direkthandel.de\/wordpress\/wp-json\/wp\/v2\/product\/1920"}],"collection":[{"href":"http:\/\/pc-direkthandel.de\/wordpress\/wp-json\/wp\/v2\/product"}],"about":[{"href":"http:\/\/pc-direkthandel.de\/wordpress\/wp-json\/wp\/v2\/types\/product"}],"replies":[{"embeddable":true,"href":"http:\/\/pc-direkthandel.de\/wordpress\/wp-json\/wp\/v2\/comments?post=1920"}],"wp:featuredmedia":[{"embeddable":true,"href":"http:\/\/pc-direkthandel.de\/wordpress\/wp-json\/wp\/v2\/media\/1921"}],"wp:attachment":[{"href":"http:\/\/pc-direkthandel.de\/wordpress\/wp-json\/wp\/v2\/media?parent=1920"}],"wp:term":[{"taxonomy":"product_cat","embeddable":true,"href":"http:\/\/pc-direkthandel.de\/wordpress\/wp-json\/wp\/v2\/product_cat?post=1920"},{"taxonomy":"product_tag","embeddable":true,"href":"http:\/\/pc-direkthandel.de\/wordpress\/wp-json\/wp\/v2\/product_tag?post=1920"}],"curies":[{"name":"wp","href":"https:\/\/api.w.org\/{rel}","templated":true}]}}