{"id":1916,"date":"2019-09-17T16:10:45","date_gmt":"2019-09-17T14:10:45","guid":{"rendered":"http:\/\/pc-direkthandel.de\/wordpress\/?post_type=product&#038;p=1916"},"modified":"2019-11-07T15:26:58","modified_gmt":"2019-11-07T13:26:58","slug":"microsoft-exchange-server-2019-standard-esd-key","status":"publish","type":"product","link":"http:\/\/pc-direkthandel.de\/wordpress\/product\/microsoft-exchange-server-2019-standard-esd-key\/","title":{"rendered":"Microsoft Exchange Server 2019 Standard (ESD &#038; Key)"},"content":{"rendered":"<p><strong>Microsoft\u00a0Exchange Server 2019 Standard kaufen\u00a0und Prozesse im Handumdrehen optimieren<\/strong><\/p>\n<p>Mit\u00a0Exchange Server 2019 Standard\u00a0ersetzt die\u00a0Softwareschmiede\u00a0aus Redmond die Vorg\u00e4ngerversion Exchange Server 2016 und baut auf deren St\u00e4rken auf. Unternehmen, die\u00a0Exchange Server 2019 Standard kaufen, erhalten somit eine\u00a0Groupware- und\u00a0E-Mail-Transport-Server-Software, die unternehmensinterne\u00a0Kollaboration\u00a0auf allen Ebenen vereinfacht.<\/p>\n<p>Sowohl kleine Arbeitsgruppen als auch gro\u00dfe Abteilungen kommen mit der neuen Version von Exchange Server in den Genuss einer leistungsstarken zentralen Ablage und Verwaltung von\u00a0Aufgabenlisten, Terminen, Kontakten und E-Mails, Notizen und zahlreichen weiteren Elementen. Die als interne und externe Schnittstelle konzipierte Software ist in ihrer\u00a0Standard-Variante speziell auf die Bed\u00fcrfnisse von kleinen und mittelst\u00e4ndischen Unternehmen zugeschnitten.<\/p>\n<p><strong>Neuer Exchange Server unterst\u00fctzt\u00a0leistungsst\u00e4rkere\u00a0Systeme<\/strong><br \/>\nEine der zentralen Neuerungen, die Nutzer erfahren, die\u00a0Exchange Server 2019 Standard kaufen, ist die Unterst\u00fctzung leistungsst\u00e4rkerer\u00a0Serversysteme. Hier erweitert Microsoft die\u00a0systemseitige\u00a0Unterst\u00fctzung des maximal verwendbaren Arbeitsspeichers im Gegensatz zur Version 2016 von 192 GB auf 256 GB. Die Anzahl der unterst\u00fctzten Prozessoren verdoppelt sich gar von 24\u00a0CPU-Cores\u00a0auf aktuell 48\u00a0CPU-Cores. Das wiederum verspricht in Kombination mit der Unterst\u00fctzung von\u00a0SSD-Speichern\u00a0als Zwischenspeicher zur Leistungsoptimierung einen enormen\u00a0Leistungsschub\u00a0und eine bessere User\u00a0Experience.<\/p>\n<p><strong>Neues &#8222;Calendaring-Modell&#8220; f\u00fcr mehr Komfort<\/strong><br \/>\nEbenfalls neu ist das \u00fcberarbeitete\u00a0Kalender-System. Dieses orientiert sich insbesondere im Hinblick auf das\u00a0Calendar\u00a0Sharing an dem bereits im Rahmen von Office 365 erprobten Modell. Dank der &#8222;Do not\u00a0Forward&#8220;-Funktion\u00a0und der\u00a0PowerShellcmdlets\u00a0haben Administratoren nun umfangreichere M\u00f6glichkeiten wie beispielsweise die Funktion &#8222;Remove-Calendar Events&#8220; und &#8222;Add-MailboxFolderPermission&#8220; zur Zuweisung von\u00a0Delegationsberechtigungen.<\/p>\n<p><strong>Implementierte\u00a0Bing-Suche und \u00fcberarbeitete Voice\u00a0Mail-Funktionen<\/strong><br \/>\nIm Gegenzug zur\u00a0Neueinf\u00fchrung\u00a0zahlreicher Funktionen entfallen bei Microsoft\u00a0Exchange Server 2019 Standard\u00a0einige Features. Darunter etwa die in die Jahre gekommene\u00a0FAST-Suche, die durch die\u00a0Suchmaschinen-Funktion\u00a0von\u00a0Bing\u00a0ersetzt wird. Sowohl\u00a0Suchindices\u00a0als auch\u00a0Suchinformationen\u00a0sind in der Version 2019 fester Bestandteil der\u00a0Postfachdatenbanken. Ebenfalls gestrichen hat Microsoft die Unterst\u00fctzung f\u00fcr\u00a0Unified\u00a0Messaging. Damit funktionieren die Voice\u00a0Mail-Funktionalit\u00e4ten\u00a0der Software aktuell \u00fcber Cloud Voice Mail. Das wiederum erfordert das Vorhandensein von Microsoft Office 365 oder Skype for Business 2019.<\/p>\n<p>Vorteile von Microsoft\u00a0Exchange Server 2019 Standard\u00a0auf einen Blick<br \/>\n&#8211; Deutlich erh\u00f6hte Produktivit\u00e4t durch die Unterst\u00fctzung leistungsst\u00e4rkerer Systeme und den Einsatz der\u00a0Bing-Search Engine.<br \/>\n&#8211; Unterst\u00fctzung von bis zu 48 Prozessoren und maximal 256 GB Arbeitsspeicher.<br \/>\n&#8211; Verbesserte Zusammenarbeit von Mitarbeitern,\u00a0Projektteams\u00a0und ganzen Abteilungen an gemeinsam genutzten Dokumenten.<br \/>\n&#8211; Hohes\u00a0Sicherheitsniveau\u00a0durch umfangreiche \u00dcberwachungsfunktionen und die Verhinderung von Datenverlust.<br \/>\n&#8211; Einfacheres\u00a0Kalender-Sharing\u00a0durch die Funktion &#8222;Do not Forward&#8220; und die Verwendung des\u00a0Kalendersystems\u00a0aus Microsoft Office 365.<\/p>\n<p><strong>Microsoft\u00a0Exchange Server 2019 Standard\u00a0zeitlich unbegrenzt nutzen<\/strong><br \/>\nNutzer, die\u00a0Exchange Server 2019 Standard kaufen, profitieren von der zeitlich unbegrenzten Nutzung des leistungsstarken Softwarepakets. Durch den Erwerb von Client Access\u00a0Licenses\u00a0(CALs), die nach Device- und\u00a0User-Lizenz\u00a0unterschieden werden, behalten Unternehmen die Z\u00fcgel ganz nach ihrem individuellen Bedarf in der eigenen Hand. Damit ist auch die Einbindung von Home\u00a0Office-L\u00f6sungen\u00a0und\u00a0Mobilger\u00e4ten\u00a0kosteneffizient\u00a0m\u00f6glich.<\/p>\n<p><strong>Koexistenz der verschiedenen Exchange Server Versionen<\/strong><br \/>\nWer Microsoft\u00a0Exchange Server 2019 Standard kaufen\u00a0m\u00f6chte, sollte wissen, dass die Redmonder\u00a0Softwareschmiede\u00a0auch hier auf das gut bekannte &#8222;N &#8211;\u00a02&#8220;-Prinzip\u00a0setzt. Das bedeutet, dass Exchange Server 2019 nicht direkt auf Exchange Server 2010 aufgesetzt werden kann. Unternehmen, die noch die\u00a02010er-Version\u00a0nutzen, m\u00fcssen dementsprechend eine\u00a0Zwischenmigration\u00a0auf Exchange Server 2016 oder Exchange Server 2013 vornehmen. Allerdings ist Microsoft Exchange Server 2013 als Zwischenl\u00f6sung keine praktikable Option, zumal der\u00a0Mainstream-Support\u00a0im Juni 2018 von Microsoft beendet wurde.<\/p>\n","protected":false},"excerpt":{"rendered":"<p>Microsoft\u00a0Exchange Server 2019 Standard kaufen\u00a0und Prozesse im Handumdrehen optimieren Mit\u00a0Exchange Server 2019 Standard\u00a0ersetzt die\u00a0Softwareschmiede\u00a0aus Redmond die Vorg\u00e4ngerversion Exchange Server 2016 und baut auf deren St\u00e4rken auf. Unternehmen, die\u00a0Exchange Server 2019 Standard kaufen, erhalten somit eine\u00a0Groupware- und\u00a0E-Mail-Transport-Server-Software, die unternehmensinterne\u00a0Kollaboration\u00a0auf allen Ebenen vereinfacht. Sowohl kleine Arbeitsgruppen als auch gro\u00dfe Abteilungen kommen mit der neuen Version von Exchange [&hellip;]<\/p>\n","protected":false},"featured_media":1917,"comment_status":"open","ping_status":"closed","template":"","meta":{"_acf_changed":false},"product_cat":[159],"product_tag":[],"acf":[],"jetpack_sharing_enabled":true,"_links":{"self":[{"href":"http:\/\/pc-direkthandel.de\/wordpress\/wp-json\/wp\/v2\/product\/1916"}],"collection":[{"href":"http:\/\/pc-direkthandel.de\/wordpress\/wp-json\/wp\/v2\/product"}],"about":[{"href":"http:\/\/pc-direkthandel.de\/wordpress\/wp-json\/wp\/v2\/types\/product"}],"replies":[{"embeddable":true,"href":"http:\/\/pc-direkthandel.de\/wordpress\/wp-json\/wp\/v2\/comments?post=1916"}],"wp:featuredmedia":[{"embeddable":true,"href":"http:\/\/pc-direkthandel.de\/wordpress\/wp-json\/wp\/v2\/media\/1917"}],"wp:attachment":[{"href":"http:\/\/pc-direkthandel.de\/wordpress\/wp-json\/wp\/v2\/media?parent=1916"}],"wp:term":[{"taxonomy":"product_cat","embeddable":true,"href":"http:\/\/pc-direkthandel.de\/wordpress\/wp-json\/wp\/v2\/product_cat?post=1916"},{"taxonomy":"product_tag","embeddable":true,"href":"http:\/\/pc-direkthandel.de\/wordpress\/wp-json\/wp\/v2\/product_tag?post=1916"}],"curies":[{"name":"wp","href":"https:\/\/api.w.org\/{rel}","templated":true}]}}