{"id":1912,"date":"2019-09-17T16:05:40","date_gmt":"2019-09-17T14:05:40","guid":{"rendered":"http:\/\/pc-direkthandel.de\/wordpress\/?post_type=product&#038;p=1912"},"modified":"2019-11-07T15:31:34","modified_gmt":"2019-11-07T13:31:34","slug":"microsoft-sql-server-2017-standard-esd-key","status":"publish","type":"product","link":"http:\/\/pc-direkthandel.de\/wordpress\/product\/microsoft-sql-server-2017-standard-esd-key\/","title":{"rendered":"Microsoft SQL Server 2017 Standard (ESD &#038; Key)"},"content":{"rendered":"<p><strong>Neues in SQL Server 2017<\/strong><\/p>\n<p>SQL Server 2017 stellt einen wichtigen Schritt dar, um SQL Server zu einer Plattform zu machen, auf der Sie verschiedene Wahlm\u00f6glichkeiten haben: W\u00e4hlen Sie zwischen verschiedenen Entwicklungssprachen und Datentypen, zwischen lokaler Ausf\u00fchrung oder Ausf\u00fchrung in der Cloud sowie zwischen verschiedenen Betriebssystemen, indem die Leistungsf\u00e4higkeit von SQL Server f\u00fcr Linux, Linux-basierte Docker-Container und Windows bereitgestellt wird.<\/p>\n<p><strong>SQL Server 2017-Datenbankmodul<\/strong><\/p>\n<p>SQL Server-2017 umfasst viele neue Datenbankmodulfunktionen, Verbesserungen und Leistungsverbesserungen. Das Datenbankmodul ist der Kerndienst zum Speichern, Verarbeiten und Sichern von Daten. Das Datenbankmodul erm\u00f6glicht einen gesteuerten Zugriff und eine schnelle Transaktionsverarbeitung, um auch den Anforderungen der anspruchsvollsten Datenverarbeitungsanwendungen in Ihrem Unternehmen gerecht zu werden.Verwenden Sie das Datenbankmodul, um relationale Datenbanken f\u00fcr OLTP- (Online Transactional Processing, Onlinetransaktionsverarbeitung) oder OLAP-Daten (Online Analytical Processing, Analytische Onlineverarbeitung) zu erstellen. Dazu geh\u00f6rt das Erstellen von Tabellen zur Datenspeicherung und von Datenbankobjekten, wie z. B. Indizes, Sichten und gespeicherte Prozeduren, zum Anzeigen, Verwalten und Sichern von Daten. Verwenden Sie SQL Server Management Studio, um die Datenbankobjekte zu verwalten, und SQL Server Profiler, um Serverereignisse aufzuzeichnen.<\/p>\n<p><strong>Die Analysis Services<\/strong><\/p>\n<p>Analysis Services ist ein analytisches Datenmodul in Decision Support und Business Analytics, analytischen Daten f\u00fcr Gesch\u00e4ftsberichte und Clientanwendungen wie Excel, Power BI bereitstellt, die durch das Reporting Services-Berichte und andere Daten Visualisierungstools verwendet werden. Ein typischer Workflow enth\u00e4lt die Erstellung eines mehrdimensionalen \/ tabellarischen Datenmodells und die Bereitstellung des Modells als Datenbank mit einem lokalen SQL Server Analysis Service oder Azure Analysis Service-Serverinstanz. Ebenso l\u00e4sst sich die wiederkehrende Datenverarbeitung einrichten und die Berechtigungen zum Zugriff auf Daten von Endbenutzern verteilen.\u00a0Wenn er abgeschlossen ist, kann Ihr semantisches Datenmodell von allen Clientanwendungen, die von Analysis Services unterst\u00fctzt werden, als Datenquelle beansprucht werden.\u00a0Analysis Services ist jetzt in der Cloud und als Azure-Dienst verf\u00fcgbar. Azure Analysis Services unterst\u00fctzt tabellarische Modelle mit dem Kompatibilit\u00e4tsgrad 1200 oder h\u00f6her. DirectQuery, Partitionen, Sicherheit auf Zeilenebene, Bidirektionale Beziehungen und \u00dcbersetzungen werden unterst\u00fctzt.<\/p>\n<p><strong>SQL Server Integration Services<\/strong><\/p>\n<p>Microsoft Integration Services ist eine Plattform zum Erstellen von Datenintegrations- und Datentransformationsl\u00f6sungen auf Unternehmensebene. Sie verwenden Integration Services, um komplexe Unternehmensprobleme durch Kopieren oder Herunterladen von Dateien, Senden von E-Mail-Nachrichten als Antwort auf Ereignisse, Aktualisieren von Data Warehouses, Bereinigen von Daten und Data Mining sowie Verwalten von SQL Server -Objekten und -Daten zu l\u00f6sen. Die Pakete k\u00f6nnen alleine oder zusammen mit anderen Paketen verwendet werden, um komplexe gesch\u00e4ftliche Anforderungen zu erf\u00fcllen. Integration Services kann Daten aus einer Vielzahl von Quellen, z. B. XML-Datendateien, Flatfiles und relationale Datenquellen, extrahieren und transformieren und die Daten dann in ein oder mehrere Ziele laden.Integration Services enth\u00e4lt eine Vielzahl integrierter Tasks und Transformationen, Tools zum Erstellen von Paketen und den Integration Services -Dienst zum Ausf\u00fchren und Verwalten von Paketen. Sie k\u00f6nnen die grafischen Integration Services -Tools verwenden, um L\u00f6sungen zu erstellen, ohne eine einzige Codezeile schreiben zu m\u00fcssen. Oder Sie k\u00f6nnen das umfangreiche Integration Services -Objektmodell programmieren, um Pakete programmgesteuert zu erstellen und benutzerdefinierte Tasks sowie andere Paketobjekte zu codieren.<\/p>\n","protected":false},"excerpt":{"rendered":"<p>Neues in SQL Server 2017 SQL Server 2017 stellt einen wichtigen Schritt dar, um SQL Server zu einer Plattform zu machen, auf der Sie verschiedene Wahlm\u00f6glichkeiten haben: W\u00e4hlen Sie zwischen verschiedenen Entwicklungssprachen und Datentypen, zwischen lokaler Ausf\u00fchrung oder Ausf\u00fchrung in der Cloud sowie zwischen verschiedenen Betriebssystemen, indem die Leistungsf\u00e4higkeit von SQL Server f\u00fcr Linux, Linux-basierte [&hellip;]<\/p>\n","protected":false},"featured_media":1913,"comment_status":"open","ping_status":"closed","template":"","meta":{"_acf_changed":false},"product_cat":[159],"product_tag":[],"acf":[],"jetpack_sharing_enabled":true,"_links":{"self":[{"href":"http:\/\/pc-direkthandel.de\/wordpress\/wp-json\/wp\/v2\/product\/1912"}],"collection":[{"href":"http:\/\/pc-direkthandel.de\/wordpress\/wp-json\/wp\/v2\/product"}],"about":[{"href":"http:\/\/pc-direkthandel.de\/wordpress\/wp-json\/wp\/v2\/types\/product"}],"replies":[{"embeddable":true,"href":"http:\/\/pc-direkthandel.de\/wordpress\/wp-json\/wp\/v2\/comments?post=1912"}],"wp:featuredmedia":[{"embeddable":true,"href":"http:\/\/pc-direkthandel.de\/wordpress\/wp-json\/wp\/v2\/media\/1913"}],"wp:attachment":[{"href":"http:\/\/pc-direkthandel.de\/wordpress\/wp-json\/wp\/v2\/media?parent=1912"}],"wp:term":[{"taxonomy":"product_cat","embeddable":true,"href":"http:\/\/pc-direkthandel.de\/wordpress\/wp-json\/wp\/v2\/product_cat?post=1912"},{"taxonomy":"product_tag","embeddable":true,"href":"http:\/\/pc-direkthandel.de\/wordpress\/wp-json\/wp\/v2\/product_tag?post=1912"}],"curies":[{"name":"wp","href":"https:\/\/api.w.org\/{rel}","templated":true}]}}