{"id":1904,"date":"2019-09-17T15:58:08","date_gmt":"2019-09-17T13:58:08","guid":{"rendered":"http:\/\/pc-direkthandel.de\/wordpress\/?post_type=product&#038;p=1904"},"modified":"2019-11-07T15:33:56","modified_gmt":"2019-11-07T13:33:56","slug":"microsoft-server-2019-standard-core-add-on-esd-key","status":"publish","type":"product","link":"http:\/\/pc-direkthandel.de\/wordpress\/product\/microsoft-server-2019-standard-core-add-on-esd-key\/","title":{"rendered":"Microsoft Server 2019 Standard Core Add-On (ESD &#038; Key)"},"content":{"rendered":"<p><strong>Windows Server 2019 Standard Core\u00a0Add-on\u00a0kaufen\u00a0und flexibel einsetzen<\/strong><\/p>\n<p>Windows Server 2019 ist das neueste\u00a0Serverbetriebssystem\u00a0aus dem Hause Microsoft. Dieses besinnt sich nicht nur auf die St\u00e4rken der\u00a0Vorg\u00e4nger-Edition, sondern baut die Funktionalit\u00e4t und Qualit\u00e4t nochmals deutlich aus, sodass Unternehmen und Organisationen die M\u00f6glichkeit haben, eine leistungsf\u00e4hige und stabile\u00a0Netzwerkinfrastruktur\u00a0aufzubauen.<\/p>\n<p>W\u00e4hrend die klassische\u00a0Standard-Version\u00a0die Basis f\u00fcr den Aufbau eines Systems bildet, bietet\u00a0Windows Server 2019 Standard Core\u00a0Add-on die M\u00f6glichkeit, das Servernetzwerk beliebig zu erweitern. Seit dem Umstieg von der\u00a0Pro-CPU-Lizenzierung\u00a0auf die\u00a0Pro-Core-Lizenzierung mit Windows Server 2016 sind die Core-Add-ons\u00a0eine kosteng\u00fcnstige Option, um leistungsstarke Server sowohl bei Inbetriebnahme als auch nachtr\u00e4glich zu vergr\u00f6\u00dfern.<\/p>\n<p><strong>Wichtige Neuerungen von Windows Server 2019 Standard<\/strong><br \/>\nUnternehmen, die das Microsoft\u00a0Windows Server 2019 Standard Core\u00a0Add-on\u00a0kaufen\u00a0kommen in den Genuss des derzeit leistungsst\u00e4rksten\u00a0Serverbetriebssystems\u00a0aus dem Hause Microsoft. Im Vergleich zum Vorg\u00e4nger Windows Server 2016 Standard kommt die\u00a02019er-Version\u00a0mit einer Vielzahl an Neuerungen daher. Darunter etwa die Verkleinerung der\u00a0Core-Images\u00a0auf rund 1.7 GB.<\/p>\n<p>Ebenfalls neu sind die\u00a0Express-Updates, wie sie bereits beim\u00a0Desktop-Betriebssystem\u00a0Windows 10 zur Anwendung kommen. Damit fallen die Updates unter Windows Server 2019\u00a0bzw. mit dem\u00a0Windows Server 2019 Standard Core\u00a0Add-on\u00a0deutlich kleiner aus und erm\u00f6glichen neben der Verringerung der\u00a0Installationszeit\u00a0auch die Zahl der notwendigen\u00a0Neustarts.<\/p>\n<p><strong>Mehr Sicherheit mit dem\u00a0Windows Server 2019 Standard Core\u00a0Add-on\u00a0<\/strong><br \/>\nDa die Bedrohungen aus dem Netz beinahe t\u00e4glich zunehmen, steht das Thema Sicherheit auch bei Microsofts j\u00fcngstem Spross ganz oben auf der Agenda. Die\u00a0Standard-Edition\u00a0von Windows Server 2019 gl\u00e4nzt beispielsweise mit einer deutlich verbesserten Verschl\u00fcsselung von Daten, virtuellen Maschinen und dem\u00a0Netzwerkverkehr. Hinzu kommt die direkte Zusammenarbeit von Windows Server 2019 mit der Windows\u00a0Defender\u00a0Advanced\u00a0Threat\u00a0Protection\u00a0(ATP).<\/p>\n<p>Dieser Schutzmechanismus kommt ohne\u00a0Signaturdateien\u00a0aus und bietet gegen\u00fcber\u00a0Root-Kits\u00a0und\u00a0Zero-Day-Attacken\u00a0ein deutlich h\u00f6heres\u00a0Schutzniveau. Via\u00a0Cloud-Anbindung\u00a0erkennt das System auch Angriffe, die von konventionellen Virenscannern nicht erkannt werden zuverl\u00e4ssig. Mit Windows Server \u00fcbertr\u00e4gt Microsoft auch das bereits in der\u00a0Vorg\u00e4nger-Version\u00a0eingef\u00fchrte &#8222;Shielded\u00a0VMs&#8220;-Konzept\u00a0auf virtuelle\u00a0Linux-Maschinen.<\/p>\n<p><strong>Weitere Vorteile f\u00fcr Unternehmen, die das\u00a0Windows Server 2019 Standard Core\u00a0Add-on\u00a0kaufen<\/strong><\/p>\n<ul>\n<li>Windows-Subsystem for Linux: Die neue Version von Windows Server f\u00fchrt nicht nur erweiterte Sicherheitskonzepte f\u00fcr Linux-Server ein, sondern vereinfacht auch deren Handhabung. Augenf\u00e4llig ist neben der direkten Integration der Linux-Distribution in die Windows-Installation die bequeme Verwaltung der Linux-Server von Windows-Servern, via Linux-Befehlen, aus<\/li>\n<li>Hyperkonvergente Infrastruktur: Die Softwareschmiede aus Redmond folgt mit Windows Server 2019 dem Trend zur hyperkonvergenten Infrastruktur, indem man einige Management- und Deployment-Methoden merklich vereinfacht hat.<\/li>\n<li>Nahtlose Integration von Microsoft Azure: In der aktuellen Version arbeiten Windows Server und Microsoft Azure Hand in Hand zusammen. Im Detail lassen sich Daten im Handumdrehen synchronisieren, mit Hilfe von Azure Backup sichern und Cluster an Microsoft Azure anbinden.<\/li>\n<li>Bessere Container: F\u00fcr Windows Server 2019 hat Microsoft die direkte Zusammenarbeit mit Kubernetes ausgebaut, was den Betrieb von hybriden Container-Umgebungen erm\u00f6glicht.<\/li>\n<li>Storage Migrations Assistent: Neu ist auch der Storage Migration Service, der unter anderem dabei hilft, Dateiserver und Daten zu Server 2019 zu migrieren. Hinzu kommt neben der m\u00f6glichen Migration von Daten von NAS-Systemen auch hier die engere Zusammenarbeit mit Microsoft Azure. Da mit Hilfe des Storage Migration Assistent zahlreiche Ger\u00e4te als Quelle genutzt werden k\u00f6nnen, ist die Migration f\u00fcr Nutzer, die das Windows Server 2019 Standard Core Add-on kaufen, so einfach wie nie.<\/li>\n<\/ul>\n","protected":false},"excerpt":{"rendered":"<p>Windows Server 2019 Standard Core\u00a0Add-on\u00a0kaufen\u00a0und flexibel einsetzen Windows Server 2019 ist das neueste\u00a0Serverbetriebssystem\u00a0aus dem Hause Microsoft. Dieses besinnt sich nicht nur auf die St\u00e4rken der\u00a0Vorg\u00e4nger-Edition, sondern baut die Funktionalit\u00e4t und Qualit\u00e4t nochmals deutlich aus, sodass Unternehmen und Organisationen die M\u00f6glichkeit haben, eine leistungsf\u00e4hige und stabile\u00a0Netzwerkinfrastruktur\u00a0aufzubauen. W\u00e4hrend die klassische\u00a0Standard-Version\u00a0die Basis f\u00fcr den Aufbau eines Systems bildet, [&hellip;]<\/p>\n","protected":false},"featured_media":1905,"comment_status":"open","ping_status":"closed","template":"","meta":{"_acf_changed":false},"product_cat":[159],"product_tag":[],"acf":[],"jetpack_sharing_enabled":true,"_links":{"self":[{"href":"http:\/\/pc-direkthandel.de\/wordpress\/wp-json\/wp\/v2\/product\/1904"}],"collection":[{"href":"http:\/\/pc-direkthandel.de\/wordpress\/wp-json\/wp\/v2\/product"}],"about":[{"href":"http:\/\/pc-direkthandel.de\/wordpress\/wp-json\/wp\/v2\/types\/product"}],"replies":[{"embeddable":true,"href":"http:\/\/pc-direkthandel.de\/wordpress\/wp-json\/wp\/v2\/comments?post=1904"}],"wp:featuredmedia":[{"embeddable":true,"href":"http:\/\/pc-direkthandel.de\/wordpress\/wp-json\/wp\/v2\/media\/1905"}],"wp:attachment":[{"href":"http:\/\/pc-direkthandel.de\/wordpress\/wp-json\/wp\/v2\/media?parent=1904"}],"wp:term":[{"taxonomy":"product_cat","embeddable":true,"href":"http:\/\/pc-direkthandel.de\/wordpress\/wp-json\/wp\/v2\/product_cat?post=1904"},{"taxonomy":"product_tag","embeddable":true,"href":"http:\/\/pc-direkthandel.de\/wordpress\/wp-json\/wp\/v2\/product_tag?post=1904"}],"curies":[{"name":"wp","href":"https:\/\/api.w.org\/{rel}","templated":true}]}}