{"id":1899,"date":"2019-09-17T15:52:59","date_gmt":"2019-09-17T13:52:59","guid":{"rendered":"http:\/\/pc-direkthandel.de\/wordpress\/?post_type=product&#038;p=1899"},"modified":"2019-11-07T15:36:46","modified_gmt":"2019-11-07T13:36:46","slug":"microsoft-server-2019-standard-24-core-esd-key","status":"publish","type":"product","link":"http:\/\/pc-direkthandel.de\/wordpress\/product\/microsoft-server-2019-standard-24-core-esd-key\/","title":{"rendered":"Microsoft Server 2019 Standard (24 Core) (ESD &#038; Key)"},"content":{"rendered":"<p>Das neue\u00a0Windows Server 2019 Standard\u00a0ist die Weiterentwicklung des beliebten Betriebssystems Windows Server 2016. Es eignet sich f\u00fcr die meisten\u00a0Infrastrukturszenarien\u00a0und auch f\u00fcr\u00a0Workloads\u00a0wie Microsoft SQL Server oder Microsoft\u00a0SharePoint. \u00dcber die Sicherheitsstandards von Windows Server 2016 hinaus werden effiziente Funktionen zum Schutz vor Bedrohungen geboten. So wurden die virtuellen Maschinen (VMs) weiterentwickelt, die sensible Anwendungen sch\u00fctzen. Es werden nun auch\u00a0Linux-VMs unterst\u00fctzt. Administratoren k\u00f6nnen zudem\u00a0Netzwerksegmente\u00a0zwischen Servern auf einfache Weise verschl\u00fcsseln. Neu eingef\u00fchrt ist die Windows\u00a0Defender\u00a0Advanced\u00a0Threat\u00a0Protection\u00a0(ATP). Diese bietet in\u00a0Windows Server 2019 Standard\u00a0einen vorbeugenden Schutz vor Angriffen und\u00a0Zero-Day-Exploits. Sie erlaubt auch, den gesamten\u00a0Sicherheitszyklus\u00a0zentral zu verwalten.<\/p>\n<p><strong>Hochfunktionales\u00a0Server-Management-Tool<\/strong><\/p>\n<p>Die\u00a02019er\u00a0Version von Windows Server macht hybride\u00a0Cloud-Szenarien\u00a0m\u00f6glich. Grundlage ist das 2017 vorgestellte\u00a0Project\u00a0Honolulu. Bestehende Windows\u00a0Server-Umgebungen\u00a0lassen sich leicht mit den neuen\u00a0Cloud-Diensten\u00a0verbinden. Der Benutzer kann somit\u00a0Azure\u00a0Backup, Desaster\u00a0Recovery,\u00a0Azure\u00a0File\u00a0Sync und andere\u00a0Microsoft-Dienste\u00a0unkompliziert in vorhandene Infrastrukturen und Applikationen integrieren. Die Software &#8222;Project\u00a0Honolulu&#8220; wurde gleichzeitig mit der Ver\u00f6ffentlichung von Windows Server 2019 offiziell vorgestellt. Dieses\u00a0Server-Management-Tool\u00a0ist eine zentrale Schnittstelle, um Server, die &#8211; mit oder ohne\u00a0GUI\u00a0&#8211; unter Windows 2019, 2016 oder\u00a02012R2\u00a0laufen, zu verwalten. Typische Aufgaben wie Performance Monitoring oder\u00a0Serverkonfiguration\u00a0werden einfacher, da sie bei\u00a0Project Honolulu anders gestaltet sind. Auch das Managen von Windows Services in Architekturen mit gemischten Servern wurde vereinfacht.<\/p>\n<p><strong>Kleinere Container und\u00a0HCI-Infrastrukturen<\/strong><\/p>\n<p>Windows Server 2019 Standard\u00a0unterst\u00fctzt Entwickler st\u00e4rker als bisher bei der Modernisierung bestehender Anwendungen, wenn diese mit\u00a0Container-Technologien\u00a0arbeiten. Dazu dienen die Server Core Basis\u00a0Containerimages\u00a0des Betriebssystems. Images k\u00f6nnen auf ein Drittel ihrer derzeitigen Gr\u00f6\u00dfe verkleinert werden. Damit reduziert sich auch die\u00a0Downloadzeit\u00a0um etwa 72 Prozent. Unterst\u00fctzung gibt es zudem f\u00fcr das\u00a0Open-Source\u00a0Containersystem\u00a0Kubernetes.\u00a0Hyperkonvergente\u00a0Infrastrukturen (HCI) sind schon von Windows Server 2016 und dem Windows Server Software\u00a0Defined-Programm\u00a0bekannt. Auch in Windows Server 2019 sind vorkonfigurierte\u00a0HCI-L\u00f6sungen n\u00fctzlich. Sie helfen bei der Erf\u00fcllung von Rechen- und Speicheranforderungen und sind einfach zu implementieren und skalieren. Auch sie k\u00f6nnen durch\u00a0Project\u00a0Honolulu verwaltet werden, wodurch sich die t\u00e4gliche Arbeit mit\u00a0HCI-Implementierungen stark vereinfacht.<\/p>\n<p><strong>Windows Server 2019 erweitert Leistungsf\u00e4higkeit und Zuverl\u00e4ssigkeit\u00a0<\/strong><\/p>\n<p>M\u00f6glich wird au\u00dferdem die Nutzung als\u00a0Remote\u00a0Desktop Session\u00a0Host\u00a0(RDSH). Dabei k\u00f6nnen\u00a0Windows-basierte\u00a0Programme oder der gesamte Desktop unter Nutzern geteilt werden, wenn sie auf dem\u00a0Host laufen. Interessant sind auch die neuen Funktionen f\u00fcr das\u00a0Speicher-Management. Die\u00a0Storage\u00a0Migration Services (SMS) erm\u00f6glichen es, vor allem alte\u00a0File-Server\u00a0auf die Version 2019 zu aktualisieren. Dabei werden Daten, Zugriffsrechte und Einstellungen \u00fcbernommen. Die\u00a0Storage-Migration \u00fcbertr\u00e4gt die Identit\u00e4t des alten Servers auf einen neuen, sodass der vorherige Rechner vom Netz kann. Das n\u00f6tige Werkzeug ist in den\u00a0Honolulu-Tools\u00a0enthalten.\u00a0Windows Server 2019 Standard\u00a0bietet des Weiteren das Feature\u00a0Storage\u00a0Replica. Es war bereits in der\u00a0Datacenter\u00a0Edition von Windows Server 2016 enthalten und dient der\u00a0blockbasierten\u00a0Replizierung\u00a0von\u00a0Volumes\u00a0zwischen Servern und Clustern. Windows Server 2019 wartet zus\u00e4tzlich mit einer grafischen Oberfl\u00e4che auf, die manche Nutzer in der\u00a02016er\u00a0Version vermisst haben.<\/p>\n","protected":false},"excerpt":{"rendered":"<p>Das neue\u00a0Windows Server 2019 Standard\u00a0ist die Weiterentwicklung des beliebten Betriebssystems Windows Server 2016. Es eignet sich f\u00fcr die meisten\u00a0Infrastrukturszenarien\u00a0und auch f\u00fcr\u00a0Workloads\u00a0wie Microsoft SQL Server oder Microsoft\u00a0SharePoint. \u00dcber die Sicherheitsstandards von Windows Server 2016 hinaus werden effiziente Funktionen zum Schutz vor Bedrohungen geboten. So wurden die virtuellen Maschinen (VMs) weiterentwickelt, die sensible Anwendungen sch\u00fctzen. Es werden [&hellip;]<\/p>\n","protected":false},"featured_media":1898,"comment_status":"open","ping_status":"closed","template":"","meta":{"_acf_changed":false},"product_cat":[159],"product_tag":[],"acf":[],"jetpack_sharing_enabled":true,"_links":{"self":[{"href":"http:\/\/pc-direkthandel.de\/wordpress\/wp-json\/wp\/v2\/product\/1899"}],"collection":[{"href":"http:\/\/pc-direkthandel.de\/wordpress\/wp-json\/wp\/v2\/product"}],"about":[{"href":"http:\/\/pc-direkthandel.de\/wordpress\/wp-json\/wp\/v2\/types\/product"}],"replies":[{"embeddable":true,"href":"http:\/\/pc-direkthandel.de\/wordpress\/wp-json\/wp\/v2\/comments?post=1899"}],"wp:featuredmedia":[{"embeddable":true,"href":"http:\/\/pc-direkthandel.de\/wordpress\/wp-json\/wp\/v2\/media\/1898"}],"wp:attachment":[{"href":"http:\/\/pc-direkthandel.de\/wordpress\/wp-json\/wp\/v2\/media?parent=1899"}],"wp:term":[{"taxonomy":"product_cat","embeddable":true,"href":"http:\/\/pc-direkthandel.de\/wordpress\/wp-json\/wp\/v2\/product_cat?post=1899"},{"taxonomy":"product_tag","embeddable":true,"href":"http:\/\/pc-direkthandel.de\/wordpress\/wp-json\/wp\/v2\/product_tag?post=1899"}],"curies":[{"name":"wp","href":"https:\/\/api.w.org\/{rel}","templated":true}]}}