{"id":1891,"date":"2019-09-17T15:43:42","date_gmt":"2019-09-17T13:43:42","guid":{"rendered":"http:\/\/pc-direkthandel.de\/wordpress\/?post_type=product&#038;p=1891"},"modified":"2019-11-07T15:37:26","modified_gmt":"2019-11-07T13:37:26","slug":"microsoft-server-2019-datacenter-16-core-esd-key","status":"publish","type":"product","link":"http:\/\/pc-direkthandel.de\/wordpress\/product\/microsoft-server-2019-datacenter-16-core-esd-key\/","title":{"rendered":"Microsoft Server 2019 Datacenter (16 Core) (ESD &#038; Key)"},"content":{"rendered":"<p><strong>Windows Server 2019\u00a0DataCenter kaufen\u00a0und von Zuverl\u00e4ssigkeit und Leistung profitieren<\/strong><\/p>\n<p>Mit der\u00a0DataCenter-Edition von Windows Server 2019 baut die\u00a0Softwareschmiede\u00a0aus Redmond auf den St\u00e4rken von Windows Server 2016 auf und hilft gro\u00dfen Unternehmen und Organisationen dabei, eine ebenso stabile wie leistungsf\u00e4hige\u00a0Netzwerkstruktur\u00a0aufzubauen. Die neue Version setzt dabei auf zahlreiche Verbesserungen und\u00a0Exklusiv-Funktionen. Vorteile bietet das\u00a0Serverbetriebssystem\u00a0dabei insbesondere f\u00fcr Unternehmen, die\u00a0Windows Server 2019\u00a0DataCenter\u00a0kaufen\u00a0und in einem &#8222;Hybrid-Cloud-Szenario&#8220; verwenden m\u00f6chten. Teil des Gesamtpakets ist unter anderem die bessere Anbindung an Microsoft\u00a0Azure\u00a0durch den Einsatz des\u00a0browser-basierten\u00a0Tools &#8222;Project\u00a0Honolulu&#8220;.<\/p>\n<p><strong>Mehr Sicherheit in Windows Server 2019<br \/>\n<\/strong><br \/>\nSicherheit ist nach wie vor das ganz gro\u00dfe Thema im\u00a0Server-Bereich. Auch mit der\u00a0Windows Server 2019\u00a0DataCenter-Edition reagiert Microsoft erneut auf aktuelle Bedrohungen aus dem World Wide Web und verbessert sein\u00a0Serverbetriebssystem\u00a0an zahlreichen Stellen. F\u00fcr Anwender interessant ist hier vor allem die Zusammenarbeit mit Windows\u00a0Defender\u00a0Advanced\u00a0Threat Protection. Dieser Schutzmechanismus ist auf die Erkennung von Bedrohungen ohne\u00a0Signaturdateien\u00a0spezialisiert und sch\u00fctzt damit durch die\u00a0Cloud-Anbindung\u00a0effektiv vor\u00a0Root-Kits\u00a0und\u00a0Zero-Day-Angriffen, die von konventionellen Virenscannern nicht erkannt werden. Hinzu kommt eine einfachere und bessere Verschl\u00fcsselung, die auch den\u00a0Netzwerkverkehr\u00a0und virtuelle Maschinen (VMs) umfasst.<\/p>\n<p><strong>Express-Updates\u00a0und bessere Integration von Microsoft\u00a0Azure<br \/>\n<\/strong><br \/>\nNutzer der\u00a0Windows Server 2019\u00a0DataCenter-Edition profitieren zudem von Microsofts\u00a0Express-Updates, wie sie bereits vom\u00a0Desktop-Betriebssystem\u00a0Windows 10 bekannt sind. Der gro\u00dfe Vorteil liegt darin, dass die neuen\u00a0Express-Updates\u00a0deutlich kleiner sind als die bis dato bei Windows Server \u00fcblichen\u00a0Delta-Updates. Die \u00e4hnlich wie aufeinander aufbauende Datensicherungen funktionierenden\u00a0Express-Updates\u00a0beschleunigen so nicht nur das Herunterladen und Installieren, sondern reduzieren auch die Anzahl der notwendigen\u00a0Neustarts\u00a0der verwendeten Server.<\/p>\n<p>Die neue Version zeichnet sich zudem durch eine engere Verzahnung mit Microsoft\u00a0Azure\u00a0aus. Das wiederum er\u00f6ffnet f\u00fcr Nutzer der\u00a0Windows Server 2019\u00a0DataCenter-Edition neue M\u00f6glichkeiten wie die vereinfachte Synchronisation von Dateien, die Datensicherung per\u00a0Azure\u00a0Backup oder die Best\u00fcckung von\u00a0Dateiservern\u00a0mit\u00a0Azure\u00a0Files\u00a0aus der Cloud. Hinzu kommt neben der Anbindung von Clustern an Microsoft\u00a0Azure\u00a0auch die M\u00f6glichkeit, Daten mit dem\u00a0Storage\u00a0Migration Assistent in der Cloud zu sichern.<\/p>\n<p>Neu ist ebenfalls die bessere Virtualisierung von\u00a0Linux-Servern\u00a0unter Windows Server 2019 sowie deren Absicherung \u00fcber &#8222;Shielded-VMs&#8220;, was bisher nur mit Windows Servern m\u00f6glich war. \u00dcber\u00a0Windows-Subsystem\u00a0for Linux lassen sich mit Windows Server 2019 nun auch\u00a0Linux-Distributionen\u00a0innerhalb der\u00a0Windows-Installation\u00a0integrieren. Das hat den Vorteil, dass sich\u00a0Linux-Sever\u00a0nun auch bequem von\u00a0Windows-Servern\u00a0aus mit\u00a0Linux-Befehlen\u00a0verwalten lassen.<\/p>\n<p><strong>Flexibles\u00a0Lizenzierungskonzept\u00a0f\u00fcr gro\u00dfe Organisationen<br \/>\n<\/strong><br \/>\nUnternehmen, die\u00a0Windows Server 2019\u00a0DataCenter\u00a0kaufen, profitieren nach wie vor von einem durchdachten\u00a0Lizenzierungskonzept, das mit h\u00f6chstm\u00f6glicher Flexibilit\u00e4t punktet. Ebenso wie die\u00a0Standard-Edition\u00a0von\u00a0Windows Server 2019 wird auch die\u00a0DataCenter-Edition\u00a0hardware-abh\u00e4ngig\u00a0via\u00a0Core-Lizenzierung\u00a0inklusive der zugreifenden Ger\u00e4te\u00a0bzw. der zugreifenden Nutzer lizenziert. Wie beim Vorg\u00e4nger gilt nach wie vor das &#8222;8-Core-Minimum&#8220; pro Prozessor und das &#8222;16-Core-Minimum&#8220; pro Server.<\/p>\n","protected":false},"excerpt":{"rendered":"<p>Windows Server 2019\u00a0DataCenter kaufen\u00a0und von Zuverl\u00e4ssigkeit und Leistung profitieren Mit der\u00a0DataCenter-Edition von Windows Server 2019 baut die\u00a0Softwareschmiede\u00a0aus Redmond auf den St\u00e4rken von Windows Server 2016 auf und hilft gro\u00dfen Unternehmen und Organisationen dabei, eine ebenso stabile wie leistungsf\u00e4hige\u00a0Netzwerkstruktur\u00a0aufzubauen. Die neue Version setzt dabei auf zahlreiche Verbesserungen und\u00a0Exklusiv-Funktionen. Vorteile bietet das\u00a0Serverbetriebssystem\u00a0dabei insbesondere f\u00fcr Unternehmen, die\u00a0Windows Server [&hellip;]<\/p>\n","protected":false},"featured_media":1892,"comment_status":"open","ping_status":"closed","template":"","meta":{"_acf_changed":false},"product_cat":[159],"product_tag":[],"acf":[],"jetpack_sharing_enabled":true,"_links":{"self":[{"href":"http:\/\/pc-direkthandel.de\/wordpress\/wp-json\/wp\/v2\/product\/1891"}],"collection":[{"href":"http:\/\/pc-direkthandel.de\/wordpress\/wp-json\/wp\/v2\/product"}],"about":[{"href":"http:\/\/pc-direkthandel.de\/wordpress\/wp-json\/wp\/v2\/types\/product"}],"replies":[{"embeddable":true,"href":"http:\/\/pc-direkthandel.de\/wordpress\/wp-json\/wp\/v2\/comments?post=1891"}],"wp:featuredmedia":[{"embeddable":true,"href":"http:\/\/pc-direkthandel.de\/wordpress\/wp-json\/wp\/v2\/media\/1892"}],"wp:attachment":[{"href":"http:\/\/pc-direkthandel.de\/wordpress\/wp-json\/wp\/v2\/media?parent=1891"}],"wp:term":[{"taxonomy":"product_cat","embeddable":true,"href":"http:\/\/pc-direkthandel.de\/wordpress\/wp-json\/wp\/v2\/product_cat?post=1891"},{"taxonomy":"product_tag","embeddable":true,"href":"http:\/\/pc-direkthandel.de\/wordpress\/wp-json\/wp\/v2\/product_tag?post=1891"}],"curies":[{"name":"wp","href":"https:\/\/api.w.org\/{rel}","templated":true}]}}