{"id":1884,"date":"2019-09-17T15:31:16","date_gmt":"2019-09-17T13:31:16","guid":{"rendered":"http:\/\/pc-direkthandel.de\/wordpress\/?post_type=product&#038;p=1884"},"modified":"2019-11-07T16:23:06","modified_gmt":"2019-11-07T14:23:06","slug":"microsoft-visual-studio-2017-enterprise-esd-key","status":"publish","type":"product","link":"http:\/\/pc-direkthandel.de\/wordpress\/product\/microsoft-visual-studio-2017-enterprise-esd-key\/","title":{"rendered":"Microsoft Visual Studio 2017 Enterprise (ESD &#038; Key)"},"content":{"rendered":"<p>Microsoft Visual Studio Enterprise 2017 stellt die notwendige Umgebung bereit, um Applikationen jeglicher Gr\u00f6\u00dfe effizient und fehlerfrei zu programmieren. Die IDE eignet sich sowohl f\u00fcr kleinere Programme als auch gro\u00dfe Projekte mit extremer Komplexit\u00e4t. Der Anwender kann direkt bei der Installation w\u00e4hlen, welche Features sp\u00e4ter vorhanden sein sollen. Die Programmierung f\u00fcr iOS ist nicht notwendig? Dann werden die entsprechenden Werkzeuge auch nicht mitinstalliert, was Speicherplatz spart. Im Betrieb ist Microsoft Visual Studio Enterprise 2017 sehr gen\u00fcgsam und auch auf \u00e4lteren Ger\u00e4ten problemlos einsetzbar (mehr zu den Systemanforderungen im folgenden Abschnitt).<\/p>\n<p>Fester Bestandteil von Visual Studio 2017 sind zahlreiche Onlinekurse, die Einsteiger und auch fortgeschrittene Anwender verwenden k\u00f6nnen, um ihre Kenntnisse aufzufrischen. Ein umfassender, professioneller Support ist ebenfalls Teil des Gesamtpakets in Visual Studio 2017. Wer diese Funktionen nicht ben\u00f6tigt, profitiert dennoch von der Installation von Visual Studio Enterprise 2017 &#8211; durch farbig hervorgehobene Code-Abschnitte, Syntax-Highlights, automatisches Debugging bereits bei der Eingabe von Codezeilen und mehr. Visual Studio Enterprise 2017 ist damit sowohl f\u00fcr Einsteiger als auch Veteranen ein geeignetes Produkt.<\/p>\n<p>Neu in dieser Version sind au\u00dferdem die fertigen Werkzeuge f\u00fcr .NET Code, um Programme in Visual Studio 2017 auf dieser Codebasis zu erstellen. Auf Wunsch geschieht dies mit nahtloser Integration der Cloud, sodass sich etwa Microsoft Azure-Anwendungen flie\u00dfend mit Visual Studio Enterprise 2017 bearbeiten lassen. Teamprojekte lassen sich ebenfalls einfacher in Angriff nehmen, unabh\u00e4ngig davon, welcher Hosting-Anbieter gew\u00e4hlt wird. Zus\u00e4tzlich darf der Anwender in Visual Studio Enterprise 2017 jede Codedatei formlos \u00f6ffnen, um ein separates Projekt zu erstellen, was die Arbeit mit kleineren Dateien deutlich beschleunigen kann.<\/p>\n<p>Die extreme Sprachauswahl ist ein weiteres Highlight von Visual Studio Enterprise 2017: Von \u00e4lteren Sprachen wie Visual Basic \u00fcber C und C++ sowie C# bis zu TypeScript, Python oder auch Websprachen wie HTML und CSS liefert Visual Studio Enterprise 2017 die richtige Umgebung. So ist das Programm geeignet f\u00fcr B\u00fcro-Anwendungen, Medien-Applikationen, Spiele, Netzwerk-Software und praktisch alle anderen Projekte.<\/p>\n","protected":false},"excerpt":{"rendered":"<p>Microsoft Visual Studio Enterprise 2017 stellt die notwendige Umgebung bereit, um Applikationen jeglicher Gr\u00f6\u00dfe effizient und fehlerfrei zu programmieren. Die IDE eignet sich sowohl f\u00fcr kleinere Programme als auch gro\u00dfe Projekte mit extremer Komplexit\u00e4t. Der Anwender kann direkt bei der Installation w\u00e4hlen, welche Features sp\u00e4ter vorhanden sein sollen. Die Programmierung f\u00fcr iOS ist nicht notwendig? [&hellip;]<\/p>\n","protected":false},"featured_media":1885,"comment_status":"open","ping_status":"closed","template":"","meta":{"_acf_changed":false},"product_cat":[158],"product_tag":[],"acf":[],"jetpack_sharing_enabled":true,"_links":{"self":[{"href":"http:\/\/pc-direkthandel.de\/wordpress\/wp-json\/wp\/v2\/product\/1884"}],"collection":[{"href":"http:\/\/pc-direkthandel.de\/wordpress\/wp-json\/wp\/v2\/product"}],"about":[{"href":"http:\/\/pc-direkthandel.de\/wordpress\/wp-json\/wp\/v2\/types\/product"}],"replies":[{"embeddable":true,"href":"http:\/\/pc-direkthandel.de\/wordpress\/wp-json\/wp\/v2\/comments?post=1884"}],"wp:featuredmedia":[{"embeddable":true,"href":"http:\/\/pc-direkthandel.de\/wordpress\/wp-json\/wp\/v2\/media\/1885"}],"wp:attachment":[{"href":"http:\/\/pc-direkthandel.de\/wordpress\/wp-json\/wp\/v2\/media?parent=1884"}],"wp:term":[{"taxonomy":"product_cat","embeddable":true,"href":"http:\/\/pc-direkthandel.de\/wordpress\/wp-json\/wp\/v2\/product_cat?post=1884"},{"taxonomy":"product_tag","embeddable":true,"href":"http:\/\/pc-direkthandel.de\/wordpress\/wp-json\/wp\/v2\/product_tag?post=1884"}],"curies":[{"name":"wp","href":"https:\/\/api.w.org\/{rel}","templated":true}]}}