{"id":1882,"date":"2019-09-17T15:29:35","date_gmt":"2019-09-17T13:29:35","guid":{"rendered":"http:\/\/pc-direkthandel.de\/wordpress\/?post_type=product&#038;p=1882"},"modified":"2019-11-07T16:22:56","modified_gmt":"2019-11-07T14:22:56","slug":"microsoft-visual-studio-2017-pro-esd-key","status":"publish","type":"product","link":"http:\/\/pc-direkthandel.de\/wordpress\/product\/microsoft-visual-studio-2017-pro-esd-key\/","title":{"rendered":"Microsoft Visual Studio 2017 Pro (ESD &#038; Key)"},"content":{"rendered":"<p>Durch Visual Studio Professional k\u00f6nnen Sie Programme in Programmiersprachen Ihrer Wahl schreiben und ver\u00f6ffentlichen. Sowohl \u00e4ltere Sprachen wie C oder C++ als auch aktuelle Varianten wie C# sowie Websprachen oder Apples eigene Metal-Programmiersprache f\u00fcr iOS unterst\u00fctzt Microsoft Visual Studio Pro 2017 von Haus aus.<\/p>\n<p><strong>Alles aus einer Hand<\/strong><\/p>\n<p>Mit Visual Studio Professional ersparen Sie sich die Anschaffung zus\u00e4tzlicher Tools. Erstellen Sie Apps und vollwertige Programme direkt in Microsoft Visual Studio Pro 2017 und verwenden Sie anschlie\u00dfend die pr\u00e4zisen Debugging-Funktionen des Programmes. Die Fehlersuche wird dadurch erleichtert und Sie sparen Zeit bei der App-Entwicklung und der manuellen Suche nach schwerwiegenden Bugs.<\/p>\n<p>Testen Sie die fertige Applikation direkt in Microsoft Visual Studio Professional 2017 und arbeiten Sie sich dadurch Schritt f\u00fcr Schritt an ein f\u00fcr die Verteilung fertiges Release heran. Nutzen Sie auch die verbesserte Versionskontrolle, um alle Komponenten Ihrer Anwendung zu \u00fcberpr\u00fcfen und eine reibungslose Zusammenarbeit durch Microsoft Visual Studio Professional 2017 zu garantieren.<\/p>\n<p><strong>Simple Anpassung an Ihren Bedarf<\/strong><\/p>\n<p>Die Grundversion von Visual Studio Professional k\u00f6nnen Sie selbst anpassen. Programmierung Sie eigenst\u00e4ndig Erweiterungen und erstellen Sie dadurch eine Version von Visual Studio Professional, die Ihren Anspr\u00fcchen in allen Bereichen gerecht wird. W\u00e4hlen Sie au\u00dferdem schon w\u00e4hrend der Installation, welche Features Sie f\u00fcr Ihre Arbeit ben\u00f6tigen. So sparen Sie Speicherkapazit\u00e4t bei der Nutzung von Visual Studio Professional und senken die Systemanforderungen.<\/p>\n<p><strong>Teamarbeit vereinfacht<\/strong><\/p>\n<p>Durch Microsoft Visual Studio Professional 2017 bekommen Sie Zugriff auf einen verbesserten Team Explorer. Verwalten Sie darin Aufgaben und weisen Sie bestimmte Tasks einzelnen Mitgliedern Ihrer Gruppe in Microsoft Visual Studio Pro 2017 zu. Microsoft Visual Studio Pro 2017 verf\u00fcgt ebenfalls \u00fcber eine Anzeige des Fortschritts der Entwicklung, sodass Sie termingerecht abliefern k\u00f6nnen oder bei Bedarf den Zeitplan direkt in Visual Studio Professional \u00fcberarbeiten.<\/p>\n<p>Um eine simultane, erfolgreiche Arbeit in Microsoft Visual Studio Professional 2017 zu gew\u00e4hrleisten, existiert auch im Team Explorer eine verbesserte Versionskontrolle. Damit stellen Sie sicher, dass alle Teammitglieder dieselbe Version des aktuellen Programms bearbeiten. Die Vereinfachung der Arbeit in gro\u00dfen Gruppen macht die Nutzung von Microsoft Visual Studio Professional 2017 deutlich intuitiver.<\/p>\n","protected":false},"excerpt":{"rendered":"<p>Durch Visual Studio Professional k\u00f6nnen Sie Programme in Programmiersprachen Ihrer Wahl schreiben und ver\u00f6ffentlichen. Sowohl \u00e4ltere Sprachen wie C oder C++ als auch aktuelle Varianten wie C# sowie Websprachen oder Apples eigene Metal-Programmiersprache f\u00fcr iOS unterst\u00fctzt Microsoft Visual Studio Pro 2017 von Haus aus. Alles aus einer Hand Mit Visual Studio Professional ersparen Sie sich [&hellip;]<\/p>\n","protected":false},"featured_media":1883,"comment_status":"open","ping_status":"closed","template":"","meta":{"_acf_changed":false},"product_cat":[158],"product_tag":[],"acf":[],"jetpack_sharing_enabled":true,"_links":{"self":[{"href":"http:\/\/pc-direkthandel.de\/wordpress\/wp-json\/wp\/v2\/product\/1882"}],"collection":[{"href":"http:\/\/pc-direkthandel.de\/wordpress\/wp-json\/wp\/v2\/product"}],"about":[{"href":"http:\/\/pc-direkthandel.de\/wordpress\/wp-json\/wp\/v2\/types\/product"}],"replies":[{"embeddable":true,"href":"http:\/\/pc-direkthandel.de\/wordpress\/wp-json\/wp\/v2\/comments?post=1882"}],"wp:featuredmedia":[{"embeddable":true,"href":"http:\/\/pc-direkthandel.de\/wordpress\/wp-json\/wp\/v2\/media\/1883"}],"wp:attachment":[{"href":"http:\/\/pc-direkthandel.de\/wordpress\/wp-json\/wp\/v2\/media?parent=1882"}],"wp:term":[{"taxonomy":"product_cat","embeddable":true,"href":"http:\/\/pc-direkthandel.de\/wordpress\/wp-json\/wp\/v2\/product_cat?post=1882"},{"taxonomy":"product_tag","embeddable":true,"href":"http:\/\/pc-direkthandel.de\/wordpress\/wp-json\/wp\/v2\/product_tag?post=1882"}],"curies":[{"name":"wp","href":"https:\/\/api.w.org\/{rel}","templated":true}]}}