{"id":1880,"date":"2019-09-17T15:27:55","date_gmt":"2019-09-17T13:27:55","guid":{"rendered":"http:\/\/pc-direkthandel.de\/wordpress\/?post_type=product&#038;p=1880"},"modified":"2019-11-07T16:22:45","modified_gmt":"2019-11-07T14:22:45","slug":"microsoft-visual-studio-2019-enterprise-esd-key","status":"publish","type":"product","link":"http:\/\/pc-direkthandel.de\/wordpress\/product\/microsoft-visual-studio-2019-enterprise-esd-key\/","title":{"rendered":"Microsoft Visual Studio 2019 Enterprise (ESD &#038; Key)"},"content":{"rendered":"<p><strong>Visual Studio 2019 Enterprise: Entwicklungsumgebung f\u00fcr Teams aller Gr\u00f6\u00dfen<\/strong><\/p>\n<p>Mit der Entwicklungsumgebung\u00a0Visual\u00a0Studio 2019 Enterprise\u00a0k\u00f6nnen komplexe\u00a0Unternehmensanwendungen\u00a0bereitgestellt werden. Die\u00a0Enterprise-Version\u00a0der\u00a0Ende-zu-Ende-L\u00f6sung\u00a0eignet sich besonders f\u00fcr gr\u00f6\u00dfere Firmen\u00a0bzw.\u00a0Programmierteams. Sie \u00fcberzeugt mit einer gro\u00dfen Auswahl von Werkzeugen zum Entwerfen und \u00dcberpr\u00fcfen von Programmen.\u00a0Visual\u00a0Studio ist zudem mit verschiedenen Diensten und Abonnements verkn\u00fcpfbar, sodass jedes Unternehmen sich die Entwicklungsumgebung zusammenstellen kann, die es ben\u00f6tigt.\u00a0Visual\u00a0Studio 2019 Enterprise zu kaufen\u00a0hei\u00dft, sich f\u00fcr eine integrierte L\u00f6sung zu entscheiden, die auch hohen Anspr\u00fcchen an Qualit\u00e4t und Skalierbarkeit gen\u00fcgt.<\/p>\n<p><strong>Ger\u00e4te\u00fcbergreifende\u00a0Apps entwickeln und testen lassen<\/strong><br \/>\nVisual\u00a0Studio 2019 Enterprise zu kaufen\u00a0bedeutet, gleichzeitig\u00a0Visual\u00a0Studio f\u00fcr Mac zu erhalten. So erstellt man schnell und einfach auch\u00a0Web-Apps\u00a0und Software f\u00fcr Mobilger\u00e4te. Eine Entwicklungsumgebung wie\u00a0Visual\u00a0Studio 2019 Enterprise\u00a0verhilft Entwicklern dazu, mehr Zeit mit dem Codieren und weniger mit dem Debuggen zu verbringen. Das Programm enth\u00e4lt eine Suite von\u00a0Komponententests\u00a0f\u00fcr Code und l\u00e4sst Tests automatisch ausf\u00fchren, w\u00e4hrend man den Code schreibt. Die\u00a0Test-Ergebnisse\u00a0kann man sich in Echtzeit visualisieren lassen. So wird sichergestellt, dass Code kompatibel mit den architektonischen\u00a0Abh\u00e4ngigkeitsregeln\u00a0ist.<\/p>\n<p>Visual\u00a0Studio Enterprise kann bei Bedarf auch eine vollst\u00e4ndige\u00a0DevOps-Toolkette\u00a0bieten, die beispielsweise automatisierte\u00a0CI-\/CD-Pipelines\u00a0umfasst. Mit der durchdachten\u00a0Testplanung\u00a0der Software versteht man die\u00a0Grundursache\u00a0von Problemen schneller und besser und kann so Fehler rascher beheben. Dabei lassen sich manuelle und\u00a0explorative\u00a0Tests gezielt verwalten. Hilfreich ist au\u00dferdem die einfache Integration von\u00a0Auslastungstests\u00a0in den Entwicklungsprozess, wobei eine uneingeschr\u00e4nkte Anzahl virtueller Benutzer auftreten kann. Die erweiterten\u00a0Debugging- und\u00a0Diagnosetools\u00a0erm\u00f6glichen die Identifizierung von Fehlern in zu entwickelnden Desktop-, Web-, Cloud- und mobilen Apps. Ein besonderer Clou ist\u00a0IntelliTrace, das Tool zum historischen Debuggen, das Teams bei Problemen unterst\u00fctzt, die ansonsten nur schwer reproduzierbar w\u00e4ren. Mit Code\u00a0Map\u00a0gelingt au\u00dferdem visuelles Debuggen von Anwendungen, mit dem Abh\u00e4ngigkeiten auch f\u00fcr sehr gro\u00dfe\u00a0Codebasen\u00a0verst\u00e4ndlich werden.<\/p>\n<p><strong>Hochproduktives Programmieren in moderner Software<\/strong><br \/>\nBei der Entwicklung von\u00a0Visual\u00a0Studio 2019 legte das herstellende\u00a0US-Unternehmen\u00a0Wert darauf, ein schnelles und zuverl\u00e4ssiges Produkt zu kreieren, dessen Benutzung ganz einfach gelingt. Deshalb wurden viele beliebte und bew\u00e4hrte Funktionen von\u00a0Visual\u00a0Studio 2017 \u00fcbernommen. Gleichwohl d\u00fcrfen die Nutzer mehr M\u00f6glichkeiten und noch stabilere Features erwarten. So wurden die\u00a0Refactorings\u00a0und die Navigation verbessert. Auch der Debugger hat eine Aufwertung erfahren.\u00a0Visual\u00a0Studio 2019 steht f\u00fcr schnelle\u00a0Solution\u00a0Loads\u00a0und\u00a0Builds. Au\u00dferdem profitieren die Nutzer der\u00a0Entwickler-Software\u00a0von erweiterten M\u00f6glichkeiten der Zusammenarbeit im Team. Unter anderem mit dem Feature Live\u00a0Share\u00a0wird eine gelungene\u00a0Echtzeit-Kooperation\u00a0mehrerer Programmierer leichtgemacht. Des Weiteren sollen digitale Assistenten\u00a0Einzelentwicklern\u00a0und Teams zur Seite stehen. Ein wichtiger Teil dieser Funktion ist\u00a0IntelliCode. Es macht eigenst\u00e4ndig produktive Vorschl\u00e4ge zur Verbesserung des geschriebenen Codes.<\/p>\n<p><strong>Per Download\u00a0Visual\u00a0Studio 2019 Enterprise kaufen<\/strong><br \/>\nBei Lizengo k\u00f6nnen Unternehmen auf einfache und sichere Weise\u00a0Originalsoftware\u00a0kaufen. \u00dcber unsere gesicherte Verbindung l\u00e4sst sich das Programm direkt herunterladen. Den passenden Produktschl\u00fcssel sowie eine fundierte Beratung erh\u00e4lt man selbstverst\u00e4ndlich dazu. Im \u00dcbrigen wird\u00a0Visual\u00a0Studio 2019 best\u00e4ndig mit kleineren und gr\u00f6\u00dferen Updates versorgt werden. Der Kauf einer Vollversion berechtigt selbstverst\u00e4ndlich zum Empfang aller Service- und\u00a0Funktions-Updates. Dabei legt der\u00a0Softwarehersteller\u00a0verst\u00e4rkt den Fokus auf die Beachtung von\u00a0Nutzer-Feedback. Somit bekommt man eine Entwicklungsumgebung geliefert, die sich stark an den tats\u00e4chlichen Bed\u00fcrfnissen von Programmierern orientiert. Vor der Kaufentscheidung sollte man sich dar\u00fcber im Klaren sein, dass\u00a0Visual\u00a0Studio Professional an kleinere Unternehmen und Selbstst\u00e4ndige gerichtet ist. Die\u00a0Enterprise-Version\u00a0dagegen deckt die Bed\u00fcrfnisse aller Firmengr\u00f6\u00dfen ab und punktet mit einem ausgefeilten Funktionsumfang. Sollten sich dar\u00fcber hinaus noch Fragen zu\u00a0Visual\u00a0Studio 2019 Enterprise\u00a0ergeben, kann man das\u00a0Lizengo-Team\u00a0auf verschiedene Arten kontaktieren.<\/p>\n","protected":false},"excerpt":{"rendered":"<p>Visual Studio 2019 Enterprise: Entwicklungsumgebung f\u00fcr Teams aller Gr\u00f6\u00dfen Mit der Entwicklungsumgebung\u00a0Visual\u00a0Studio 2019 Enterprise\u00a0k\u00f6nnen komplexe\u00a0Unternehmensanwendungen\u00a0bereitgestellt werden. Die\u00a0Enterprise-Version\u00a0der\u00a0Ende-zu-Ende-L\u00f6sung\u00a0eignet sich besonders f\u00fcr gr\u00f6\u00dfere Firmen\u00a0bzw.\u00a0Programmierteams. Sie \u00fcberzeugt mit einer gro\u00dfen Auswahl von Werkzeugen zum Entwerfen und \u00dcberpr\u00fcfen von Programmen.\u00a0Visual\u00a0Studio ist zudem mit verschiedenen Diensten und Abonnements verkn\u00fcpfbar, sodass jedes Unternehmen sich die Entwicklungsumgebung zusammenstellen kann, die es ben\u00f6tigt.\u00a0Visual\u00a0Studio [&hellip;]<\/p>\n","protected":false},"featured_media":1881,"comment_status":"open","ping_status":"closed","template":"","meta":{"_acf_changed":false},"product_cat":[158],"product_tag":[],"acf":[],"jetpack_sharing_enabled":true,"_links":{"self":[{"href":"http:\/\/pc-direkthandel.de\/wordpress\/wp-json\/wp\/v2\/product\/1880"}],"collection":[{"href":"http:\/\/pc-direkthandel.de\/wordpress\/wp-json\/wp\/v2\/product"}],"about":[{"href":"http:\/\/pc-direkthandel.de\/wordpress\/wp-json\/wp\/v2\/types\/product"}],"replies":[{"embeddable":true,"href":"http:\/\/pc-direkthandel.de\/wordpress\/wp-json\/wp\/v2\/comments?post=1880"}],"wp:featuredmedia":[{"embeddable":true,"href":"http:\/\/pc-direkthandel.de\/wordpress\/wp-json\/wp\/v2\/media\/1881"}],"wp:attachment":[{"href":"http:\/\/pc-direkthandel.de\/wordpress\/wp-json\/wp\/v2\/media?parent=1880"}],"wp:term":[{"taxonomy":"product_cat","embeddable":true,"href":"http:\/\/pc-direkthandel.de\/wordpress\/wp-json\/wp\/v2\/product_cat?post=1880"},{"taxonomy":"product_tag","embeddable":true,"href":"http:\/\/pc-direkthandel.de\/wordpress\/wp-json\/wp\/v2\/product_tag?post=1880"}],"curies":[{"name":"wp","href":"https:\/\/api.w.org\/{rel}","templated":true}]}}