{"id":1878,"date":"2019-09-17T15:24:12","date_gmt":"2019-09-17T13:24:12","guid":{"rendered":"http:\/\/pc-direkthandel.de\/wordpress\/?post_type=product&#038;p=1878"},"modified":"2019-11-07T16:22:33","modified_gmt":"2019-11-07T14:22:33","slug":"microsoft-visual-studio-2019-professional-esd-key","status":"publish","type":"product","link":"http:\/\/pc-direkthandel.de\/wordpress\/product\/microsoft-visual-studio-2019-professional-esd-key\/","title":{"rendered":"Microsoft Visual Studio 2019 Professional (ESD &#038; Key)"},"content":{"rendered":"<p><strong>Komfortabel programmieren mit Visual Studio 2019 Professional<\/strong><\/p>\n<p>Visual\u00a0Studio 2019 Professional\u00a0ist ein intelligenter Helfer beim Entwickeln von Software. Es vereint Features des beliebten<br \/>\nVisual\u00a0Studio 2017 mit n\u00fctzlichen neuen Funktionen. Auf diese Weise kann der Nutzer effizient Code schreiben und eventuelle Fehler finden lassen. Dabei k\u00f6nnen zahlreiche Sprachen verwendet werden. Mit\u00a0Visual\u00a0Studio 2019 Professional kaufen Entwickler und Unternehmen eine integrierte Entwicklungsumgebung, die verschiedene Plattformen abdeckt.<\/p>\n<p><strong>Einfachere Zusammenarbeit und\u00a0KI-Features<\/strong><\/p>\n<p>Die aktuelle Version von\u00a0Visual\u00a0Studio ist einfach zu navigieren und bietet unter anderem Hilfen f\u00fcr\u00a0sehbehinderte\u00a0Entwickler. Au\u00dferdem enth\u00e4lt sie bessere\u00a0Refactorings\u00a0als vorherige Versionen der Software. Im Rahmen einer konsequenten Weiterentwicklung des Programms wurden zudem die\u00a0Solution\u00a0Loads\u00a0und\u00a0Builds\u00a0\u00fcberarbeitet. Der Debugger als wichtiges Werkzeug zum effektiven Programmieren bietet nun ebenfalls mehr M\u00f6glichkeiten. Mit Live\u00a0Share\u00a0wird die Teamarbeit in Echtzeit noch einfacher und produktiver: Die bisherigen Funktionen zum gemeinsamen Arbeiten am Programmcode wurden erweitert und verbessert. Damit Teams wie\u00a0Einzelentwickler\u00a0produktiver werden, gibt es in\u00a0Visual\u00a0Studio 2019 Professional\u00a0das Feature\u00a0IntelliCode. Dabei unterst\u00fctzen k\u00fcnstliche Intelligenzen die Arbeit des Entwicklers. Sie machen etwa Vorschl\u00e4ge zur Verbesserung der Codequalit\u00e4t. Damit der Nutzer f\u00fcr jedes Projekt die passende Sprache anwenden kann, unterst\u00fctzt die Entwicklungsumgebung weiterhin sowohl \u00e4ltere Sprachen wie C oder C++ als auch neuere wie C#.<\/p>\n<p><strong>F\u00fcr verschiedene Plattformen entwickeln<\/strong><\/p>\n<p>Visual\u00a0Studio 2019 Professional zu kaufen\u00a0erm\u00f6glicht es, L\u00f6sungen f\u00fcr unterschiedliche Plattformen zu entwickeln. Die Software stellt \u00fcberzeugende Umgebungen f\u00fcr diverse\u00a0Anwendungsw\u00fcnsche\u00a0bereit. Allein oder im Team k\u00f6nnen somit auch mobile L\u00f6sungen auf einfache Weise entwickelt werden. Die IDE\u00a0Visual\u00a0Studio bietet mehrere Werkzeuge zur Verbesserung des Codes f\u00fcr Apps. Man kann uneingeschr\u00e4nkt native Apps f\u00fcr iOS, Android und Windows entwickeln. Codes und\u00a0Debuggings lassen sich dabei mit dem Team teilen. Die programmierten Anwendungen f\u00fcr PCs, Mobilger\u00e4te oder das Web k\u00f6nnen vorab vorhandene Anwendungen zur Grundlage haben. Die Einbindung bereits geschriebenem Code in\u00a0Visual\u00a0Studio ist problemlos m\u00f6glich.<\/p>\n<p><strong>Professionelle\u00a0Entwicklungstools\u00a0f\u00fcr kleine bis mittlere Unternehmen<\/strong><\/p>\n<p>Firmen, die sich dazu entscheiden,\u00a0Visual\u00a0Studio 2019 Professional zu kaufen, erm\u00f6glichen unter anderem eine hochproduktive Teamarbeit. Mit den leistungsf\u00e4higen Funktionen der Entwicklungsumgebung k\u00f6nnen sich die Mitarbeiter zahlreiche Informationen direkt im Code anzeigen lassen. So werden gemachte \u00c4nderungen \u00fcbersichtlich und nach Personen gegliedert dargestellt. Auch\u00a0Codeverweise\u00a0und bestandene Tests sind schnell zu finden.\u00a0Visual\u00a0Studio bietet noch weitere hilfreiche Funktionen wie\u00a0Planungstools\u00a0f\u00fcr\u00a0Agile-Projekte\u00a0und anschauliche Diagramme. Mit dem Kauf eines Visual\u00a0Studio-Produktschl\u00fcssel erh\u00e4lt man selbstverst\u00e4ndlich Zugriff auf Kommende Updates und Bugfixes, sodass es sich um eine Software handelt, in die es langfristig zu investieren lohnt.<\/p>\n<p><strong>Visual\u00a0Studio 2019 Professional kaufen<\/strong><\/p>\n<p>Kleine Unternehmen und Selbstst\u00e4ndige profitieren stark von einem\u00a0Programmier-Hilfsmittel\u00a0wie\u00a0Visual\u00a0Studio. Bei lizengo kann man die Software unkompliziert herunterladen. Dabei gelten alle Vorteile, die\u00a0Originalproduktschl\u00fcssel mit sich bringen. So wird ein umfassender Support angeboten. Schon vor dem Kauf ist das\u00a0lizengo-Team\u00a0f\u00fcr Nachfragen erreichbar, etwa wenn Unsicherheiten bei der\u00a0Software-Auswahl\u00a0bestehen. Nach dem Herunterladen des Programms und der Eingabe des mitgelieferten Produktschl\u00fcssels\u00a0unterst\u00fctzen die kompetenten\u00a0Lizengo-Mitarbeiter\u00a0bei Bedarf beim Installationsprozess von\u00a0Visual\u00a0Studio 2019 Professional.<\/p>\n","protected":false},"excerpt":{"rendered":"<p>Komfortabel programmieren mit Visual Studio 2019 Professional Visual\u00a0Studio 2019 Professional\u00a0ist ein intelligenter Helfer beim Entwickeln von Software. Es vereint Features des beliebten Visual\u00a0Studio 2017 mit n\u00fctzlichen neuen Funktionen. Auf diese Weise kann der Nutzer effizient Code schreiben und eventuelle Fehler finden lassen. Dabei k\u00f6nnen zahlreiche Sprachen verwendet werden. Mit\u00a0Visual\u00a0Studio 2019 Professional kaufen Entwickler und Unternehmen [&hellip;]<\/p>\n","protected":false},"featured_media":1879,"comment_status":"open","ping_status":"closed","template":"","meta":{"_acf_changed":false},"product_cat":[158],"product_tag":[],"acf":[],"jetpack_sharing_enabled":true,"_links":{"self":[{"href":"http:\/\/pc-direkthandel.de\/wordpress\/wp-json\/wp\/v2\/product\/1878"}],"collection":[{"href":"http:\/\/pc-direkthandel.de\/wordpress\/wp-json\/wp\/v2\/product"}],"about":[{"href":"http:\/\/pc-direkthandel.de\/wordpress\/wp-json\/wp\/v2\/types\/product"}],"replies":[{"embeddable":true,"href":"http:\/\/pc-direkthandel.de\/wordpress\/wp-json\/wp\/v2\/comments?post=1878"}],"wp:featuredmedia":[{"embeddable":true,"href":"http:\/\/pc-direkthandel.de\/wordpress\/wp-json\/wp\/v2\/media\/1879"}],"wp:attachment":[{"href":"http:\/\/pc-direkthandel.de\/wordpress\/wp-json\/wp\/v2\/media?parent=1878"}],"wp:term":[{"taxonomy":"product_cat","embeddable":true,"href":"http:\/\/pc-direkthandel.de\/wordpress\/wp-json\/wp\/v2\/product_cat?post=1878"},{"taxonomy":"product_tag","embeddable":true,"href":"http:\/\/pc-direkthandel.de\/wordpress\/wp-json\/wp\/v2\/product_tag?post=1878"}],"curies":[{"name":"wp","href":"https:\/\/api.w.org\/{rel}","templated":true}]}}