{"id":1876,"date":"2019-09-17T15:22:09","date_gmt":"2019-09-17T13:22:09","guid":{"rendered":"http:\/\/pc-direkthandel.de\/wordpress\/?post_type=product&#038;p=1876"},"modified":"2019-11-07T16:21:38","modified_gmt":"2019-11-07T14:21:38","slug":"microsoft-publisher-2016-esd-key","status":"publish","type":"product","link":"http:\/\/pc-direkthandel.de\/wordpress\/product\/microsoft-publisher-2016-esd-key\/","title":{"rendered":"Microsoft Publisher 2016 (ESD &#038; Key)"},"content":{"rendered":"<p>Wenn Sie ein einfach zu nutzendes und dennoch umfangreiches Desktop Publishing Programm suchen, ist Microsoft Publisher 2016 eine hervorragende Wahl. Die Anwendung unterst\u00fctzt Sie mit zahlreichen vorgefertigten, aktuellen Designs. MS Publisher 2016 hilft Ihnen dabei, sowohl f\u00fcr den privaten Bereich als auch f\u00fcr unternehmerische Zwecke professionell aussehende Brosch\u00fcren, Flyer, Prospekte, Einladungen und dergleichen zu entwerfen.<\/p>\n<p><strong>Einfacher Arbeitsablauf mit Publisher 2016<\/strong><\/p>\n<p>Mit Microsoft Publisher 2016 w\u00e4hlen Sie zun\u00e4chst entweder ein existierendes Design aus oder Sie entscheiden sich f\u00fcr einen komplett neuen Entwurf. Anschlie\u00dfend entscheiden Sie selbst, welche Gestaltungsm\u00f6glichkeiten Sie nutzen m\u00f6chten: Importieren Sie bestehende Bilder und Grafiken in MS Publisher 2016 und f\u00fcgen Sie diese dank der Linealfunktion millimetergenau an die gew\u00fcnschte Stelle ein. Erstellen Sie neue Texte und erweitern Sie diese mit Effekten, um die visuelle Gestaltung Ihres Entwurfs exakt auf Ihre W\u00fcnsche abzustimmen.<\/p>\n<p><strong>Funktionen in Microsoft Publisher 2016<\/strong><\/p>\n<ul>\n<li>Die Bearbeitung mehrerer Bilder ist in Publisher 2016 durch eine daf\u00fcr vorgesehene Spalte im Entwurfsbereich wesentlich einfacher.<\/li>\n<li>Via Drag &amp; Drop ersetzen Sie bestehende Bilder schnell und intuitiv.<\/li>\n<li>Zahlreiche neue Bildeffekte &#8211; wie das Einf\u00fcgen von Schatten, Leuchteffekten, 3D-Effekte oder Spiegelungen &#8211; verbessern dieses Desktop Publishing Programm weiter.<\/li>\n<li>Schatten, Spiegelungen oder Abschr\u00e4gungen an bestehenden Texten f\u00fcgen Sie in Publisher 2016 mit wenigen Mausklicks hinzu.<\/li>\n<li>Sie nutzen einen Online-Fotoservice zum Ausdruck Ihrer Designs? Durch Microsoft Publisher 2016 speichern Sie Ihre fertigen Publikationen auch im JPG-Format, sodass Sie sie einfach an Ihren bevorzugten Anbieter weiterleiten k\u00f6nnen.<\/li>\n<\/ul>\n<p><strong>Bilder direkt im Desktop Publishing Programm bearbeiten<\/strong><\/p>\n<p>Eingef\u00fcgte Bilder k\u00f6nnen Sie in Publisher 2016 aufwendig bearbeiten: Ver\u00e4ndern Sie bei bestehenden Grafiken beispielsweise den Farbton oder die Farbintensit\u00e4t, schneiden Sie Bilder auf das gew\u00fcnschte Format zu und strecken oder rotieren Sie sie mit wenigen Mausklicks. Sie sind mit Ihrem Design zufrieden und m\u00f6chten Ihren Entwurf mit Freunden oder Arbeitskollegen teilen? F\u00fcgen Sie Adressen f\u00fcr eine Serien-E-Mail direkt in diesem leistungsstarken Desktop Publishing Programm hinzu, ohne den Umweg \u00fcber andere E-Mail-Anwendungen nehmen zu m\u00fcssen!<\/p>\n<p><strong>Entw\u00fcrfe personalisieren mit Publisher 2016<\/strong><\/p>\n<p>MS Publisher 2016 hilft Ihnen dabei, die gew\u00fcnschte Zielgruppe besser, pers\u00f6nlicher und schneller zu erreichen. Namen, Fotos oder auch Weblinks werden f\u00fcr Ihre Aussendungen in Publisher 2016 per Mausklick personalisiert, sodass Sie auch bei Prospekten f\u00fcr eine gro\u00dfe Anzahl Personen jeden Adressaten pers\u00f6nlich ansprechen k\u00f6nnen. Das Layout wurde fast identisch vom Vorg\u00e4nger \u00fcbernommen, sodass Sie vertraute Werkzeuge nutzen k\u00f6nnen, um deutlich bessere Designs zu erstellen.<\/p>\n<p>Durch die umfangreichen Design- und Druckoptionen nimmt dieses Desktop Publishing Programm auch auf Ihre Bed\u00fcrfnisse R\u00fccksicht: Hochwertige Optionen f\u00fcr den fertigen Druck stehen in Microsoft Publisher 2016 ebenso zur Verf\u00fcgung wie einfachere Design- und Druckvarianten, die vielleicht f\u00fcr Geburtstagseinladungen in Frage kommen. Letztendlich ist MS Publisher 2016 ein pers\u00f6nliches, sehr leistungsstarkes Tool, das Ihnen zu hochwertigen Designs verhilft &#8211; und diese speichern und verwenden Sie als E-Mail, PDF-Datei oder auch XPS-Datei.<\/p>\n<p>Es handelt sich bei dieser Variante von MS Publisher 2016 um einen Produktschl\u00fcssel f\u00fcr genau einen Arbeitsplatz. Das Angebot eignet sich daher ideal f\u00fcr Privatanwender sowie Selbstst\u00e4ndige und Freiberufler oder kleine B\u00fcros, die sich von den Vorteilen der Anwendung \u00fcberzeugen m\u00f6chten.<\/p>\n","protected":false},"excerpt":{"rendered":"<p>Wenn Sie ein einfach zu nutzendes und dennoch umfangreiches Desktop Publishing Programm suchen, ist Microsoft Publisher 2016 eine hervorragende Wahl. Die Anwendung unterst\u00fctzt Sie mit zahlreichen vorgefertigten, aktuellen Designs. MS Publisher 2016 hilft Ihnen dabei, sowohl f\u00fcr den privaten Bereich als auch f\u00fcr unternehmerische Zwecke professionell aussehende Brosch\u00fcren, Flyer, Prospekte, Einladungen und dergleichen zu entwerfen. [&hellip;]<\/p>\n","protected":false},"featured_media":1877,"comment_status":"open","ping_status":"closed","template":"","meta":{"_acf_changed":false},"product_cat":[157],"product_tag":[],"acf":[],"jetpack_sharing_enabled":true,"_links":{"self":[{"href":"http:\/\/pc-direkthandel.de\/wordpress\/wp-json\/wp\/v2\/product\/1876"}],"collection":[{"href":"http:\/\/pc-direkthandel.de\/wordpress\/wp-json\/wp\/v2\/product"}],"about":[{"href":"http:\/\/pc-direkthandel.de\/wordpress\/wp-json\/wp\/v2\/types\/product"}],"replies":[{"embeddable":true,"href":"http:\/\/pc-direkthandel.de\/wordpress\/wp-json\/wp\/v2\/comments?post=1876"}],"wp:featuredmedia":[{"embeddable":true,"href":"http:\/\/pc-direkthandel.de\/wordpress\/wp-json\/wp\/v2\/media\/1877"}],"wp:attachment":[{"href":"http:\/\/pc-direkthandel.de\/wordpress\/wp-json\/wp\/v2\/media?parent=1876"}],"wp:term":[{"taxonomy":"product_cat","embeddable":true,"href":"http:\/\/pc-direkthandel.de\/wordpress\/wp-json\/wp\/v2\/product_cat?post=1876"},{"taxonomy":"product_tag","embeddable":true,"href":"http:\/\/pc-direkthandel.de\/wordpress\/wp-json\/wp\/v2\/product_tag?post=1876"}],"curies":[{"name":"wp","href":"https:\/\/api.w.org\/{rel}","templated":true}]}}