{"id":1874,"date":"2019-09-17T15:20:37","date_gmt":"2019-09-17T13:20:37","guid":{"rendered":"http:\/\/pc-direkthandel.de\/wordpress\/?post_type=product&#038;p=1874"},"modified":"2019-11-07T16:21:09","modified_gmt":"2019-11-07T14:21:09","slug":"microsoft-access-2016-esd-key","status":"publish","type":"product","link":"http:\/\/pc-direkthandel.de\/wordpress\/product\/microsoft-access-2016-esd-key\/","title":{"rendered":"Microsoft Access 2016 (ESD &#038; Key)"},"content":{"rendered":"<p>Microsoft Access 2016 ist ein umfangreiches Datenbankprogramm, mit dem Sie Daten erfassen, verwalten und anschlie\u00dfend entweder offline oder online ver\u00f6ffentlichen. Sie k\u00f6nnen Access 2016 nutzen, um kleine Datenbanken f\u00fcr die pers\u00f6nliche Nutzung zu erstellen, ebenso wie umfangreiche Projekte in Unternehmen. Indem Sie Microsoft Access 2016 mit Produkten wie Office 365 und\/oder SharePoint verbinden, teilen Sie Ihre fertigen Datenbanken mit anderen Anwendern und Mitarbeitern &#8211; schnell, unkompliziert und an jedem beliebigen Ort.<\/p>\n<p><strong>Effiziente Datenbankverwaltung mit Microsoft Access 2016<\/strong><\/p>\n<p>Durch MS Access 2016, das ein Teil des Office-Pakets ist, erstellen Sie Datenbanken, Formulare oder auch umfangreiche Berichte. Dazu w\u00e4hlen Sie aus einer gro\u00dfen Anzahl von Vorlagen, die mit Microsoft Access 2016 ausgeliefert werden, die f\u00fcr Sie richtige Schablone (wie beispielsweise Kontaktdatenbanken, Aufgabenverwaltung, Problemverfolgung oder Projektmanagement). Alternativ erstellen Sie in Microsoft Access 2016 eine leere, komplett nach Ihren eigenen Anforderungen generierte Datenbank, die Sie frei individualisieren k\u00f6nnen.<\/p>\n<p>Verlieren Sie beispielsweise umfangreiche Kunden-Kontaktdaten nie aus den Augen, indem Sie Ihren Gesch\u00e4ftspartnern in Access 2016 Fotos, Telefonnummern, E-Mail-Adressen und weitere Daten zuweisen. Alle f\u00fcr Ihren Alltag relevanten Daten verwalten Sie in MS Access 2016 intuitiv, schnell und \u00fcbersichtlich. Erstellen Sie \u00e4hnlich wie in Excel Tabellen, die alle f\u00fcr Sie wichtigen Daten enthalten und f\u00fcgen Sie Informationen aus Fotos oder PDF-Dateien mit wenigen Mausklicks in das Datenbankprogramm ein.<\/p>\n<p><strong>Wichtige Funktionen in Microsoft Access 2016:<\/strong><\/p>\n<ul>\n<li>Verwalten Sie Datenbanken jeglicher Art: von Projekten \u00fcber Aufgabenlisten und Kontaktdatenbanken bis zur Erfassung von Verm\u00f6genswerten oder der Nachverfolgung von Warenbest\u00e4nden.<\/li>\n<li>Nutzen Sie eine bekannte, aus anderen Office-Produkten etablierte Oberfl\u00e4che bei der Arbeit mit MS Access 2016.<\/li>\n<li>Teilen Sie Ihre Datenbanken und arbeiten Sie gemeinsam mit Kollegen an Dokumenten \u00fcber Office 365- oder SharePoint-Anbindung f\u00fcr das gesamte Datenbankprogramm.<\/li>\n<li>Generieren Sie relevante Datenbanktypen innerhalb weniger Sekunden durch die Integration neuer Vorlagentypen, welche die meisten Anwendungsf\u00e4lle abdecken.<\/li>\n<li>Importieren Sie vorhandene Datens\u00e4tze und f\u00fcgen Sie sie in das Datenbankprogramm ein &#8211; aus Fotos, PDF-Dateien, Excel-Dokumenten, SQL-Datenbanken und vergleichbaren Quellen.<\/li>\n<li>Verwenden Sie Access 2016, um sowohl kurze Berichte zusammenzufassen als auch umfangreiche, f\u00fcr den allt\u00e4glichen Ablauf wichtige Datenbanken zu erstellen und zu verwalten.<\/li>\n<\/ul>\n<p><strong>Individuelle Web-Access-Apps in MS Access 2016<\/strong><\/p>\n<p>Sollten Sie auf die Mitarbeit mit Ihren Kollegen angewiesen sein, erstellen Sie mit Access 2016 ganz einfach leistungsstarke Web-Access-Apps: Komplette Datenbankstrukturen und alle notwendigen Formulare, um Daten hinzuzuf\u00fcgen oder zu bearbeiten, sind in diesen Apps in MS Access 2016 ebenso integriert wie die von der Desktop-Software bekannten Bearbeitungsbefehle. Diese \u00fcber das Internet lauff\u00e4higen Apps funktionieren in jedem beliebigen Browser &#8211; auch wenn Access 2016 nicht auf dem Ger\u00e4t des Empf\u00e4ngers der Datenbank-App installiert ist.<\/p>\n<p>Microsoft Access 2016 realisiert dies \u00fcber eine Anbindung an Office 365 und\/oder SharePoint, von wo aus Sie gemeinsam mit Kollegen mit diesem Datenbankprogramm arbeiten k\u00f6nnen. Indem Ihnen Access 2016 dieselbe Benutzeroberfl\u00e4che bietet wie andere Anwendungen aus der Office 2016-Serie, wird Ihnen die Erstellung neuer Datenbanken innerhalb weniger Minuten gelingen. Sie m\u00f6chten existierende Datenbanken in Microsoft Access 2016 einf\u00fcgen? Das Datenbankprogramm erlaubt den Import aus Excel-Dokumenten oder SQL-Datenbanken f\u00fcr genau diesen Einsatzzweck.<\/p>\n","protected":false},"excerpt":{"rendered":"<p>Microsoft Access 2016 ist ein umfangreiches Datenbankprogramm, mit dem Sie Daten erfassen, verwalten und anschlie\u00dfend entweder offline oder online ver\u00f6ffentlichen. Sie k\u00f6nnen Access 2016 nutzen, um kleine Datenbanken f\u00fcr die pers\u00f6nliche Nutzung zu erstellen, ebenso wie umfangreiche Projekte in Unternehmen. Indem Sie Microsoft Access 2016 mit Produkten wie Office 365 und\/oder SharePoint verbinden, teilen Sie [&hellip;]<\/p>\n","protected":false},"featured_media":1875,"comment_status":"open","ping_status":"closed","template":"","meta":{"_acf_changed":false},"product_cat":[157],"product_tag":[],"acf":[],"jetpack_sharing_enabled":true,"_links":{"self":[{"href":"http:\/\/pc-direkthandel.de\/wordpress\/wp-json\/wp\/v2\/product\/1874"}],"collection":[{"href":"http:\/\/pc-direkthandel.de\/wordpress\/wp-json\/wp\/v2\/product"}],"about":[{"href":"http:\/\/pc-direkthandel.de\/wordpress\/wp-json\/wp\/v2\/types\/product"}],"replies":[{"embeddable":true,"href":"http:\/\/pc-direkthandel.de\/wordpress\/wp-json\/wp\/v2\/comments?post=1874"}],"wp:featuredmedia":[{"embeddable":true,"href":"http:\/\/pc-direkthandel.de\/wordpress\/wp-json\/wp\/v2\/media\/1875"}],"wp:attachment":[{"href":"http:\/\/pc-direkthandel.de\/wordpress\/wp-json\/wp\/v2\/media?parent=1874"}],"wp:term":[{"taxonomy":"product_cat","embeddable":true,"href":"http:\/\/pc-direkthandel.de\/wordpress\/wp-json\/wp\/v2\/product_cat?post=1874"},{"taxonomy":"product_tag","embeddable":true,"href":"http:\/\/pc-direkthandel.de\/wordpress\/wp-json\/wp\/v2\/product_tag?post=1874"}],"curies":[{"name":"wp","href":"https:\/\/api.w.org\/{rel}","templated":true}]}}